{"id":960,"date":"2011-03-10T20:41:19","date_gmt":"2011-03-10T20:41:19","guid":{"rendered":"http:\/\/www.anatra.cz\/?page_id=960"},"modified":"2020-06-12T15:50:22","modified_gmt":"2020-06-12T14:50:22","slug":"dezinfekce","status":"publish","type":"page","link":"https:\/\/anatra.cz\/?page_id=960","title":{"rendered":"Dezinfekce"},"content":{"rendered":"<h3><span style=\"text-decoration: underline;\">Nab\u00edz\u00edme v\u00fdrobky t\u011bchto firem:<\/span><\/h3>\n<p><b>ECOLAB HYGIENE,\u00a0<\/b><\/p>\n","protected":false},"excerpt":{"rendered":"<p>Nab\u00edz\u00edme v\u00fdrobky t\u011bchto firem: ECOLAB HYGIENE,\u00a0<\/p>\n","protected":false},"author":1,"featured_media":0,"parent":429,"menu_order":2,"comment_status":"closed","ping_status":"closed","template":"","meta":{"footnotes":""},"class_list":["post-960","page","type-page","status-publish","hentry"],"_links":{"self":[{"href":"https:\/\/anatra.cz\/index.php?rest_route=\/wp\/v2\/pages\/960","targetHints":{"allow":["GET"]}}],"collection":[{"href":"https:\/\/anatra.cz\/index.php?rest_route=\/wp\/v2\/pages"}],"about":[{"href":"https:\/\/anatra.cz\/index.php?rest_route=\/wp\/v2\/types\/page"}],"author":[{"embeddable":true,"href":"https:\/\/anatra.cz\/index.php?rest_route=\/wp\/v2\/users\/1"}],"replies":[{"embeddable":true,"href":"https:\/\/anatra.cz\/index.php?rest_route=%2Fwp%2Fv2%2Fcomments&post=960"}],"version-history":[{"count":33,"href":"https:\/\/anatra.cz\/index.php?rest_route=\/wp\/v2\/pages\/960\/revisions"}],"predecessor-version":[{"id":5229,"href":"https:\/\/anatra.cz\/index.php?rest_route=\/wp\/v2\/pages\/960\/revisions\/5229"}],"up":[{"embeddable":true,"href":"https:\/\/anatra.cz\/index.php?rest_route=\/wp\/v2\/pages\/429"}],"wp:attachment":[{"href":"https:\/\/anatra.cz\/index.php?rest_route=%2Fwp%2Fv2%2Fmedia&parent=960"}],"curies":[{"name":"wp","href":"https:\/\/api.w.org\/{rel}","templated":true}]}}