{"id":958,"date":"2011-03-10T20:35:10","date_gmt":"2011-03-10T20:35:10","guid":{"rendered":"http:\/\/www.anatra.cz\/?page_id=958"},"modified":"2020-07-25T14:50:56","modified_gmt":"2020-07-25T13:50:56","slug":"tekuta-mydla","status":"publish","type":"page","link":"https:\/\/anatra.cz\/?page_id=958","title":{"rendered":"Tekut\u00e1 m\u00fddla"},"content":{"rendered":"<h3>VAKAVO HERBAL tekut\u00e9 m\u00fddlo<\/h3>\n<p style=\"text-align: left;\"><a href=\"http:\/\/www.anatra.cz\/wp-content\/uploads\/Vakavo_love_herbal_5l.png\"><img decoding=\"async\" class=\"alignleft wp-image-5231 \" title=\"VAKAVO HERBAL tekut\u00e9 m\u00fddlo \" src=\"http:\/\/www.anatra.cz\/wp-content\/uploads\/Vakavo_love_herbal_5l-202x300.png\" alt=\"VAKAVO HERBAL tekut\u00e9 m\u00fddlo \" width=\"133\" height=\"197\" srcset=\"https:\/\/anatra.cz\/wp-content\/uploads\/Vakavo_love_herbal_5l-202x300.png 202w, https:\/\/anatra.cz\/wp-content\/uploads\/Vakavo_love_herbal_5l.png 690w\" sizes=\"(max-width: 133px) 100vw, 133px\" \/><\/a><\/p>\n<p>&nbsp;<\/p>\n<p style=\"text-align: left;\">Balen\u00ed: 5 l<\/p>\n<p>&nbsp;<\/p>\n<p style=\"text-align: justify;\">Tekut\u00e9 m\u00fddlo s uklid\u0148uj\u00edc\u00ed v\u016fn\u00ed kv\u011btin a bylin pro ka\u017edodenn\u00ed pou\u017e\u00edv\u00e1n\u00ed. V\u00fdrobek je dermatologicky p\u0159\u00edzniv\u00fd a dlouhodob\u011b obl\u00edben\u00fd pro svou kvalitu a cenovou dostupnost. Velk\u00e9 balen\u00ed je vhodn\u00e9 zejm\u00e9na pro pln\u011bn\u00ed d\u00e1vkova\u010d\u016f tekut\u00fdch m\u00fddel CN.\u200b<\/p>\n<hr \/>\n<h3>VAKAVO INTENSIVE tekut\u00e9 m\u00fddlo<\/h3>\n<p><a href=\"http:\/\/www.anatra.cz\/wp-content\/uploads\/Vakavo_love_intensive_5l.png\"><img decoding=\"async\" class=\"alignleft wp-image-5233\" src=\"http:\/\/www.anatra.cz\/wp-content\/uploads\/Vakavo_love_intensive_5l-210x300.png\" alt=\"VAKAVO INTENSIVE tekut\u00e9 m\u00fddlo\" width=\"133\" height=\"197\" \/><\/a><\/p>\n<p>&nbsp;<\/p>\n<p style=\"text-align: left;\">Balen\u00ed: 5 l<\/p>\n<p>&nbsp;<\/p>\n<p style=\"text-align: justify;\">Tekut\u00e9 m\u00fddlo s p\u0159\u00edjemnou, dlouhotrvaj\u00edc\u00ed v\u016fn\u00ed t\u0159e\u0161n\u00ed a c\u00edlen\u011b vybran\u00fdmi \u0161etrn\u00fdmi tenzidy pro ka\u017edodenn\u00ed pou\u017e\u00edv\u00e1n\u00ed. V\u00fdrobek je dermatologicky p\u0159\u00edzniv\u00fd a dlouhodob\u011b obl\u00edben\u00fd pro svou kvalitu a cenovou dostupnost. Velk\u00e9 balen\u00ed je vhodn\u00e9 zejm\u00e9na pro pln\u011bn\u00ed d\u00e1vkova\u010d\u016f tekut\u00fdch m\u00fddel CN.\u200b<\/p>\n<hr \/>\n<h3>VAKAVO OCEAN tekut\u00e9 m\u00fddlo<\/h3>\n<p><a href=\"http:\/\/www.anatra.cz\/wp-content\/uploads\/Vakavo_love_ocean_5l.png\"><img decoding=\"async\" class=\"alignleft size-medium wp-image-5235\" src=\"http:\/\/www.anatra.cz\/wp-content\/uploads\/Vakavo_love_ocean_5l-214x300.png\" alt=\"VAKAVO LOVE OCEAN tekut\u00e9 m\u00fddlo\" width=\"133\" height=\"197\" \/><\/a><br \/>\n<a href=\"http:\/\/www.anatra.cz\/wp-content\/uploads\/Vakavo_love_ocean_5L_sacek.png\"><img decoding=\"async\" class=\"alignleft size-medium wp-image-5236\" src=\"http:\/\/www.anatra.cz\/wp-content\/uploads\/Vakavo_love_ocean_5L_sacek-253x300.png\" alt=\"Vakavo love ocean 5 l sacek\" width=\"133\" height=\"197\" \/><\/a><br \/>\n<a href=\"http:\/\/www.anatra.cz\/wp-content\/uploads\/ocran_10-l.png\"><img decoding=\"async\" class=\"alignleft wp-image-5237\" src=\"http:\/\/www.anatra.cz\/wp-content\/uploads\/ocran_10-l.png\" alt=\"Vakavo love ocean 10 l\" width=\"133\" height=\"197\" \/><\/a><\/p>\n<p style=\"text-align: left;\">Balen\u00ed: 5 l kan, 5 l s\u00e1\u010dek a 10 l<\/p>\n<p style=\"text-align: justify;\">Tekut\u00e9 m\u00fddlo s p\u0159\u00edjemnou, sv\u011b\u017e\u00ed v\u016fn\u00ed mo\u0159e a c\u00edlen\u011b vybran\u00fdmi \u0161etrn\u00fdmi tenzidy pro ka\u017edodenn\u00ed pou\u017e\u00edv\u00e1n\u00ed. V\u00fdrobek je dermatologicky p\u0159\u00edzniv\u00fd a v p\u0159\u00edrod\u011b lehce odbourateln\u00fd.<\/p>\n<hr \/>\n<h3>ISOLDA NEUTRAL tekut\u00e9 m\u00fddlo bez parf\u00e9m\u016f a barviv<\/h3>\n<p><a href=\"http:\/\/www.anatra.cz\/wp-content\/uploads\/isolda_neutral_500ml_medispender.png\"><img decoding=\"async\" class=\"alignleft size-medium wp-image-5242\" src=\"http:\/\/www.anatra.cz\/wp-content\/uploads\/isolda_neutral_500ml_medispender-131x300.png\" alt=\"\" width=\"75\" height=\"197\" \/><\/a> <a href=\"http:\/\/www.anatra.cz\/wp-content\/uploads\/Isolda_neutral_5l.png\"><img decoding=\"async\" class=\"alignleft size-medium wp-image-5241\" src=\"http:\/\/www.anatra.cz\/wp-content\/uploads\/Isolda_neutral_5l-238x300.png\" alt=\"\" width=\"133\" height=\"197\" \/><\/a><\/p>\n<p>&nbsp;<\/p>\n<p style=\"text-align: left;\">Balen\u00ed: 500 ml medispender, 5 l<\/p>\n<p style=\"text-align: justify;\">Tekut\u00e9 m\u00fddlo bez barviv a parf\u00e9mu. M\u00fddlo ur\u010den\u00e9 pro provozy, kde jsou tyto p\u0159\u00edsady ne\u017e\u00e1douc\u00ed. Jedn\u00e1 se zejm\u00e9na o potravin\u00e1\u0159sk\u00fd pr\u016fmysl. M\u00fddlo je ur\u010deno pro ka\u017edodenn\u00ed p\u00e9\u010di. Dermatologicky p\u0159\u00edzniv\u00e9, s obsahem s\u00f3jov\u00e9ho ml\u00e9ka.\u200b<\/p>\n<hr \/>\n<h3>ISOLDA tekut\u00e9 m\u00fddlo s antibakteri\u00e1ln\u00ed p\u0159\u00edsadou<\/h3>\n<p><a href=\"http:\/\/www.anatra.cz\/wp-content\/uploads\/Isolda_tekute_mydlo_s_antibakterialni_prisadou_500ml.png\"><img decoding=\"async\" class=\"alignleft size-medium wp-image-5270\" src=\"http:\/\/www.anatra.cz\/wp-content\/uploads\/Isolda_tekute_mydlo_s_antibakterialni_prisadou_500ml-139x300.png\" alt=\"\" width=\"75\" height=\"197\" \/><\/a> <a href=\"http:\/\/www.anatra.cz\/wp-content\/uploads\/Isolda_tekute_mydlo_s_antibakterialni_prisadou_500ml_medispender.png\"><img decoding=\"async\" class=\"alignleft size-medium wp-image-5271\" src=\"http:\/\/www.anatra.cz\/wp-content\/uploads\/Isolda_tekute_mydlo_s_antibakterialni_prisadou_500ml_medispender-131x300.png\" alt=\"\" width=\"75\" height=\"197\" \/><\/a> <a href=\"http:\/\/www.anatra.cz\/wp-content\/uploads\/Isolda_tekute_mydlo_s_antibakterialni_prisadou_5l.png\"><img decoding=\"async\" class=\"alignleft size-medium wp-image-5269\" src=\"http:\/\/www.anatra.cz\/wp-content\/uploads\/Isolda_tekute_mydlo_s_antibakterialni_prisadou_5l-238x300.png\" alt=\"\" width=\"133\" height=\"197\" \/><\/a><\/p>\n<p>&nbsp;<\/p>\n<p style=\"text-align: left;\">Balen\u00ed: 500 ml click&amp;go, 500 ml medispender, 5 l<\/p>\n<p style=\"text-align: justify;\">Tekut\u00e9 m\u00fddlo s antibakteri\u00e1ln\u00ed p\u0159\u00edsadou k b\u011b\u017en\u00e9 a preventivn\u00ed hygien\u011b rukou. Vyv\u00e1\u017een\u00e1 receptura s extraktem \u0161alv\u011bje a chlorhexidin glukon\u00e1tem m\u00e1 v\u00fdbornou derm\u00e1ln\u00ed sn\u00e1\u0161enlivost\u00ed a p\u0159edur\u010duj\u00ed toto m\u00fddlo pro nejn\u00e1ro\u010dn\u011bj\u0161\u00edho spot\u0159ebitele. M\u00fddlo je decentn\u011b parfemov\u00e1no.\u200b<\/p>\n<p style=\"text-align: justify;\">M\u00fddla jsou p\u0159\u00edmo ur\u010dena preventivn\u00ed hygien\u011b rukou a to d\u00edky vysok\u00e9mu obsahu l\u00e1tek s v\u0161eobecn\u011b zn\u00e1m\u00fdm antibakteri\u00e1ln\u00edm \u00fa\u010dinkem jako je nap\u0159\u00edklad extrakt \u0161alv\u011bje l\u00e9ka\u0159sk\u00e9 a dal\u0161\u00ed. Vyv\u00e1\u017een\u00e1 receptura zaji\u0161\u0165uje p\u0159\u00edjemn\u00fd pocit zv\u00fd\u0161en\u00e9ho myc\u00edho \u00fa\u010dinku a z\u00e1rove\u0148 dokonal\u00e9 p\u00e9\u010de o poko\u017eku.\u200b<\/p>\n<hr \/>\n<h3>TORK Premium tekut\u00e9 m\u00fddlo extra jemn\u00e9 420701<\/h3>\n<p style=\"text-align: left;\"><a href=\"http:\/\/www.anatra.cz\/wp-content\/uploads\/Tork-420701.jpg\"><img decoding=\"async\" class=\"alignleft size-thumbnail wp-image-659\" title=\"Tork 420701\" src=\"http:\/\/www.anatra.cz\/wp-content\/uploads\/Tork-420701-150x121.jpg\" alt=\"\" width=\"120\" height=\"120\" \/><\/a><\/p>\n<p>&nbsp;<\/p>\n<p style=\"text-align: left;\">Obsah: 1000 ml<\/p>\n<p style=\"text-align: left;\">D\u00e1vek: 1000<\/p>\n<p style=\"text-align: left;\">Balen\u00ed: 6 ks\/ktn<\/p>\n<p style=\"text-align: left;\">Vhodn\u00e9 pro \u010dast\u00e9 myt\u00ed rukou<\/p>\n<hr \/>\n<h3>TORK d\u00e1vkova\u010d na tekut\u00e9 m\u00fddlo<\/h3>\n<p style=\"text-align: left;\"><a href=\"http:\/\/www.anatra.cz\/wp-content\/uploads\/TORK-560008.jpg\"><img decoding=\"async\" class=\"alignleft size-full wp-image-1111\" title=\"TORK 560008\" src=\"http:\/\/www.anatra.cz\/wp-content\/uploads\/TORK-560008.jpg\" alt=\"\" width=\"100\" height=\"170\" \/><\/a><\/p>\n<p>&nbsp;<\/p>\n<p style=\"text-align: left;\">560000 b\u00edl\u00fd, 560008 \u010dern\u00fd<\/p>\n<p style=\"text-align: left;\">Objem: 1000 ml<\/p>\n<p style=\"text-align: left;\">Rozm\u011br: 29,1 x 11,2 x 11,4 cm (V x \u0160 X H)<\/p>\n<p>&nbsp;<\/p>\n<hr \/>\n<h3>Tekut\u00e9 m\u00fddlo MITIA<\/h3>\n<p style=\"text-align: left;\"><a href=\"http:\/\/www.anatra.cz\/wp-content\/uploads\/MITIA.jpg\"><img decoding=\"async\" class=\"alignleft size-thumbnail wp-image-659\" title=\"MITIA\" src=\"http:\/\/www.anatra.cz\/wp-content\/uploads\/MITIA.jpg\" alt=\"\" width=\"120\" height=\"120\" \/><\/a><\/p>\n<p>&nbsp;<\/p>\n<p style=\"text-align: left;\">Obsah: 5 litr\u016f<\/p>\n<p style=\"text-align: left;\">Jarn\u00ed kv\u011bty, Oce\u00e1n, Jablko<\/p>\n<p style=\"text-align: left;\">Balen\u00ed: 3 x 5 l\/ktn<\/p>\n<p style=\"text-align: left;\">Vhodn\u00e9 pro \u010dast\u00e9 myt\u00ed rukou<\/p>\n<hr \/>\n<h3>Tekut\u00e9 m\u00fddlo VIONE s glycerinem<\/h3>\n<p style=\"text-align: left;\"><a href=\"http:\/\/www.anatra.cz\/wp-content\/uploads\/vione-modr\u00e9.jpg\"><img decoding=\"async\" class=\"alignleft size-thumbnail wp-image-659\" title=\"MITIA\" src=\"http:\/\/www.anatra.cz\/wp-content\/uploads\/vione-modr\u00e9.jpg\" alt=\"\" width=\"80\" height=\"120\" \/><\/a><\/p>\n<p>&nbsp;<\/p>\n<p style=\"text-align: left;\">Obsah: 5 litr\u016f<\/p>\n<p style=\"text-align: left;\">Modr\u00e9, b\u00edl\u00e9 \u010derven\u00e9<\/p>\n<p style=\"text-align: left;\">Balen\u00ed: 5 litr\u016f<\/p>\n<p style=\"text-align: left;\">Vhodn\u00e9 pro \u010dast\u00e9 myt\u00ed rukou<\/p>\n<hr \/>\n","protected":false},"excerpt":{"rendered":"<p>VAKAVO HERBAL tekut\u00e9 m\u00fddlo &nbsp; Balen\u00ed: 5 l &nbsp; Tekut\u00e9 m\u00fddlo s uklid\u0148uj\u00edc\u00ed v\u016fn\u00ed kv\u011btin a bylin pro ka\u017edodenn\u00ed pou\u017e\u00edv\u00e1n\u00ed. V\u00fdrobek je dermatologicky p\u0159\u00edzniv\u00fd a dlouhodob\u011b obl\u00edben\u00fd pro svou kvalitu a cenovou dostupnost. Velk\u00e9 balen\u00ed je vhodn\u00e9 zejm\u00e9na pro pln\u011bn\u00ed d\u00e1vkova\u010d\u016f tekut\u00fdch m\u00fddel CN.\u200b VAKAVO INTENSIVE tekut\u00e9 m\u00fddlo &nbsp; Balen\u00ed: 5 l &nbsp; Tekut\u00e9 m\u00fddlo <a href=\"https:\/\/anatra.cz\/?page_id=958\" rel=\"nofollow\"><span class=\"sr-only\">P\u0159e\u010d\u00edst si v\u00edc oTekut\u00e1 m\u00fddla<\/span>[&#8230;]<\/a><\/p>\n","protected":false},"author":1,"featured_media":0,"parent":429,"menu_order":1,"comment_status":"closed","ping_status":"closed","template":"","meta":{"footnotes":""},"class_list":["post-958","page","type-page","status-publish","hentry"],"_links":{"self":[{"href":"https:\/\/anatra.cz\/index.php?rest_route=\/wp\/v2\/pages\/958","targetHints":{"allow":["GET"]}}],"collection":[{"href":"https:\/\/anatra.cz\/index.php?rest_route=\/wp\/v2\/pages"}],"about":[{"href":"https:\/\/anatra.cz\/index.php?rest_route=\/wp\/v2\/types\/page"}],"author":[{"embeddable":true,"href":"https:\/\/anatra.cz\/index.php?rest_route=\/wp\/v2\/users\/1"}],"replies":[{"embeddable":true,"href":"https:\/\/anatra.cz\/index.php?rest_route=%2Fwp%2Fv2%2Fcomments&post=958"}],"version-history":[{"count":56,"href":"https:\/\/anatra.cz\/index.php?rest_route=\/wp\/v2\/pages\/958\/revisions"}],"predecessor-version":[{"id":5608,"href":"https:\/\/anatra.cz\/index.php?rest_route=\/wp\/v2\/pages\/958\/revisions\/5608"}],"up":[{"embeddable":true,"href":"https:\/\/anatra.cz\/index.php?rest_route=\/wp\/v2\/pages\/429"}],"wp:attachment":[{"href":"https:\/\/anatra.cz\/index.php?rest_route=%2Fwp%2Fv2%2Fmedia&parent=958"}],"curies":[{"name":"wp","href":"https:\/\/api.w.org\/{rel}","templated":true}]}}