{"id":89,"date":"2010-07-02T18:52:16","date_gmt":"2010-07-02T18:52:16","guid":{"rendered":"http:\/\/www.anatra.cz\/?page_id=89"},"modified":"2015-12-31T11:42:52","modified_gmt":"2015-12-31T10:42:52","slug":"zasobniky","status":"publish","type":"page","link":"https:\/\/anatra.cz\/?page_id=89","title":{"rendered":"Z\u00e1sobn\u00edky"},"content":{"rendered":"<h3>551000 TORK z\u00e1sobn\u00edk na pap\u00edrov\u00e9 ru\u010dn\u00edky v roli b\u00edl\u00fd<\/h3>\n<p><a href=\"http:\/\/www.anatra.cz\/wp-content\/uploads\/Tork_na_rucnik_v_roli_bily.jpg\"><img decoding=\"async\" class=\"alignleft size-full wp-image-1835\" title=\"Tork_na_rucnik_v_roli_bily\" src=\"http:\/\/www.anatra.cz\/wp-content\/uploads\/Tork_na_rucnik_v_roli_bily.jpg\" alt=\"\" width=\"110\" height=\"150\" \/><\/a><\/p>\n<p>&nbsp;<\/p>\n<p style=\"text-align: left;\">Materi\u00e1l: plast<\/p>\n<p style=\"text-align: left;\">Barva: b\u00edl\u00e1<\/p>\n<p style=\"text-align: left;\">V\u00fd\u0161ka: 372 mm<\/p>\n<p style=\"text-align: left;\">\u0160\u00ed\u0159ka: 337 mm<\/p>\n<p style=\"text-align: left;\">Hloubka: 203 mm<\/p>\n<p>&nbsp;<\/p>\n<p>&nbsp;<\/p>\n<hr \/>\n<h3>511008 TORK z\u00e1sobn\u00edk na pap\u00edrov\u00e9 ru\u010dn\u00edky v roli \u010dern\u00fd<\/h3>\n<p><a href=\"http:\/\/www.anatra.cz\/wp-content\/uploads\/Tork_na_rucnik_v_roli_cerny.jpg\"><img decoding=\"async\" class=\"alignleft size-full wp-image-1833\" title=\"Tork_na_rucnik_v_roli_cerny\" src=\"http:\/\/www.anatra.cz\/wp-content\/uploads\/Tork_na_rucnik_v_roli_cerny.jpg\" alt=\"\" width=\"110\" height=\"150\" \/><\/a><\/p>\n<p>&nbsp;<\/p>\n<p style=\"text-align: left;\">Materi\u00e1l: plast<\/p>\n<p style=\"text-align: left;\">Barva: \u010dern\u00e1<\/p>\n<p style=\"text-align: left;\">V\u00fd\u0161ka: 372 mm<\/p>\n<p style=\"text-align: left;\">\u0160\u00ed\u0159ka: 337 mm<\/p>\n<p style=\"text-align: left;\">Hloubka: 203 mm<\/p>\n<p>&nbsp;<\/p>\n<p>&nbsp;<\/p>\n<hr \/>\n<h3>459000 TORK z\u00e1sobn\u00edk na pap\u00edrov\u00e9 ru\u010dn\u00edky v roli hlin\u00edkov\u00fd<\/h3>\n<p><a href=\"http:\/\/www.anatra.cz\/wp-content\/uploads\/Tork_na_rucnik_v_roli_hlinik.jpg\"><img decoding=\"async\" class=\"alignleft size-full wp-image-1832\" title=\"Tork_na_rucnik_v_roli_hlinik\" src=\"http:\/\/www.anatra.cz\/wp-content\/uploads\/Tork_na_rucnik_v_roli_hlinik.jpg\" alt=\"\" width=\"110\" height=\"150\" \/><\/a><\/p>\n<p>&nbsp;<\/p>\n<p style=\"text-align: left;\">Materi\u00e1l: kov\/plast<\/p>\n<p style=\"text-align: left;\">Barva: hlin\u00edk\/\u0161ed\u00e1<\/p>\n<p style=\"text-align: left;\">V\u00fd\u0161ka: 432 mm<\/p>\n<p style=\"text-align: left;\">\u0160\u00ed\u0159ka: 326 mm<\/p>\n<p style=\"text-align: left;\">Hloubka: 223 mm<\/p>\n<p>&nbsp;<\/p>\n<p>&nbsp;<\/p>\n<hr \/>\n<h3>Katrin z\u00e1sobn\u00edk na tekut\u00e9 m\u00fddlo s tankem (dol\u00e9vac\u00ed)<\/h3>\n<p style=\"text-align: left;\"><a href=\"http:\/\/www.anatra.cz\/wp-content\/uploads\/Z\u00e1sobn\u00edk-na-tekut\u00e1-m\u00fddla.jpg\"><img decoding=\"async\" class=\"alignleft size-full wp-image-454\" title=\"Z\u00e1sobn\u00edk na tekut\u00e1 m\u00fddla\" src=\"http:\/\/www.anatra.cz\/wp-content\/uploads\/Z\u00e1sobn\u00edk-na-tekut\u00e1-m\u00fddla.jpg\" alt=\"95362 a 95367 z\u00e1sobn\u00edk na tekut\u00e1 m\u00fddla\" width=\"78\" height=\"88\" \/><\/a><\/p>\n<p style=\"text-align: left;\"><strong>95360<\/strong> z\u00e1sobn\u00edk s kapacitou 1000 ml m\u00fddla<\/p>\n<p style=\"text-align: left;\">Rozm\u011br: 275 x 100 x 112 mm (V x \u0160 x H)<\/p>\n<p style=\"text-align: left;\"><strong>95365<\/strong> z\u00e1sobn\u00edk s kapacitou 500 ml m\u00fddla<\/p>\n<p style=\"text-align: left;\">Rozm\u011br: 194 x 100 x 112 mm (V x \u0160 x H)<\/p>\n<p style=\"text-align: left;\">Pro v\u0161echny typy tekut\u00fdch m\u00fddel Katrin<\/p>\n<p>&nbsp;<\/p>\n<hr \/>\n<h3>Katrin z\u00e1sobn\u00edk na p\u011bnov\u00e9 m\u00fddlo<\/h3>\n<p style=\"text-align: left;\"><a href=\"http:\/\/www.anatra.cz\/wp-content\/uploads\/Z\u00e1sobn\u00edk-na-tekut\u00e1-m\u00fddla1.jpg\"><img decoding=\"async\" class=\"alignleft size-full wp-image-455\" title=\"Z\u00e1sobn\u00edk na p\u011bnov\u00e9 m\u00fddlo\" src=\"http:\/\/www.anatra.cz\/wp-content\/uploads\/Z\u00e1sobn\u00edk-na-tekut\u00e1-m\u00fddla1.jpg\" alt=\"95361 a 95366 z\u00e1sobn\u00edk na p\u0161nov\u00e9 m\u00fddlo\" width=\"78\" height=\"88\" \/><\/a><\/p>\n<p style=\"text-align: left;\"><strong>95361<\/strong> z\u00e1sobn\u00edk s kapacitou 1000 ml m\u00fddla<\/p>\n<p style=\"text-align: left;\">Rozm\u011br: 275 x 100 x 112 mm (V x \u0160 x H)<\/p>\n<p style=\"text-align: left;\"><strong>95366<\/strong> z\u00e1sobn\u00edk s kapacitou 500 ml m\u00fddla<\/p>\n<p style=\"text-align: left;\">Rozm\u011br: 194 x 100 x 112 mm (V x \u0160 x H)<\/p>\n<p style=\"text-align: left;\">Pro p\u011bnov\u00e9 m\u00fddlo Katrin <strong>95410<\/strong> a <strong>95425<\/strong>, pro p\u011bnu na desinfekci WC sed\u00e1tek <strong>95430<\/strong><\/p>\n<p>&nbsp;<\/p>\n<hr \/>\n<h3>95310 Z\u00e1sobn\u00edk Katrin na skl\u00e1dan\u00e9 pap\u00edrov\u00e9 ru\u010dn\u00edky men\u0161\u00ed<\/h3>\n<p><a href=\"http:\/\/www.anatra.cz\/wp-content\/uploads\/Katrin_ZZ_mal\u00fd.jpg\"><img decoding=\"async\" class=\"alignleft size-full wp-image-283\" title=\"Katrin_ZZ_mal\u00fd\" src=\"http:\/\/www.anatra.cz\/wp-content\/uploads\/Katrin_ZZ_mal\u00fd.jpg\" alt=\"Katrin 95310\" width=\"100\" height=\"86\" \/><\/a><\/p>\n<p>&nbsp;<\/p>\n<p style=\"text-align: left;\">ABS plast<\/p>\n<p style=\"text-align: left;\">men\u0161\u00ed z\u00e1sobn\u00edk<\/p>\n<p style=\"text-align: left;\">rozm\u011br 259 x 305 x 132 mm<\/p>\n<p style=\"text-align: left;\">optick\u00e1 kontrola stavu pap\u00edru<\/p>\n<p>&nbsp;<\/p>\n<hr \/>\n<h3>95315 Z\u00e1sobn\u00edk Katrin na skl\u00e1dan\u00e9 pap\u00edrov\u00e9 ru\u010dn\u00edky st\u0159edn\u00ed<\/h3>\n<p><a href=\"http:\/\/www.anatra.cz\/wp-content\/uploads\/Katrin_ZZ_st\u0159edn\u00ed.jpg\"><img decoding=\"async\" class=\"alignleft size-full wp-image-284\" title=\"Katrin_ZZ_st\u0159edn\u00ed\" src=\"http:\/\/www.anatra.cz\/wp-content\/uploads\/Katrin_ZZ_st\u0159edn\u00ed.jpg\" alt=\"Katrin 95315\" width=\"88\" height=\"120\" \/><\/a><\/p>\n<p>&nbsp;<\/p>\n<p style=\"text-align: left;\">ABS plast<\/p>\n<p style=\"text-align: left;\">st\u0159edn\u00ed z\u00e1sobn\u00edk<\/p>\n<p style=\"text-align: left;\">rozm\u011br 389 x 305 x 132 mm<\/p>\n<p style=\"text-align: left;\">optick\u00e1 kontrola stavu pap\u00edru<\/p>\n<p>&nbsp;<\/p>\n<p>&nbsp;<\/p>\n<hr \/>\n<h3>95320 Z\u00e1sobn\u00edk Katrin na skl\u00e1dan\u00e9 pap\u00edrov\u00e9 ru\u010dn\u00edky v\u011bt\u0161\u00ed<\/h3>\n<p><a href=\"http:\/\/www.anatra.cz\/wp-content\/uploads\/Katrin_ZZ_velk\u00fd.jpg\"><img decoding=\"async\" class=\"alignleft size-full wp-image-285\" title=\"Katrin_ZZ_velk\u00fd\" src=\"http:\/\/www.anatra.cz\/wp-content\/uploads\/Katrin_ZZ_velk\u00fd.jpg\" alt=\"Katrin 95320\" width=\"72\" height=\"120\" \/><\/a><\/p>\n<p>&nbsp;<\/p>\n<p style=\"text-align: left;\">ABS plast<\/p>\n<p style=\"text-align: left;\">v\u011bt\u0161\u00ed z\u00e1sobn\u00edk<\/p>\n<p style=\"text-align: left;\">rozm\u011br 519 x 305 x 132 mm<\/p>\n<p style=\"text-align: left;\">optick\u00e1 kontrola stavu pap\u00edru<\/p>\n<p>&nbsp;<\/p>\n<p>&nbsp;<\/p>\n<hr \/>\n<h3>98810 Z\u00e1sobn\u00edk Katrin na skl\u00e1dan\u00e9 pap\u00edrov\u00e9 ru\u010dn\u00edky kovov\u00fd<\/h3>\n<p><a href=\"http:\/\/www.anatra.cz\/wp-content\/uploads\/Katrin_ZZ_kov-b\u00edl\u00fd.jpg\"><img decoding=\"async\" class=\"alignleft size-full wp-image-286\" title=\"Katrin_ZZ_kov-b\u00edl\u00fd\" src=\"http:\/\/www.anatra.cz\/wp-content\/uploads\/Katrin_ZZ_kov-b\u00edl\u00fd.jpg\" alt=\"Katrin 98810\" width=\"105\" height=\"90\" \/><\/a><\/p>\n<p>&nbsp;<\/p>\n<p style=\"text-align: left;\">kovov\u00fd, b\u00edl\u00fd<\/p>\n<p style=\"text-align: left;\">rozm\u011br 330 x 275 x 133 mm<\/p>\n<p>&nbsp;<\/p>\n<p>&nbsp;<\/p>\n<p>&nbsp;<\/p>\n<hr \/>\n<h3>98835 Z\u00e1sobn\u00edk Katrin na skl\u00e1dan\u00e9 pap\u00edrov\u00e9 ru\u010dn\u00edky nerez &#8211; sat\u00e9n<\/h3>\n<p><a href=\"http:\/\/www.anatra.cz\/wp-content\/uploads\/Katrin_ZZ_kov-nerez-sat\u00e9n.jpg\"><img decoding=\"async\" class=\"alignleft size-full wp-image-287\" title=\"Katrin_ZZ_kov-nerez-sat\u00e9n\" src=\"http:\/\/www.anatra.cz\/wp-content\/uploads\/Katrin_ZZ_kov-nerez-sat\u00e9n.jpg\" alt=\"Katrin 98835\" width=\"105\" height=\"90\" \/><\/a><\/p>\n<p>&nbsp;<\/p>\n<p style=\"text-align: left;\">kovov\u00fd, nerez &#8211; sat\u00e9n<\/p>\n<p style=\"text-align: left;\">rozm\u011br 330 x 275 x 133 mm<\/p>\n<p>&nbsp;<\/p>\n<p>&nbsp;<\/p>\n<p>&nbsp;<\/p>\n<hr \/>\n<h3>95325 Z\u00e1sobn\u00edk Katrin na pap\u00edrov\u00e9 ru\u010dn\u00edky v roli MIDI<\/h3>\n<p><a href=\"http:\/\/www.anatra.cz\/wp-content\/uploads\/Katrin_ru\u010dn\u00edky-v-roli_MIDI.jpg\"><img decoding=\"async\" class=\"alignleft size-full wp-image-288\" title=\"Katrin_ru\u010dn\u00edky v roli_MIDI\" src=\"http:\/\/www.anatra.cz\/wp-content\/uploads\/Katrin_ru\u010dn\u00edky-v-roli_MIDI.jpg\" alt=\"Katrin 95325\" width=\"105\" height=\"90\" \/><\/a><\/p>\n<p>&nbsp;<\/p>\n<p style=\"text-align: left;\">plast ABS<\/p>\n<p style=\"text-align: left;\">rozm\u011br 336 x 184 x 167 mm<\/p>\n<p style=\"text-align: left;\">pro role do pr\u016fm\u011bru 140 mm<\/p>\n<p>&nbsp;<\/p>\n<p>&nbsp;<\/p>\n<hr \/>\n<h3>95330 Z\u00e1sobn\u00edk Katrin na pap\u00edrov\u00e9 ru\u010dn\u00edky v roli MAXI<\/h3>\n<p><a href=\"http:\/\/www.anatra.cz\/wp-content\/uploads\/Katrin_ru\u010dn\u00edky-v-roli_MAXI.jpg\"><img decoding=\"async\" class=\"alignleft size-full wp-image-289\" title=\"Katrin_ru\u010dn\u00edky v roli_MAXI\" src=\"http:\/\/www.anatra.cz\/wp-content\/uploads\/Katrin_ru\u010dn\u00edky-v-roli_MAXI.jpg\" alt=\"95330\" width=\"105\" height=\"90\" \/><\/a><\/p>\n<p>&nbsp;<\/p>\n<p style=\"text-align: left;\">plast ABS<\/p>\n<p style=\"text-align: left;\">rozm\u011br 388 x 260 x 230 mm<\/p>\n<p style=\"text-align: left;\">pro role do pr\u016fm\u011bru 200 mm<\/p>\n<p>&nbsp;<\/p>\n<p>&nbsp;<\/p>\n<hr \/>\n<h3>Z\u00e1sobn\u00edk Katrin na toaletn\u00ed pap\u00edr JUMBO<\/h3>\n<p><a href=\"http:\/\/www.anatra.cz\/wp-content\/uploads\/Katrin_Jumbo_190.jpg\"><img decoding=\"async\" class=\"alignleft size-full wp-image-290\" title=\"Katrin_Jumbo_190\" src=\"http:\/\/www.anatra.cz\/wp-content\/uploads\/Katrin_Jumbo_190.jpg\" alt=\"Katrin 95335 a 95340\" width=\"86\" height=\"100\" \/><\/a><\/p>\n<p>&nbsp;<\/p>\n<p style=\"text-align: left;\">plast ABS<\/p>\n<p style=\"text-align: left;\">rozm\u011br 261 x 260 x 135 mm (do pr\u016fm\u011bru 240 mm) <b>obj.\u010d. 95335<\/b><\/p>\n<p style=\"text-align: left;\">rozm\u011br 351 x 340 x 135 mm (do pr\u016fm\u011bru 280 mm) <b>obj.\u010d. 95340<\/b><\/p>\n<p>&nbsp;<\/p>\n<p>&nbsp;<\/p>\n<hr \/>\n<h3>Z\u00e1sobn\u00edk Katrin na toaletn\u00ed pap\u00edr JUMBO nerez &#8211; sat\u00e9n<\/h3>\n<p><a href=\"http:\/\/www.anatra.cz\/wp-content\/uploads\/Katrin_Jumbo_190_nerez-sat\u00e9n.jpg\"><img decoding=\"async\" class=\"alignleft size-full wp-image-291\" title=\"Katrin_Jumbo_190_nerez-sat\u00e9n\" src=\"http:\/\/www.anatra.cz\/wp-content\/uploads\/Katrin_Jumbo_190_nerez-sat\u00e9n.jpg\" alt=\"Katrin 98965 a 99295\" width=\"105\" height=\"90\" \/><\/a><\/p>\n<p>&nbsp;<\/p>\n<p style=\"text-align: left;\">nerez &#8211; sat\u00e9n<\/p>\n<p style=\"text-align: left;\">rozm\u011br 255 x 250 x 125 mm (do pr\u016fm\u011bru 240 mm) <b>obj.\u010d. 98965<\/b><\/p>\n<p style=\"text-align: left;\">rozm\u011br 310 x 300 x 125 mm (do pr\u016fm\u011bru 280 mm) <b>obj.\u010d. 99295<\/b><\/p>\n<p>&nbsp;<\/p>\n<p>&nbsp;<\/p>\n<hr \/>\n<h3>Z\u00e1sobn\u00edk Katrin na toaletn\u00ed pap\u00edr JUMBO kov b\u00edl\u00fd<\/h3>\n<p><a href=\"http:\/\/www.anatra.cz\/wp-content\/uploads\/Katrin_Jumbo_190_kov-b\u00edl\u00fd.jpg\"><img decoding=\"async\" class=\"alignleft size-full wp-image-292\" title=\"Katrin_Jumbo_190_kov-b\u00edl\u00fd\" src=\"http:\/\/www.anatra.cz\/wp-content\/uploads\/Katrin_Jumbo_190_kov-b\u00edl\u00fd.jpg\" alt=\"Katrin 98950 a 99700\" width=\"105\" height=\"90\" \/><\/a><\/p>\n<p>&nbsp;<\/p>\n<p style=\"text-align: left;\">kov, b\u00edl\u00fd<\/p>\n<p style=\"text-align: left;\">rozm\u011br 255 x 250 x 125 mm (do pr\u016fm\u011bru 240 mm) <b>obj.\u010d. 98950<\/b><\/p>\n<p style=\"text-align: left;\">rozm\u011br 310 x 300 x 125 mm (do pr\u016fm\u011bru 280 mm) <b>obj.\u010d. 99700<\/b><\/p>\n<p>&nbsp;<\/p>\n<p>&nbsp;<\/p>\n<hr \/>\n<h3>95350 Z\u00e1sobn\u00edk Katrin na toaletn\u00ed pap\u00edr skl\u00e1dan\u00fd<\/h3>\n<p><a href=\"http:\/\/www.anatra.cz\/wp-content\/uploads\/Katrin-skl\u00e1dan\u00fd-TP.jpg\"><img decoding=\"async\" class=\"alignleft size-full wp-image-335\" title=\"Katrin skl\u00e1dan\u00fd TP\" src=\"http:\/\/www.anatra.cz\/wp-content\/uploads\/Katrin-skl\u00e1dan\u00fd-TP.jpg\" alt=\"95350 Katrin\" width=\"105\" height=\"90\" \/><\/a><\/p>\n<p>&nbsp;<\/p>\n<p style=\"text-align: left;\">plast ABS<\/p>\n<p style=\"text-align: left;\">rozm\u011br 305 x 157 x 135 mm<\/p>\n<p style=\"text-align: left;\">pro TP obj.\u010d. 19502<\/p>\n<p>&nbsp;<\/p>\n<p>&nbsp;<\/p>\n<hr \/>\n<h3>99970 Podlahov\u00fd stojan na pr\u016fmyslov\u00e9 role<\/h3>\n<p style=\"text-align: left;\"><a href=\"http:\/\/www.anatra.cz\/wp-content\/uploads\/Stojan-Katrin.jpg\"><img decoding=\"async\" class=\"alignleft size-full wp-image-213\" title=\"Stojan Katrin\" src=\"http:\/\/www.anatra.cz\/wp-content\/uploads\/Stojan-Katrin.jpg\" alt=\"Stojan Katrin na pr\u016fmyslov\u00e9 role\" width=\"78\" height=\"120\" \/><\/a><\/p>\n<p>&nbsp;<\/p>\n<p style=\"text-align: left;\">\u0161\u00ed\u0159e role max. 40cm<\/p>\n<p style=\"text-align: left;\">Podlahov\u00fd stojan<\/p>\n<p>&nbsp;<\/p>\n<p>&nbsp;<\/p>\n<p>&nbsp;<\/p>\n<p>&nbsp;<\/p>\n<hr \/>\n<h3>99980 Podlahov\u00fd stojan na pr\u016fmyslov\u00e9 role + dr\u017e\u00e1k pytl\u016f<\/h3>\n<p style=\"text-align: left;\"><a href=\"http:\/\/www.anatra.cz\/wp-content\/uploads\/Stojan-Katrin-s-dr\u017e\u00e1kem-na-pytel.jpg\"><img decoding=\"async\" class=\"alignleft size-full wp-image-215\" title=\"Stojan Katrin s dr\u017e\u00e1kem na pytel\" src=\"http:\/\/www.anatra.cz\/wp-content\/uploads\/Stojan-Katrin-s-dr\u017e\u00e1kem-na-pytel.jpg\" alt=\"Stojan Katrin s dr\u017e\u00e1kem na pytel\" width=\"87\" height=\"120\" \/><\/a><\/p>\n<p>&nbsp;<\/p>\n<p style=\"text-align: left;\">\u0161\u00ed\u0159e role max. 40cm<\/p>\n<p style=\"text-align: left;\">Podlahov\u00fd stojan s dr\u017e\u00e1kem pytl\u016f<\/p>\n<p>&nbsp;<\/p>\n<p>&nbsp;<\/p>\n<p>&nbsp;<\/p>\n<p>&nbsp;<\/p>\n<hr \/>\n<h3>99975 N\u00e1st\u011bnn\u00fd dr\u017e\u00e1k na pr\u016fmyslov\u00e9 role<\/h3>\n<p style=\"text-align: left;\"><a href=\"http:\/\/www.anatra.cz\/wp-content\/uploads\/Stojan-Katrin-n\u00e1st\u011bnn\u00fd.jpg\"><img decoding=\"async\" class=\"alignleft size-full wp-image-216\" title=\"Stojan Katrin n\u00e1st\u011bnn\u00fd\" src=\"http:\/\/www.anatra.cz\/wp-content\/uploads\/Stojan-Katrin-n\u00e1st\u011bnn\u00fd.jpg\" alt=\"Stojan Katrin n\u00e1st\u011bnn\u00fd\" width=\"120\" height=\"84\" \/><\/a><\/p>\n<p>&nbsp;<\/p>\n<p style=\"text-align: left;\">\u0161\u00ed\u0159e role max. 40cm<\/p>\n<p style=\"text-align: left;\">N\u00e1st\u011bnn\u00fd dr\u017e\u00e1k<\/p>\n<p>&nbsp;<\/p>\n<p>&nbsp;<\/p>\n<hr \/>\n","protected":false},"excerpt":{"rendered":"<p>551000 TORK z\u00e1sobn\u00edk na pap\u00edrov\u00e9 ru\u010dn\u00edky v roli b\u00edl\u00fd &nbsp; Materi\u00e1l: plast Barva: b\u00edl\u00e1 V\u00fd\u0161ka: 372 mm \u0160\u00ed\u0159ka: 337 mm Hloubka: 203 mm &nbsp; &nbsp; 511008 TORK z\u00e1sobn\u00edk na pap\u00edrov\u00e9 ru\u010dn\u00edky v roli \u010dern\u00fd &nbsp; Materi\u00e1l: plast Barva: \u010dern\u00e1 V\u00fd\u0161ka: 372 mm \u0160\u00ed\u0159ka: 337 mm Hloubka: 203 mm &nbsp; &nbsp; 459000 TORK z\u00e1sobn\u00edk na pap\u00edrov\u00e9 <a href=\"https:\/\/anatra.cz\/?page_id=89\" rel=\"nofollow\"><span class=\"sr-only\">P\u0159e\u010d\u00edst si v\u00edc oZ\u00e1sobn\u00edky<\/span>[&#8230;]<\/a><\/p>\n","protected":false},"author":1,"featured_media":0,"parent":73,"menu_order":1,"comment_status":"closed","ping_status":"closed","template":"","meta":{"footnotes":""},"class_list":["post-89","page","type-page","status-publish","hentry"],"_links":{"self":[{"href":"https:\/\/anatra.cz\/index.php?rest_route=\/wp\/v2\/pages\/89","targetHints":{"allow":["GET"]}}],"collection":[{"href":"https:\/\/anatra.cz\/index.php?rest_route=\/wp\/v2\/pages"}],"about":[{"href":"https:\/\/anatra.cz\/index.php?rest_route=\/wp\/v2\/types\/page"}],"author":[{"embeddable":true,"href":"https:\/\/anatra.cz\/index.php?rest_route=\/wp\/v2\/users\/1"}],"replies":[{"embeddable":true,"href":"https:\/\/anatra.cz\/index.php?rest_route=%2Fwp%2Fv2%2Fcomments&post=89"}],"version-history":[{"count":80,"href":"https:\/\/anatra.cz\/index.php?rest_route=\/wp\/v2\/pages\/89\/revisions"}],"predecessor-version":[{"id":4218,"href":"https:\/\/anatra.cz\/index.php?rest_route=\/wp\/v2\/pages\/89\/revisions\/4218"}],"up":[{"embeddable":true,"href":"https:\/\/anatra.cz\/index.php?rest_route=\/wp\/v2\/pages\/73"}],"wp:attachment":[{"href":"https:\/\/anatra.cz\/index.php?rest_route=%2Fwp%2Fv2%2Fmedia&parent=89"}],"curies":[{"name":"wp","href":"https:\/\/api.w.org\/{rel}","templated":true}]}}