{"id":764,"date":"2011-02-10T19:41:39","date_gmt":"2011-02-10T19:41:39","guid":{"rendered":"http:\/\/www.anatra.cz\/?page_id=764"},"modified":"2012-05-03T20:06:53","modified_gmt":"2012-05-03T19:06:53","slug":"wc-doplnky","status":"publish","type":"page","link":"https:\/\/anatra.cz\/?page_id=764","title":{"rendered":"WC dopl\u0148ky"},"content":{"rendered":"<h3>PRIX tablety do piso\u00e1ru<\/h3>\n<p style=\"text-align: left;\"><a href=\"http:\/\/www.anatra.cz\/wp-content\/uploads\/Prix-1-kg.jpg\"><img decoding=\"async\" class=\"alignleft size-full wp-image-766\" title=\"Prix 1 kg\" src=\"http:\/\/www.anatra.cz\/wp-content\/uploads\/Prix-1-kg.jpg\" alt=\"\" width=\"112\" height=\"140\" \/><\/a><\/p>\n<p>&nbsp;<\/p>\n<p style=\"text-align: left;\">Balen\u00ed: 1 kg, 4,5 kg<\/p>\n<p style=\"text-align: justify;\">\u010cist\u00edc\u00ed a dezodora\u010dn\u00ed p\u0159\u00edpravek pro sanit\u00e1rn\u00ed za\u0159\u00edzen\u00ed, ur\u010den\u00fd ke vkl\u00e1d\u00e1n\u00ed do piso\u00e1r\u016f zejm\u00e9na k u\u017eit\u00ed v komun\u00e1ln\u00ed hygien\u011b. Zabra\u0148uje tvorb\u011b usazenin a slou\u017e\u00ed k dezodoraci prostor WC.<\/p>\n<p>&nbsp;<\/p>\n<p>&nbsp;<\/p>\n<p>&nbsp;<\/p>\n<hr \/>\n<h3>S\u00edtko do piso\u00e1ru plastov\u00e9<\/h3>\n<p style=\"text-align: left;\"><a href=\"http:\/\/www.anatra.cz\/wp-content\/uploads\/s\u00edtka-do-piso\u00e1ru.jpg\"><img decoding=\"async\" class=\"alignleft size-thumbnail wp-image-767\" title=\"s\u00edtka do piso\u00e1ru\" src=\"http:\/\/www.anatra.cz\/wp-content\/uploads\/s\u00edtka-do-piso\u00e1ru-150x150.jpg\" alt=\"\" width=\"150\" height=\"150\" \/><\/a><\/p>\n<p>&nbsp;<\/p>\n<p style=\"text-align: justify;\">Ochrann\u00e9 s\u00edtko do piso\u00e1ru zabra\u0148uje ucp\u00e1v\u00e1n\u00ed odpadov\u00fdch cest, lze vytvarovat do v\u0161ech b\u011b\u017en\u00fdch piso\u00e1r\u016f, nebr\u00e1n\u00ed b\u011b\u017en\u00e9mu \u00faklidu. Doporu\u010dujeme v kombinaci s tabletou do piso\u00e1ru.<\/p>\n<p>&nbsp;<\/p>\n<p>&nbsp;<\/p>\n<p>&nbsp;<\/p>\n<p>&nbsp;<\/p>\n<hr \/>\n<h3>LARIN WC gel do z\u00e1v\u011bsu<\/h3>\n<p style=\"text-align: left;\"><a href=\"http:\/\/www.anatra.cz\/wp-content\/uploads\/WC-gel-do-z\u00e1v\u011bsu-LARRIN-mix.jpg\"><img decoding=\"async\" class=\"alignleft size-full wp-image-768\" title=\"WC gel do z\u00e1v\u011bsu LARRIN mix\" src=\"http:\/\/www.anatra.cz\/wp-content\/uploads\/WC-gel-do-z\u00e1v\u011bsu-LARRIN-mix.jpg\" alt=\"\" width=\"147\" height=\"104\" \/><\/a><\/p>\n<p>&nbsp;<\/p>\n<p style=\"text-align: left;\">Balen\u00ed: 500 ml<\/p>\n<p style=\"text-align: justify;\">Pro hygienickou \u010distotu a dlouhotrvaj\u00edc\u00ed v\u016fni. Larin WC gel umo\u017e\u0148uje hygienick\u00e9 dopl\u0148ov\u00e1n\u00ed bez kontaktu ruky.<\/p>\n<p>&nbsp;<\/p>\n<p>&nbsp;<\/p>\n<p>&nbsp;<\/p>\n<hr \/>\n<h3>Hygienick\u00e9 s\u00e1\u010dky pap\u00edrov\u00e9<\/h3>\n<p style=\"text-align: left;\"><a href=\"http:\/\/www.anatra.cz\/wp-content\/uploads\/Hygienick\u00e9-s\u00e1\u010dky-pap\u00edrov\u00e9.jpg\"><img decoding=\"async\" class=\"alignleft size-full wp-image-769\" title=\"Hygienick\u00e9 s\u00e1\u010dky pap\u00edrov\u00e9\" src=\"http:\/\/www.anatra.cz\/wp-content\/uploads\/Hygienick\u00e9-s\u00e1\u010dky-pap\u00edrov\u00e9.jpg\" alt=\"\" width=\"134\" height=\"100\" \/><\/a><\/p>\n<p>&nbsp;<\/p>\n<p style=\"text-align: left;\">Balen\u00ed: 100 ks<\/p>\n<p style=\"text-align: left;\">Hygienick\u00e9 pap\u00edrov\u00e9 odpadn\u00ed s\u00e1\u010dky na d\u00e1msk\u00e9 vlo\u017eky.<\/p>\n<p>&nbsp;<\/p>\n<p>&nbsp;<\/p>\n<p>&nbsp;<\/p>\n<hr \/>\n<h3>WC \u0161t\u011btka s n\u00e1dobkou<\/h3>\n<p style=\"text-align: left;\"><a href=\"http:\/\/www.anatra.cz\/wp-content\/uploads\/\u0161t\u011btky-s-n\u00e1dobkou.jpg\"><img decoding=\"async\" class=\"alignleft size-full wp-image-770\" title=\"\u0161t\u011btky s n\u00e1dobkou\" src=\"http:\/\/www.anatra.cz\/wp-content\/uploads\/\u0161t\u011btky-s-n\u00e1dobkou.jpg\" alt=\"\" width=\"100\" height=\"81\" \/><\/a><\/p>\n<p>&nbsp;<\/p>\n<p style=\"text-align: left;\">kulat\u00e1 nebo hranat\u00e1 n\u00e1dobka<\/p>\n<p style=\"text-align: left;\">mo\u017enost po\u0159\u00eddit n\u00e1hradn\u00ed \u0161t\u011btku<\/p>\n<p>&nbsp;<\/p>\n<p>&nbsp;<\/p>\n<hr \/>\n<h3>WC \u0161t\u011btka z\u00e1v\u011bsn\u00e1<\/h3>\n<p style=\"text-align: left;\"><a href=\"http:\/\/www.anatra.cz\/wp-content\/uploads\/\u0161t\u011btky-z\u00e1v\u011bsn\u00e9.jpg\"><img decoding=\"async\" class=\"alignleft size-full wp-image-771\" title=\"\u0161t\u011btky z\u00e1v\u011bsn\u00e9\" src=\"http:\/\/www.anatra.cz\/wp-content\/uploads\/\u0161t\u011btky-z\u00e1v\u011bsn\u00e9.jpg\" alt=\"\" width=\"100\" height=\"80\" \/><\/a><\/p>\n<p>&nbsp;<\/p>\n<p style=\"text-align: left;\">mo\u017enost po\u0159\u00eddit n\u00e1hradn\u00ed \u0161t\u011btku<\/p>\n<p>&nbsp;<\/p>\n<p>&nbsp;<\/p>\n<p>&nbsp;<\/p>\n<hr \/>\n<h3>WC souprava chromov\u00e1 z\u00e1v\u011bsn\u00e1<\/h3>\n<p style=\"text-align: left;\"><a href=\"http:\/\/www.anatra.cz\/wp-content\/uploads\/WC-souprava-chrom.jpg\"><img decoding=\"async\" class=\"alignleft size-full wp-image-771\" title=\"\u0161t\u011btky z\u00e1v\u011bsn\u00e9\" src=\"http:\/\/www.anatra.cz\/wp-content\/uploads\/WC-souprava-chrom.jpg\" alt=\"\" width=\"100\" height=\"100\" \/><\/a><\/p>\n<p>&nbsp;<\/p>\n<p style=\"text-align: justify;\">WC souprava z\u00e1v\u011bsn\u00e1 na ze\u010f, souprava obsahuje wc \u0161t\u011btku a kal\u00ed\u0161ek, dr\u017e\u00e1k na ze\u010f, sou\u010d\u00e1st\u00ed dod\u00e1vky jsou \u0161roubky a hmo\u017ed\u00ednky. Materi\u00e1l plast, dr\u017e\u00e1k kov.<\/p>\n<p>&nbsp;<\/p>\n<p>&nbsp;<\/p>\n<p>&nbsp;<\/p>\n<hr \/>\n<h3>Osv\u011b\u017eova\u010d vzduchu tuh\u00fd<\/h3>\n<p style=\"text-align: left;\"><a href=\"http:\/\/www.anatra.cz\/wp-content\/uploads\/Osv\u011b\u017eova\u010d-vzduchu-tuh\u00fd.jpg\"><img decoding=\"async\" class=\"alignleft size-full wp-image-772\" title=\"Osv\u011b\u017eova\u010d vzduchu tuh\u00fd\" src=\"http:\/\/www.anatra.cz\/wp-content\/uploads\/Osv\u011b\u017eova\u010d-vzduchu-tuh\u00fd.jpg\" alt=\"\" width=\"137\" height=\"103\" srcset=\"https:\/\/anatra.cz\/wp-content\/uploads\/Osv\u011b\u017eova\u010d-vzduchu-tuh\u00fd.jpg 500w, https:\/\/anatra.cz\/wp-content\/uploads\/Osv\u011b\u017eova\u010d-vzduchu-tuh\u00fd-300x225.jpg 300w\" sizes=\"(max-width: 137px) 100vw, 137px\" \/><\/a><\/p>\n<p>&nbsp;<\/p>\n<p>&nbsp;<\/p>\n<p>&nbsp;<\/p>\n<p>&nbsp;<\/p>\n<p>&nbsp;<\/p>\n<p>&nbsp;<\/p>\n<hr \/>\n<h3>Osv\u011b\u017eova\u010d vzduchu ve spreji GREEN WORLD a TANGO<\/h3>\n<p style=\"text-align: left;\"><a href=\"http:\/\/www.anatra.cz\/wp-content\/uploads\/GREENWORLD-osv\u011b\u017eova\u010d-vzduchu.jpg\"><img decoding=\"async\" class=\"alignleft size-full wp-image-773\" title=\"GREENWORLD osv\u011b\u017eova\u010d vzduchu\" src=\"http:\/\/www.anatra.cz\/wp-content\/uploads\/GREENWORLD-osv\u011b\u017eova\u010d-vzduchu.jpg\" alt=\"\" width=\"118\" height=\"146\" \/><\/a><a href=\"http:\/\/www.anatra.cz\/wp-content\/uploads\/TANGO-osv\u011b\u017eova\u010d-vzduchu.jpg\"><img decoding=\"async\" class=\"alignleft size-full wp-image-774\" title=\"TANGO osv\u011b\u017eova\u010d vzduchu\" src=\"http:\/\/www.anatra.cz\/wp-content\/uploads\/TANGO-osv\u011b\u017eova\u010d-vzduchu.jpg\" alt=\"\" width=\"204\" height=\"146\" \/><\/a><\/p>\n<p>&nbsp;<\/p>\n<p>&nbsp;<\/p>\n<p>&nbsp;<\/p>\n<p>&nbsp;<\/p>\n<p>&nbsp;<\/p>\n<p>&nbsp;<\/p>\n<p>&nbsp;<\/p>\n<p>&nbsp;<\/p>\n<hr \/>\n","protected":false},"excerpt":{"rendered":"<p>PRIX tablety do piso\u00e1ru &nbsp; Balen\u00ed: 1 kg, 4,5 kg \u010cist\u00edc\u00ed a dezodora\u010dn\u00ed p\u0159\u00edpravek pro sanit\u00e1rn\u00ed za\u0159\u00edzen\u00ed, ur\u010den\u00fd ke vkl\u00e1d\u00e1n\u00ed do piso\u00e1r\u016f zejm\u00e9na k u\u017eit\u00ed v komun\u00e1ln\u00ed hygien\u011b. Zabra\u0148uje tvorb\u011b usazenin a slou\u017e\u00ed k dezodoraci prostor WC. &nbsp; &nbsp; &nbsp; S\u00edtko do piso\u00e1ru plastov\u00e9 &nbsp; Ochrann\u00e9 s\u00edtko do piso\u00e1ru zabra\u0148uje ucp\u00e1v\u00e1n\u00ed odpadov\u00fdch cest, lze vytvarovat <a href=\"https:\/\/anatra.cz\/?page_id=764\" rel=\"nofollow\"><span class=\"sr-only\">P\u0159e\u010d\u00edst si v\u00edc oWC dopl\u0148ky<\/span>[&#8230;]<\/a><\/p>\n","protected":false},"author":1,"featured_media":0,"parent":0,"menu_order":0,"comment_status":"closed","ping_status":"closed","template":"","meta":{"footnotes":""},"class_list":["post-764","page","type-page","status-publish","hentry"],"_links":{"self":[{"href":"https:\/\/anatra.cz\/index.php?rest_route=\/wp\/v2\/pages\/764","targetHints":{"allow":["GET"]}}],"collection":[{"href":"https:\/\/anatra.cz\/index.php?rest_route=\/wp\/v2\/pages"}],"about":[{"href":"https:\/\/anatra.cz\/index.php?rest_route=\/wp\/v2\/types\/page"}],"author":[{"embeddable":true,"href":"https:\/\/anatra.cz\/index.php?rest_route=\/wp\/v2\/users\/1"}],"replies":[{"embeddable":true,"href":"https:\/\/anatra.cz\/index.php?rest_route=%2Fwp%2Fv2%2Fcomments&post=764"}],"version-history":[{"count":31,"href":"https:\/\/anatra.cz\/index.php?rest_route=\/wp\/v2\/pages\/764\/revisions"}],"predecessor-version":[{"id":3106,"href":"https:\/\/anatra.cz\/index.php?rest_route=\/wp\/v2\/pages\/764\/revisions\/3106"}],"wp:attachment":[{"href":"https:\/\/anatra.cz\/index.php?rest_route=%2Fwp%2Fv2%2Fmedia&parent=764"}],"curies":[{"name":"wp","href":"https:\/\/api.w.org\/{rel}","templated":true}]}}