{"id":73,"date":"2010-07-02T18:36:05","date_gmt":"2010-07-02T18:36:05","guid":{"rendered":"http:\/\/www.anatra.cz\/?page_id=73"},"modified":"2012-04-28T16:25:14","modified_gmt":"2012-04-28T15:25:14","slug":"doplnlovy-sortiment","status":"publish","type":"page","link":"https:\/\/anatra.cz\/?page_id=73","title":{"rendered":"Ostatn\u00ed"},"content":{"rendered":"<p><a href=\"http:\/\/www.anatra.ic.cz\/wp-content\/uploads\/hygienaI.jpg\"><a href=\"http:\/\/www.anatra.cz\/wp-content\/uploads\/hygienaI.jpg\"><img decoding=\"async\" class=\"alignleft size-full wp-image-76\" title=\"hygienaI\" src=\"http:\/\/www.anatra.cz\/wp-content\/uploads\/hygienaI.jpg\" alt=\"\" width=\"150\" height=\"150\" \/><\/a><\/a><a href=\"http:\/\/www.anatra.ic.cz\/wp-content\/uploads\/nemocni\u010dn\u00ed-l\u016f\u017eka.gif\"><a href=\"http:\/\/www.anatra.cz\/wp-content\/uploads\/nemocni\u010dn\u00ed-l\u016f\u017eka.gif\"><img decoding=\"async\" class=\"alignleft size-thumbnail wp-image-77\" title=\"nemocni\u010dn\u00ed l\u016f\u017eka\" src=\"http:\/\/www.anatra.cz\/wp-content\/uploads\/nemocni\u010dn\u00ed-l\u016f\u017eka-150x150.gif\" alt=\"\" width=\"150\" height=\"150\" \/><\/a><\/a><a href=\"http:\/\/www.anatra.ic.cz\/wp-content\/uploads\/pr\u016fmyslov\u00e9-\u00fat\u011brky.jpg\"><a href=\"http:\/\/www.anatra.cz\/wp-content\/uploads\/pr\u016fmyslov\u00e9-\u00fat\u011brky.jpg\"><img decoding=\"async\" class=\"alignleft size-full wp-image-78\" title=\"pr\u016fmyslov\u00e9 \u00fat\u011brky\" src=\"http:\/\/www.anatra.cz\/wp-content\/uploads\/pr\u016fmyslov\u00e9-\u00fat\u011brky.jpg\" alt=\"\" width=\"150\" height=\"150\" \/><\/a><\/a><\/p>\n","protected":false},"excerpt":{"rendered":"","protected":false},"author":1,"featured_media":0,"parent":686,"menu_order":7,"comment_status":"closed","ping_status":"closed","template":"","meta":{"footnotes":""},"class_list":["post-73","page","type-page","status-publish","hentry"],"_links":{"self":[{"href":"https:\/\/anatra.cz\/index.php?rest_route=\/wp\/v2\/pages\/73","targetHints":{"allow":["GET"]}}],"collection":[{"href":"https:\/\/anatra.cz\/index.php?rest_route=\/wp\/v2\/pages"}],"about":[{"href":"https:\/\/anatra.cz\/index.php?rest_route=\/wp\/v2\/types\/page"}],"author":[{"embeddable":true,"href":"https:\/\/anatra.cz\/index.php?rest_route=\/wp\/v2\/users\/1"}],"replies":[{"embeddable":true,"href":"https:\/\/anatra.cz\/index.php?rest_route=%2Fwp%2Fv2%2Fcomments&post=73"}],"version-history":[{"count":8,"href":"https:\/\/anatra.cz\/index.php?rest_route=\/wp\/v2\/pages\/73\/revisions"}],"predecessor-version":[{"id":2863,"href":"https:\/\/anatra.cz\/index.php?rest_route=\/wp\/v2\/pages\/73\/revisions\/2863"}],"up":[{"embeddable":true,"href":"https:\/\/anatra.cz\/index.php?rest_route=\/wp\/v2\/pages\/686"}],"wp:attachment":[{"href":"https:\/\/anatra.cz\/index.php?rest_route=%2Fwp%2Fv2%2Fmedia&parent=73"}],"curies":[{"name":"wp","href":"https:\/\/api.w.org\/{rel}","templated":true}]}}