{"id":576,"date":"2011-01-06T20:39:20","date_gmt":"2011-01-06T20:39:20","guid":{"rendered":"http:\/\/www.anatra.cz\/?page_id=576"},"modified":"2020-07-25T16:46:26","modified_gmt":"2020-07-25T15:46:26","slug":"odpadove-pytle-a-sacky","status":"publish","type":"page","link":"https:\/\/anatra.cz\/?page_id=576","title":{"rendered":"Odpadov\u00e9 pytle a s\u00e1\u010dky"},"content":{"rendered":"<p><a href=\"http:\/\/www.anatra.cz\/wp-content\/uploads\/sacky_do_kose_pytle1.jpg\"><img decoding=\"async\" src=\"http:\/\/www.anatra.cz\/wp-content\/uploads\/sacky_do_kose_pytle1-150x150.jpg\" alt=\"\" title=\"sacky_do_kose_pytle\" width=\"150\" height=\"150\" class=\"alignleft size-thumbnail wp-image-582\" \/><\/a><br \/>\nNab\u00edz\u00edme s\u00e1\u010dky do ko\u0161\u016f a odpadov\u00e9 pytle v\u0161ech rozm\u011br\u016f a s\u00edly (od 6 do 200 my).<\/p>\n<p>&nbsp;<\/p>\n<p>&nbsp;<\/p>\n<p>&nbsp;<\/p>\n<hr \/>\n","protected":false},"excerpt":{"rendered":"<p>Nab\u00edz\u00edme s\u00e1\u010dky do ko\u0161\u016f a odpadov\u00e9 pytle v\u0161ech rozm\u011br\u016f a s\u00edly (od 6 do 200 my). &nbsp; &nbsp; &nbsp;<\/p>\n","protected":false},"author":1,"featured_media":0,"parent":73,"menu_order":0,"comment_status":"closed","ping_status":"closed","template":"","meta":{"footnotes":""},"class_list":["post-576","page","type-page","status-publish","hentry"],"_links":{"self":[{"href":"https:\/\/anatra.cz\/index.php?rest_route=\/wp\/v2\/pages\/576","targetHints":{"allow":["GET"]}}],"collection":[{"href":"https:\/\/anatra.cz\/index.php?rest_route=\/wp\/v2\/pages"}],"about":[{"href":"https:\/\/anatra.cz\/index.php?rest_route=\/wp\/v2\/types\/page"}],"author":[{"embeddable":true,"href":"https:\/\/anatra.cz\/index.php?rest_route=\/wp\/v2\/users\/1"}],"replies":[{"embeddable":true,"href":"https:\/\/anatra.cz\/index.php?rest_route=%2Fwp%2Fv2%2Fcomments&post=576"}],"version-history":[{"count":14,"href":"https:\/\/anatra.cz\/index.php?rest_route=\/wp\/v2\/pages\/576\/revisions"}],"predecessor-version":[{"id":5681,"href":"https:\/\/anatra.cz\/index.php?rest_route=\/wp\/v2\/pages\/576\/revisions\/5681"}],"up":[{"embeddable":true,"href":"https:\/\/anatra.cz\/index.php?rest_route=\/wp\/v2\/pages\/73"}],"wp:attachment":[{"href":"https:\/\/anatra.cz\/index.php?rest_route=%2Fwp%2Fv2%2Fmedia&parent=576"}],"curies":[{"name":"wp","href":"https:\/\/api.w.org\/{rel}","templated":true}]}}