{"id":56,"date":"2010-07-02T18:12:09","date_gmt":"2010-07-02T18:12:09","guid":{"rendered":"http:\/\/www.anatra.cz\/?page_id=56"},"modified":"2016-07-24T14:28:51","modified_gmt":"2016-07-24T13:28:51","slug":"jumbo-role","status":"publish","type":"page","link":"https:\/\/anatra.cz\/?page_id=56","title":{"rendered":"Jumbo role"},"content":{"rendered":"<h3>Jednovrstv\u00e9 Jumbo<\/h3>\n<p><a href=\"http:\/\/www.anatra.cz\/wp-content\/uploads\/jumbo.jpg\"><img decoding=\"async\" class=\"alignleft size-full wp-image-57\" title=\"jumbo\" src=\"http:\/\/www.anatra.cz\/wp-content\/uploads\/jumbo.jpg\" alt=\"ANATRA Jumbo role 1 vrstv\u00e9\" width=\"150\" height=\"150\" \/><\/a><br \/>\nBarva: b\u011blost 45%<\/p>\n<p style=\"text-align: left;\">Pr\u016fm\u011br 190 mm, d\u00e9lka 120 m<\/p>\n<p style=\"text-align: left;\">Pr\u016fm\u011br 240 mm, d\u00e9lka 195 m<\/p>\n<p style=\"text-align: left;\">Pr\u016fm\u011br 280 mm, d\u00e9lka 255 m<\/p>\n<p style=\"text-align: left;\">Po\u010det ks\/bal: 6 rol\u00ed<\/p>\n<p>&nbsp;<\/p>\n<hr \/>\n<h3>Dvojvrstv\u00e9 Jumbo<\/h3>\n<p><a href=\"http:\/\/www.anatra.cz\/wp-content\/uploads\/jumbo.jpg\"><img decoding=\"async\" class=\"alignleft size-full wp-image-57\" title=\"jumbo\" src=\"http:\/\/www.anatra.cz\/wp-content\/uploads\/jumbo.jpg\" alt=\"ANATRA Jumbo role 1 vrstv\u00e9\" width=\"150\" height=\"150\" \/><\/a><br \/>\nBarva: b\u011blost 75%<\/p>\n<p style=\"text-align: left;\">Pr\u016fm\u011br 190 mm, d\u00e9lka 120 m<\/p>\n<p style=\"text-align: left;\">Pr\u016fm\u011br 240 mm, d\u00e9lka 175 m<\/p>\n<p style=\"text-align: left;\">Pr\u016fm\u011br 280 mm, d\u00e9lka 257 m<\/p>\n<p style=\"text-align: left;\">Po\u010det ks\/bal: 6 rol\u00ed<\/p>\n<p>&nbsp;<\/p>\n<hr \/>\n<h3>Dvouvrstv\u00e9 Jumbo<\/h3>\n<p><a href=\"http:\/\/www.anatra.cz\/wp-content\/uploads\/jumbo.jpg\"><img decoding=\"async\" class=\"alignleft size-full wp-image-57\" title=\"jumbo\" src=\"http:\/\/www.anatra.cz\/wp-content\/uploads\/jumbo.jpg\" alt=\"ANATRA Jumbo role 1 vrstv\u00e9\" width=\"150\" height=\"150\" \/><\/a><\/p>\n<p>Barva: celul\u00f3za 100%<\/p>\n<p style=\"text-align: left;\">Pr\u016fm\u011br 190 mm, d\u00e9lka 100 m<\/p>\n<p style=\"text-align: left;\">Pr\u016fm\u011br 240 mm, d\u00e9lka 170 m<\/p>\n<p style=\"text-align: left;\">Pr\u016fm\u011br 280 mm, d\u00e9lka 250 m<\/p>\n<p>\u00a0\u00a0\u00a0\u00a0\u00a0\u00a0\u00a0\u00a0\u00a0\u00a0\u00a0\u00a0\u00a0\u00a0\u00a0\u00a0\u00a0\u00a0\u00a0\u00a0\u00a0\u00a0\u00a0\u00a0\u00a0\u00a0\u00a0\u00a0\u00a0\u00a0\u00a0\u00a0\u00a0\u00a0\u00a0\u00a0\u00a0\u00a0\u00a0\u00a0\u00a0\u00a0\u00a0Po\u010det ks\/bal: 6 rol\u00ed<br \/>\n&nbsp;<br \/>\n&nbsp;<\/p>\n<hr \/>\n<h3>TORK Advanced\u00a0120280<\/h3>\n<p><a href=\"http:\/\/www.anatra.cz\/wp-content\/uploads\/120280-TP-JUMBO-12-rol\u00ed.jpg\"><img decoding=\"async\" class=\"alignleft wp-image-4661 size-medium\" title=\"TP Tork 120280\" src=\"http:\/\/www.anatra.cz\/wp-content\/uploads\/120280-TP-JUMBO-12-rol\u00ed-300x136.jpg\" alt=\"\" width=\"150\" height=\"68\" srcset=\"https:\/\/anatra.cz\/wp-content\/uploads\/120280-TP-JUMBO-12-rol\u00ed-300x136.jpg 300w, https:\/\/anatra.cz\/wp-content\/uploads\/120280-TP-JUMBO-12-rol\u00ed-1024x465.jpg 1024w, https:\/\/anatra.cz\/wp-content\/uploads\/120280-TP-JUMBO-12-rol\u00ed.jpg 2000w\" sizes=\"(max-width: 150px) 100vw, 150px\" \/><\/a><br \/>\nB\u00edl\u00fd recykl<\/p>\n<p style=\"text-align: left;\">Pr\u016fm\u011br role: 188 mm<\/p>\n<p style=\"text-align: left;\">D\u00e9lka role: 170 m<\/p>\n<p style=\"text-align: left;\">Po\u010det vrstev: 2<\/p>\n<p style=\"text-align: left;\">Rozm\u011bry \u00fatr\u017ek\u016f: 9,7 x 20 cm<\/p>\n<p style=\"text-align: left;\">Po\u010det \u00fatr\u017ek\u016f: 850<\/p>\n<p style=\"text-align: left;\">Po\u010det ks\/bal: 12 rol\u00ed<\/p>\n<hr \/>\n<h3>TORK Advanced\u00a0110253<\/h3>\n<p><a href=\"http:\/\/www.anatra.cz\/wp-content\/uploads\/110253.jpg\"><img decoding=\"async\" class=\"alignleft wp-image-4665 size-medium\" title=\"TP Tork 120253\" src=\"http:\/\/www.anatra.cz\/wp-content\/uploads\/110253-300x235.jpg\" alt=\"\" width=\"150\" height=\"118\" srcset=\"https:\/\/anatra.cz\/wp-content\/uploads\/110253-300x235.jpg 300w, https:\/\/anatra.cz\/wp-content\/uploads\/110253-1024x802.jpg 1024w, https:\/\/anatra.cz\/wp-content\/uploads\/110253.jpg 2000w\" sizes=\"(max-width: 150px) 100vw, 150px\" \/><\/a><br \/>\nB\u00edl\u00fd recykl<\/p>\n<p style=\"text-align: left;\">Pr\u016fm\u011br role: 188 mm<\/p>\n<p style=\"text-align: left;\">D\u00e9lka role: 170 m<\/p>\n<p style=\"text-align: left;\">Po\u010det vrstev: 2<\/p>\n<p style=\"text-align: left;\">Rozm\u011bry \u00fatr\u017ek\u016f: 9,7 x 20 cm<\/p>\n<p style=\"text-align: left;\">Po\u010det \u00fatr\u017ek\u016f: 850<\/p>\n<p style=\"text-align: left;\">Po\u010det ks\/bal: 12 rol\u00ed<\/p>\n<hr \/>\n<h3>TORK Advanced\u00a0120231<\/h3>\n<p><a href=\"http:\/\/www.anatra.cz\/wp-content\/uploads\/120231.jpg\"><img decoding=\"async\" class=\"alignleft wp-image-4666 size-medium\" title=\"TP Tork 120231\" src=\"http:\/\/www.anatra.cz\/wp-content\/uploads\/120231-300x300.jpg\" alt=\"\" width=\"150\" height=\"150\" srcset=\"https:\/\/anatra.cz\/wp-content\/uploads\/120231-300x300.jpg 300w, https:\/\/anatra.cz\/wp-content\/uploads\/120231-150x150.jpg 150w, https:\/\/anatra.cz\/wp-content\/uploads\/120231.jpg 500w\" sizes=\"(max-width: 150px) 100vw, 150px\" \/><\/a><br \/>\nB\u00edl\u00fd recykl<\/p>\n<p style=\"text-align: left;\">Pr\u016fm\u011br role: 188 mm<\/p>\n<p style=\"text-align: left;\">D\u00e9lka role: 170 m<\/p>\n<p style=\"text-align: left;\">Po\u010det vrstev: 2<\/p>\n<p style=\"text-align: left;\">Rozm\u011bry \u00fatr\u017ek\u016f: 9,7 x 20 cm<\/p>\n<p style=\"text-align: left;\">Po\u010det \u00fatr\u017ek\u016f: 850<\/p>\n<p style=\"text-align: left;\">Po\u010det ks\/bal: 12 rol\u00ed<\/p>\n<hr \/>\n<h3>TORK Advanced\u00a0120272<\/h3>\n<p><a href=\"http:\/\/www.anatra.cz\/wp-content\/uploads\/120272-TP-JUMBO-6-rol\u00ed.jpg\"><img decoding=\"async\" class=\"alignleft wp-image-4659 size-medium\" title=\"TP Tork 120272\" src=\"http:\/\/www.anatra.cz\/wp-content\/uploads\/120272-TP-JUMBO-6-rol\u00ed-300x203.jpg\" alt=\"\" width=\"150\" height=\"101\" srcset=\"https:\/\/anatra.cz\/wp-content\/uploads\/120272-TP-JUMBO-6-rol\u00ed-300x203.jpg 300w, https:\/\/anatra.cz\/wp-content\/uploads\/120272-TP-JUMBO-6-rol\u00ed-1024x693.jpg 1024w, https:\/\/anatra.cz\/wp-content\/uploads\/120272-TP-JUMBO-6-rol\u00ed.jpg 2000w\" sizes=\"(max-width: 150px) 100vw, 150px\" \/><\/a><br \/>\nB\u00edl\u00fd recykl<\/p>\n<p style=\"text-align: left;\">Pr\u016fm\u011br role: 260 mm<\/p>\n<p style=\"text-align: left;\">D\u00e9lka role: 360 m<\/p>\n<p style=\"text-align: left;\">Po\u010det vrstev: 2<\/p>\n<p style=\"text-align: left;\">Rozm\u011bry \u00fatr\u017ek\u016f: 9,7 x 20 cm<\/p>\n<p style=\"text-align: left;\">Po\u010det \u00fatr\u017ek\u016f: 1800<\/p>\n<p style=\"text-align: left;\">Po\u010det ks\/bal: 6 rol\u00ed<\/p>\n<hr \/>\n<h3>TORK SmartOne 472242<\/h3>\n<p><a href=\"http:\/\/www.anatra.cz\/wp-content\/uploads\/472242.jpg\"><img decoding=\"async\" class=\"alignleft wp-image-4669 size-medium\" title=\"TP Tork SmartOne 472242\" src=\"http:\/\/www.anatra.cz\/wp-content\/uploads\/472242-300x262.jpg\" alt=\"\" width=\"150\" height=\"131\" \/><\/a><br \/>\ncelul\u00f3za\/recykl<\/p>\n<p style=\"text-align: left;\">Pr\u016fm\u011br role: 199 mm<\/p>\n<p style=\"text-align: left;\">D\u00e9lka role: 207 m<\/p>\n<p style=\"text-align: left;\">Po\u010det vrstev: 2<\/p>\n<p style=\"text-align: left;\">Rozm\u011bry \u00fatr\u017ek\u016f: 13,4 x 18 cm<\/p>\n<p style=\"text-align: left;\">Po\u010det \u00fatr\u017ek\u016f: 1150<\/p>\n<p style=\"text-align: left;\">Po\u010det ks\/bal: 6 rol\u00ed<\/p>\n<hr \/>\n<h3>TORK Advanced &#8211; kompaktn\u00ed role 127530<\/h3>\n<p><a href=\"http:\/\/www.anatra.cz\/wp-content\/uploads\/127530.jpg\"><img decoding=\"async\" class=\"alignleft wp-image-4672 size-medium\" title=\"TP Tork SmartOne 472242\" src=\"http:\/\/www.anatra.cz\/wp-content\/uploads\/127530-300x247.jpg\" alt=\"\" width=\"150\" height=\"124\" \/><\/a><br \/>\ncelul\u00f3za\/recykl<\/p>\n<p style=\"text-align: left;\">Pr\u016fm\u011br role: 131 mm<\/p>\n<p style=\"text-align: left;\">D\u00e9lka role: 100 m<\/p>\n<p style=\"text-align: left;\">Po\u010det vrstev: 2<\/p>\n<p style=\"text-align: left;\">Rozm\u011bry \u00fatr\u017ek\u016f: 13,4 x 18 cm<\/p>\n<p style=\"text-align: left;\">Po\u010det \u00fatr\u017ek\u016f: 1150<\/p>\n<p style=\"text-align: left;\">Po\u010det ks\/bal: 6 rol\u00ed<\/p>\n<hr \/>\n","protected":false},"excerpt":{"rendered":"<p>Jednovrstv\u00e9 Jumbo Barva: b\u011blost 45% Pr\u016fm\u011br 190 mm, d\u00e9lka 120 m Pr\u016fm\u011br 240 mm, d\u00e9lka 195 m Pr\u016fm\u011br 280 mm, d\u00e9lka 255 m Po\u010det ks\/bal: 6 rol\u00ed &nbsp; Dvojvrstv\u00e9 Jumbo Barva: b\u011blost 75% Pr\u016fm\u011br 190 mm, d\u00e9lka 120 m Pr\u016fm\u011br 240 mm, d\u00e9lka 175 m Pr\u016fm\u011br 280 mm, d\u00e9lka 257 m Po\u010det ks\/bal: 6 rol\u00ed <a href=\"https:\/\/anatra.cz\/?page_id=56\" rel=\"nofollow\"><span class=\"sr-only\">P\u0159e\u010d\u00edst si v\u00edc oJumbo role<\/span>[&#8230;]<\/a><\/p>\n","protected":false},"author":1,"featured_media":0,"parent":38,"menu_order":1,"comment_status":"closed","ping_status":"closed","template":"","meta":{"footnotes":""},"class_list":["post-56","page","type-page","status-publish","hentry"],"_links":{"self":[{"href":"https:\/\/anatra.cz\/index.php?rest_route=\/wp\/v2\/pages\/56","targetHints":{"allow":["GET"]}}],"collection":[{"href":"https:\/\/anatra.cz\/index.php?rest_route=\/wp\/v2\/pages"}],"about":[{"href":"https:\/\/anatra.cz\/index.php?rest_route=\/wp\/v2\/types\/page"}],"author":[{"embeddable":true,"href":"https:\/\/anatra.cz\/index.php?rest_route=\/wp\/v2\/users\/1"}],"replies":[{"embeddable":true,"href":"https:\/\/anatra.cz\/index.php?rest_route=%2Fwp%2Fv2%2Fcomments&post=56"}],"version-history":[{"count":44,"href":"https:\/\/anatra.cz\/index.php?rest_route=\/wp\/v2\/pages\/56\/revisions"}],"predecessor-version":[{"id":4674,"href":"https:\/\/anatra.cz\/index.php?rest_route=\/wp\/v2\/pages\/56\/revisions\/4674"}],"up":[{"embeddable":true,"href":"https:\/\/anatra.cz\/index.php?rest_route=\/wp\/v2\/pages\/38"}],"wp:attachment":[{"href":"https:\/\/anatra.cz\/index.php?rest_route=%2Fwp%2Fv2%2Fmedia&parent=56"}],"curies":[{"name":"wp","href":"https:\/\/api.w.org\/{rel}","templated":true}]}}