{"id":5348,"date":"2020-06-13T18:03:32","date_gmt":"2020-06-13T17:03:32","guid":{"rendered":"http:\/\/www.anatra.cz\/?page_id=5348"},"modified":"2020-06-13T18:44:18","modified_gmt":"2020-06-13T17:44:18","slug":"tekute-myci-suspenze","status":"publish","type":"page","link":"https:\/\/anatra.cz\/?page_id=5348","title":{"rendered":"Tekut\u00e9 myc\u00ed suspenze"},"content":{"rendered":"<h3>VAKAVO BLUE MYE tekut\u00e1 myc\u00ed pasta na ruce<\/h3>\n<p><a href=\"http:\/\/www.anatra.cz\/wp-content\/uploads\/Vakavo_Blue_Mye_600g.png\"><img decoding=\"async\" class=\"alignleft size-medium wp-image-5357\" src=\"http:\/\/www.anatra.cz\/wp-content\/uploads\/Vakavo_Blue_Mye_600g-124x300.png\" alt=\"\" width=\"62\" height=\"150\" srcset=\"https:\/\/anatra.cz\/wp-content\/uploads\/Vakavo_Blue_Mye_600g-124x300.png 124w, https:\/\/anatra.cz\/wp-content\/uploads\/Vakavo_Blue_Mye_600g.png 423w\" sizes=\"(max-width: 62px) 100vw, 62px\" \/><\/a><\/p>\n<p>&nbsp;<\/p>\n<p style=\"text-align: left;\">Balen\u00ed: 600 g<\/p>\n<p style=\"text-align: justify;\">Odstra\u0148uje odoln\u00e9 ne\u010distoty, jako jsou rzi, tuky, saze, oleje a dal\u0161\u00ed. V\u00fdrobek je dermatologicky p\u0159\u00edzniv\u00fd.<\/p>\n<p>&nbsp;<\/p>\n<hr \/>\n<h3>VAKAVO GREEN tekut\u00e1 myc\u00ed suspenze na ruce<\/h3>\n<p><a href=\"http:\/\/www.anatra.cz\/wp-content\/uploads\/ISOFA_gel_green_myci_suspenze_na_ruce_500g_.jpeg\"><img decoding=\"async\" class=\"alignleft size-medium wp-image-5352\" src=\"http:\/\/www.anatra.cz\/wp-content\/uploads\/ISOFA_gel_green_myci_suspenze_na_ruce_500g_-89x300.jpeg\" alt=\"\" width=\"45\" height=\"150\" \/><\/a> <a href=\"http:\/\/www.anatra.cz\/wp-content\/uploads\/ISOFA_gel_myci_suspenze_na_ruce_500g.jpeg\"><img decoding=\"async\" class=\"alignleft size-medium wp-image-5354\" src=\"http:\/\/www.anatra.cz\/wp-content\/uploads\/ISOFA_gel_myci_suspenze_na_ruce_500g-124x300.jpeg\" alt=\"\" width=\"62\" height=\"150\" srcset=\"https:\/\/anatra.cz\/wp-content\/uploads\/ISOFA_gel_myci_suspenze_na_ruce_500g-124x300.jpeg 124w, https:\/\/anatra.cz\/wp-content\/uploads\/ISOFA_gel_myci_suspenze_na_ruce_500g.jpeg 424w\" sizes=\"(max-width: 62px) 100vw, 62px\" \/><\/a> <a href=\"http:\/\/www.anatra.cz\/wp-content\/uploads\/isofa_green_5kg.png\"><img decoding=\"async\" class=\"alignleft size-medium wp-image-5355\" src=\"http:\/\/www.anatra.cz\/wp-content\/uploads\/isofa_green_5kg-300x300.png\" alt=\"\" width=\"150\" height=\"150\" srcset=\"https:\/\/anatra.cz\/wp-content\/uploads\/isofa_green_5kg-300x300.png 300w, https:\/\/anatra.cz\/wp-content\/uploads\/isofa_green_5kg-150x150.png 150w, https:\/\/anatra.cz\/wp-content\/uploads\/isofa_green_5kg-768x767.png 768w, https:\/\/anatra.cz\/wp-content\/uploads\/isofa_green_5kg-250x250.png 250w, https:\/\/anatra.cz\/wp-content\/uploads\/isofa_green_5kg-174x174.png 174w, https:\/\/anatra.cz\/wp-content\/uploads\/isofa_green_5kg.png 1024w\" sizes=\"(max-width: 150px) 100vw, 150px\" \/><\/a> <a href=\"http:\/\/www.anatra.cz\/wp-content\/uploads\/ISOFA_gel_myci_suspenze_na_ruce_10kg.jpeg\"><img decoding=\"async\" class=\"alignleft size-medium wp-image-5353\" src=\"http:\/\/www.anatra.cz\/wp-content\/uploads\/ISOFA_gel_myci_suspenze_na_ruce_10kg-273x300.jpeg\" alt=\"\" width=\"136\" height=\"150\" srcset=\"https:\/\/anatra.cz\/wp-content\/uploads\/ISOFA_gel_myci_suspenze_na_ruce_10kg-273x300.jpeg 273w, https:\/\/anatra.cz\/wp-content\/uploads\/ISOFA_gel_myci_suspenze_na_ruce_10kg-768x844.jpeg 768w, https:\/\/anatra.cz\/wp-content\/uploads\/ISOFA_gel_myci_suspenze_na_ruce_10kg.jpeg 932w\" sizes=\"(max-width: 136px) 100vw, 136px\" \/><\/a><\/p>\n<p>&nbsp;<\/p>\n<p style=\"text-align: left;\">Balen\u00ed: 500 g, 500 g click&amp;go, 5 kg a 10 kg<\/p>\n<p style=\"text-align: justify;\">Pr\u016fmyslov\u00e1 tekut\u00e1 suspenze na myt\u00ed zne\u010di\u0161t\u011bn\u00e9 poko\u017eky rukou s obsahem velmi jemn\u00e9ho kosmetick\u00e9ho abraziva \u2013 polyethylenov\u00e9ho prachu. Jej\u00ed p\u0159ednost\u00ed je schopnost rychle a velmi \u0161etrn\u011b odstranit ne\u010distoty z va\u0161ich rukou. Ur\u010den\u00e1 k odstran\u011bn\u00ed st\u0159edn\u011b odoln\u00fdch ne\u010distot jako jsou oleje, tuky, maziva, nafta. Pou\u017eiteln\u00e1 zejm\u00e9na ve slu\u017eb\u00e1ch a pr\u016fmyslu. Lze vyu\u017e\u00edt i jako t\u011blov\u00fd peeling.<\/p>\n<hr \/>\n<h3>ISOFA 100PRO myc\u00ed suspenze na ruce<\/h3>\n<p><a href=\"http:\/\/www.anatra.cz\/wp-content\/uploads\/Isofa_100pro_600g.png\"><img decoding=\"async\" class=\"alignleft size-medium wp-image-5365\" src=\"http:\/\/www.anatra.cz\/wp-content\/uploads\/Isofa_100pro_600g-156x300.png\" alt=\"\" width=\"78\" height=\"150\" srcset=\"https:\/\/anatra.cz\/wp-content\/uploads\/Isofa_100pro_600g-156x300.png 156w, https:\/\/anatra.cz\/wp-content\/uploads\/Isofa_100pro_600g.png 532w\" sizes=\"(max-width: 78px) 100vw, 78px\" \/><\/a> <a href=\"http:\/\/www.anatra.cz\/wp-content\/uploads\/ISOFA_100_pro_myci_suspenze_na_ruce_42kg.jpeg\"><img decoding=\"async\" class=\"alignleft size-medium wp-image-5364\" src=\"http:\/\/www.anatra.cz\/wp-content\/uploads\/ISOFA_100_pro_myci_suspenze_na_ruce_42kg-154x300.jpeg\" alt=\"\" width=\"77\" height=\"150\" srcset=\"https:\/\/anatra.cz\/wp-content\/uploads\/ISOFA_100_pro_myci_suspenze_na_ruce_42kg-154x300.jpeg 154w, https:\/\/anatra.cz\/wp-content\/uploads\/ISOFA_100_pro_myci_suspenze_na_ruce_42kg.jpeg 525w\" sizes=\"(max-width: 77px) 100vw, 77px\" \/><\/a><\/p>\n<p>&nbsp;<\/p>\n<p style=\"text-align: left;\">Balen\u00ed: 600 g, 4,2 kg<\/p>\n<p style=\"text-align: justify;\">Profesion\u00e1ln\u00ed abrazivn\u00ed \u010disti\u010d na myt\u00ed zne\u010di\u0161t\u011bn\u00e9 poko\u017eky. Jeho p\u0159ednost\u00ed je schopnost rychle a velmi \u0161etrn\u011b odstranit ne\u010distoty z va\u0161ich rukou. Ur\u010den\u00fd k odstran\u011bn\u00ed odoln\u00fdch ne\u010distot jako jsou maziva, brzdov\u00e9 usazeniny, cement, rez, tmely a dal\u0161\u00ed. Pou\u017e\u00edv\u00e1 se zejm\u00e9na v automobilov\u00e9m a stavebn\u00edm pr\u016fmyslu. Jeho abrazivn\u00ed slo\u017ekou je hydratovan\u00fd oxid hlinit\u00fd ve velmi jemn\u00e9 zrnitosti s ide\u00e1ln\u00edmi dermatologick\u00fdmi vlastnostmi. K poko\u017ece \u0161etrnou p\u0159\u00edsadou je alkylpolyglukosid a lanolin.\u200b<\/p>\n<p style=\"text-align: justify;\">Alolt \u2013 p\u0159\u00edrodn\u00ed velmi tvrd\u00e9 a \u00fa\u010dinn\u00e9 abrazivo pou\u017eit\u00e9 v kombinaci s lanolinem zaru\u010duje \u0161etrnost a mimo\u0159\u00e1dn\u00fd \u00fa\u010dinek.<\/p>\n<hr \/>\n<h3>ISOFA 200CLAS myc\u00ed suspenze na ruce<\/h3>\n<p><a href=\"http:\/\/www.anatra.cz\/wp-content\/uploads\/Isofa_200clas_500g.png\"><img decoding=\"async\" class=\"alignleft size-medium wp-image-5368\" src=\"http:\/\/www.anatra.cz\/wp-content\/uploads\/Isofa_200clas_500g-157x300.png\" alt=\"\" width=\"78\" height=\"150\" srcset=\"https:\/\/anatra.cz\/wp-content\/uploads\/Isofa_200clas_500g-157x300.png 157w, https:\/\/anatra.cz\/wp-content\/uploads\/Isofa_200clas_500g.png 535w\" sizes=\"(max-width: 78px) 100vw, 78px\" \/><\/a> <a href=\"http:\/\/www.anatra.cz\/wp-content\/uploads\/ISOFA_200_clas_myci_suspenze_na_ruce_35kg.jpeg\"><img decoding=\"async\" class=\"alignleft size-medium wp-image-5367\" src=\"http:\/\/www.anatra.cz\/wp-content\/uploads\/ISOFA_200_clas_myci_suspenze_na_ruce_35kg-150x300.jpeg\" alt=\"\" width=\"75\" height=\"150\" srcset=\"https:\/\/anatra.cz\/wp-content\/uploads\/ISOFA_200_clas_myci_suspenze_na_ruce_35kg-150x300.jpeg 150w, https:\/\/anatra.cz\/wp-content\/uploads\/ISOFA_200_clas_myci_suspenze_na_ruce_35kg.jpeg 512w\" sizes=\"(max-width: 75px) 100vw, 75px\" \/><\/a><br \/>\n&nbsp;<\/p>\n<p style=\"text-align: left;\">Balen\u00ed: 500 g, 3,5 kg<\/p>\n<p style=\"text-align: justify;\">Profesion\u00e1ln\u00ed tekut\u00fd abrazivn\u00ed \u010disti\u010d na myt\u00ed zne\u010di\u0161t\u011bn\u00e9 poko\u017eky. Jeho p\u0159ednost\u00ed je schopnost rychle a velmi \u0161etrn\u011b odstranit ne\u010distoty z va\u0161ich rukou. Ur\u010den\u00fd k odstran\u011bn\u00ed vysoce odoln\u00fdch ne\u010distot jako jsou oleje, tuky, maziva, asfalt, nafta, saze, pry\u017e. Pou\u017eiteln\u00fd zejm\u00e9na v autoservisech, technick\u00fdch slu\u017eb\u00e1ch a t\u011b\u017ek\u00e9m pr\u016fmyslu. Abrazivem je polyuretanov\u00fd prach.<\/p>\n<hr \/>\n<h3>ISOFA 300MAX myc\u00ed suspenze na ruce<\/h3>\n<p><a href=\"http:\/\/www.anatra.cz\/wp-content\/uploads\/Isofa_300max_500g.png\"><img decoding=\"async\" class=\"alignleft size-medium wp-image-5372\" src=\"http:\/\/www.anatra.cz\/wp-content\/uploads\/Isofa_300max_500g-160x300.png\" alt=\"\" width=\"80\" height=\"150\" srcset=\"https:\/\/anatra.cz\/wp-content\/uploads\/Isofa_300max_500g-160x300.png 160w, https:\/\/anatra.cz\/wp-content\/uploads\/Isofa_300max_500g.png 547w\" sizes=\"(max-width: 80px) 100vw, 80px\" \/><\/a> <a href=\"http:\/\/www.anatra.cz\/wp-content\/uploads\/ISOFA_300_max_myci_suspenze_na_ruce_35kg.jpeg\"><img decoding=\"async\" class=\"alignleft size-medium wp-image-5371\" src=\"http:\/\/www.anatra.cz\/wp-content\/uploads\/ISOFA_300_max_myci_suspenze_na_ruce_35kg-150x300.jpeg\" alt=\"\" width=\"75\" height=\"150\" srcset=\"https:\/\/anatra.cz\/wp-content\/uploads\/ISOFA_300_max_myci_suspenze_na_ruce_35kg-150x300.jpeg 150w, https:\/\/anatra.cz\/wp-content\/uploads\/ISOFA_300_max_myci_suspenze_na_ruce_35kg.jpeg 512w\" sizes=\"(max-width: 75px) 100vw, 75px\" \/><\/a><br \/>\n&nbsp;<\/p>\n<p style=\"text-align: left;\">Balen\u00ed: 500 g, 3,5 kg<\/p>\n<p style=\"text-align: justify;\">Profesion\u00e1ln\u00ed abrazivn\u00ed \u010disti\u010d na myt\u00ed zne\u010di\u0161t\u011bn\u00e9 poko\u017eky s extraktem z citrusov\u00fdch plod\u016f. Jeho p\u0159ednost\u00ed je schopnost rychle a velmi \u0161etrn\u011b odstranit ne\u010distoty z va\u0161ich rukou. P\u016fsob\u00ed na ne\u010distoty jako jsou dehet, saze, tmely na b\u00e1zi alkyd\u016f a akryl\u00e1t\u016f. Je vhodn\u00fd k odstran\u011bn\u00ed t\u011b\u017ek\u00e9ho zne\u010di\u0161t\u011bn\u00ed v tiska\u0159sk\u00e9m pr\u016fmyslu, d\u00edln\u00e1ch a servisech.<\/p>\n<hr \/>\n","protected":false},"excerpt":{"rendered":"<p>VAKAVO BLUE MYE tekut\u00e1 myc\u00ed pasta na ruce &nbsp; Balen\u00ed: 600 g Odstra\u0148uje odoln\u00e9 ne\u010distoty, jako jsou rzi, tuky, saze, oleje a dal\u0161\u00ed. V\u00fdrobek je dermatologicky p\u0159\u00edzniv\u00fd. &nbsp; VAKAVO GREEN tekut\u00e1 myc\u00ed suspenze na ruce &nbsp; Balen\u00ed: 500 g, 500 g click&amp;go, 5 kg a 10 kg Pr\u016fmyslov\u00e1 tekut\u00e1 suspenze na myt\u00ed zne\u010di\u0161t\u011bn\u00e9 poko\u017eky rukou <a href=\"https:\/\/anatra.cz\/?page_id=5348\" rel=\"nofollow\"><span class=\"sr-only\">P\u0159e\u010d\u00edst si v\u00edc oTekut\u00e9 myc\u00ed suspenze<\/span>[&#8230;]<\/a><\/p>\n","protected":false},"author":1,"featured_media":0,"parent":5345,"menu_order":0,"comment_status":"closed","ping_status":"closed","template":"","meta":{"footnotes":""},"class_list":["post-5348","page","type-page","status-publish","hentry"],"_links":{"self":[{"href":"https:\/\/anatra.cz\/index.php?rest_route=\/wp\/v2\/pages\/5348","targetHints":{"allow":["GET"]}}],"collection":[{"href":"https:\/\/anatra.cz\/index.php?rest_route=\/wp\/v2\/pages"}],"about":[{"href":"https:\/\/anatra.cz\/index.php?rest_route=\/wp\/v2\/types\/page"}],"author":[{"embeddable":true,"href":"https:\/\/anatra.cz\/index.php?rest_route=\/wp\/v2\/users\/1"}],"replies":[{"embeddable":true,"href":"https:\/\/anatra.cz\/index.php?rest_route=%2Fwp%2Fv2%2Fcomments&post=5348"}],"version-history":[{"count":14,"href":"https:\/\/anatra.cz\/index.php?rest_route=\/wp\/v2\/pages\/5348\/revisions"}],"predecessor-version":[{"id":5374,"href":"https:\/\/anatra.cz\/index.php?rest_route=\/wp\/v2\/pages\/5348\/revisions\/5374"}],"up":[{"embeddable":true,"href":"https:\/\/anatra.cz\/index.php?rest_route=\/wp\/v2\/pages\/5345"}],"wp:attachment":[{"href":"https:\/\/anatra.cz\/index.php?rest_route=%2Fwp%2Fv2%2Fmedia&parent=5348"}],"curies":[{"name":"wp","href":"https:\/\/api.w.org\/{rel}","templated":true}]}}