{"id":5296,"date":"2020-06-13T16:22:34","date_gmt":"2020-06-13T15:22:34","guid":{"rendered":"http:\/\/www.anatra.cz\/?page_id=5296"},"modified":"2020-06-13T17:20:35","modified_gmt":"2020-06-13T16:20:35","slug":"sprchove-gely","status":"publish","type":"page","link":"https:\/\/anatra.cz\/?page_id=5296","title":{"rendered":"Sprchov\u00e9 gely"},"content":{"rendered":"<h3>ISOLDA \u010dern\u00e1 t\u0159e\u0161e\u0148, sprchov\u00fd kr\u00e9m<\/h3>\n<p><a href=\"http:\/\/www.anatra.cz\/wp-content\/uploads\/Isolda_black_cherry_500ml.png\"><img decoding=\"async\" class=\"alignleft size-medium wp-image-5304\" src=\"http:\/\/www.anatra.cz\/wp-content\/uploads\/Isolda_black_cherry_500ml-129x300.png\" alt=\"\" width=\"75\" height=\"197\" \/><\/a> <a href=\"http:\/\/www.anatra.cz\/wp-content\/uploads\/Isolda_black_cherry_1l.png\"><img decoding=\"async\" class=\"alignleft size-medium wp-image-5301\" src=\"http:\/\/www.anatra.cz\/wp-content\/uploads\/Isolda_black_cherry_1l-101x300.png\" alt=\"\" width=\"65\" height=\"197\" \/><\/a> <a href=\"http:\/\/www.anatra.cz\/wp-content\/uploads\/Isolda_black_cherry_5l.png\"><img decoding=\"async\" class=\"alignleft size-medium wp-image-5302\" src=\"http:\/\/www.anatra.cz\/wp-content\/uploads\/Isolda_black_cherry_5l-241x300.png\" alt=\"\" width=\"133\" height=\"197\" \/><\/a> <a href=\"http:\/\/www.anatra.cz\/wp-content\/uploads\/Isolda_black_cherry_10l.png\"><img decoding=\"async\" class=\"alignleft size-medium wp-image-5303\" src=\"http:\/\/www.anatra.cz\/wp-content\/uploads\/Isolda_black_cherry_10l-284x300.png\" alt=\"\" width=\"153\" height=\"227\" \/><\/a><\/p>\n<p>&nbsp;<\/p>\n<p style=\"text-align: left;\">Balen\u00ed: 500 ml click&amp;go, 1 l, 5 l a 10 l<\/p>\n<p style=\"text-align: justify;\">Kr\u00e9mov\u00e9 t\u011blov\u00e9 m\u00fddlo ur\u010den\u00e9 pro myt\u00ed citliv\u00e9 poko\u017eky. Vynik\u00e1 vysokou p\u011bnivost\u00ed a kr\u00e9movou jemnost\u00ed, se kterou umyje a o\u0161et\u0159\u00ed poko\u017eku. Osobit\u00e1 dlouhotrvaj\u00edc\u00ed parfemace \u010dern\u00e9 t\u0159e\u0161n\u011b navod\u00ed p\u0159\u00edjemn\u00fd pocit \u010distoty. V\u00fdrobek je dermatologicky p\u0159\u00edzniv\u00fd a v p\u0159\u00edrod\u011b lehce odbourateln\u00fd.<\/p>\n<hr \/>\n<h3>ISOLDA ENERGY shower gel<\/h3>\n<p><a href=\"http:\/\/www.anatra.cz\/wp-content\/uploads\/Isolda_energy_500ml.png\"><img decoding=\"async\" class=\"alignleft size-medium wp-image-5312\" src=\"http:\/\/www.anatra.cz\/wp-content\/uploads\/Isolda_energy_500ml-129x300.png\" alt=\"\" width=\"75\" height=\"197\" \/><\/a> <a href=\"http:\/\/www.anatra.cz\/wp-content\/uploads\/Isolda_energy_5l.png\"><img decoding=\"async\" class=\"alignleft size-medium wp-image-5311\" src=\"http:\/\/www.anatra.cz\/wp-content\/uploads\/Isolda_energy_5l-234x300.png\" alt=\"\" width=\"133\" height=\"197\" \/><\/a><\/p>\n<p>&nbsp;<\/p>\n<p style=\"text-align: left;\">Balen\u00ed: 500 ml click&amp;go, 5 l<\/p>\n<p style=\"text-align: justify;\">Sprchov\u00fd gel ur\u010den\u00fd pro ka\u017edodenn\u00ed p\u00e9\u010di o poko\u017eku. Parfemace ve sportovn\u00edch t\u00f3nech navod\u00ed sv\u011b\u017e\u00ed pocit a podpo\u0159\u00ed p\u0159\u00edjemn\u00fd smyslov\u00fd pro\u017eitek. Vitamin E je zn\u00e1m\u00fd antioxida\u010dn\u00edmi \u00fa\u010dinky.<\/p>\n<hr \/>\n<h3>ISOLDA SILVER LINE HAIR &amp; BODY SHAMPOO<\/h3>\n<p><a href=\"http:\/\/www.anatra.cz\/wp-content\/uploads\/Isolda_hair-body_silver_500ml.png\"><img decoding=\"async\" class=\"alignleft size-medium wp-image-5316\" src=\"http:\/\/www.anatra.cz\/wp-content\/uploads\/Isolda_hair-body_silver_500ml-139x300.png\" alt=\"\" width=\"75\" height=\"197\" \/><\/a> <a href=\"http:\/\/www.anatra.cz\/wp-content\/uploads\/Isolda_hair_body_silver_line_5L.png\"><img decoding=\"async\" class=\"alignleft size-medium wp-image-5315\" src=\"http:\/\/www.anatra.cz\/wp-content\/uploads\/Isolda_hair_body_silver_line_5L-228x300.png\" alt=\"\" width=\"133\" height=\"197\" \/><\/a><\/p>\n<p>&nbsp;<\/p>\n<p style=\"text-align: left;\">Balen\u00ed: 500 ml click&amp;go, 5 l<\/p>\n<p style=\"text-align: justify;\">\u200bLuxusn\u00ed kr\u00e9mov\u00fd, t\u011blov\u00fd a vlasov\u00fd \u0161amp\u00f3n s vyv\u00e1\u017eenou recepturou a v\u00fdbornou derm\u00e1ln\u00ed sn\u00e1\u0161enlivost\u00ed. Kvalita a \u0161etrnost v\u00fdrobku je zaru\u010dena testy derm\u00e1ln\u00ed tolerance. Decentn\u00ed parfemace je vhodn\u00e1 pro mu\u017ee i \u017eeny, dermatologicky testov\u00e1no.<\/p>\n<hr \/>\n<h3>ISOLDA GOLD LINE HAIR &#038; BODY SHAMPOO<\/h3>\n<p><a href=\"http:\/\/www.anatra.cz\/wp-content\/uploads\/Isolda_hair-body_gold_500ml.png\"><img decoding=\"async\" class=\"alignleft size-medium wp-image-5318\" src=\"http:\/\/www.anatra.cz\/wp-content\/uploads\/Isolda_hair-body_gold_500ml-139x300.png\" alt=\"\" width=\"75\" height=\"197\" \/><\/a><\/p>\n<p>&nbsp;<\/p>\n<p style=\"text-align: left;\">Balen\u00ed: 500 ml click&amp;go<\/p>\n<p style=\"text-align: justify;\">\u200b\u200bLuxusn\u00ed t\u011blov\u00fd a vlasov\u00fd \u0161ampon s keratinem a kondicion\u00e9rem zachov\u00e1 Va\u0161i poko\u017eku i vlasy hebk\u00e9. Je to dokonal\u00fd \u0161ampon pro nejn\u00e1ro\u010dn\u011bj\u0161\u00ed spot\u0159ebitele d\u00edky sv\u00e9 vyv\u00e1\u017een\u00e9 receptu\u0159e s excelentn\u00ed derm\u00e1ln\u00ed toleranc\u00ed. Je praktick\u00fd p\u0159i pou\u017eit\u00ed ve wellness provozovn\u00e1ch. D\u00edky sv\u00e9mu slo\u017een\u00ed a decentn\u00edmu parf\u00e9mu je vhodn\u00fd pro \u017eeny i mu\u017ee.<\/p>\n<p style=\"text-align: justify;\">\u200b\u200bD\u00edky nejmodern\u011bj\u0161\u00ed receptu\u0159e, kter\u00e1 obsahuje hydrolyzovan\u00fd keratin, zn\u00e1m\u00fd pro sv\u00e9 \u00fa\u010dinky na strukturu vlas\u016f, se m\u016f\u017eete spolehnout na luxusn\u00ed pocit dokonal\u00e9 \u010distoty cel\u00e9ho t\u011bla a snadn\u00e9 roz\u010des\u00e1v\u00e1n\u00ed vlas\u016f.<\/p>\n<hr \/>\n","protected":false},"excerpt":{"rendered":"<p>ISOLDA \u010dern\u00e1 t\u0159e\u0161e\u0148, sprchov\u00fd kr\u00e9m &nbsp; Balen\u00ed: 500 ml click&amp;go, 1 l, 5 l a 10 l Kr\u00e9mov\u00e9 t\u011blov\u00e9 m\u00fddlo ur\u010den\u00e9 pro myt\u00ed citliv\u00e9 poko\u017eky. Vynik\u00e1 vysokou p\u011bnivost\u00ed a kr\u00e9movou jemnost\u00ed, se kterou umyje a o\u0161et\u0159\u00ed poko\u017eku. Osobit\u00e1 dlouhotrvaj\u00edc\u00ed parfemace \u010dern\u00e9 t\u0159e\u0161n\u011b navod\u00ed p\u0159\u00edjemn\u00fd pocit \u010distoty. V\u00fdrobek je dermatologicky p\u0159\u00edzniv\u00fd a v p\u0159\u00edrod\u011b lehce odbourateln\u00fd. <a href=\"https:\/\/anatra.cz\/?page_id=5296\" rel=\"nofollow\"><span class=\"sr-only\">P\u0159e\u010d\u00edst si v\u00edc oSprchov\u00e9 gely<\/span>[&#8230;]<\/a><\/p>\n","protected":false},"author":1,"featured_media":0,"parent":429,"menu_order":0,"comment_status":"closed","ping_status":"closed","template":"","meta":{"footnotes":""},"class_list":["post-5296","page","type-page","status-publish","hentry"],"_links":{"self":[{"href":"https:\/\/anatra.cz\/index.php?rest_route=\/wp\/v2\/pages\/5296","targetHints":{"allow":["GET"]}}],"collection":[{"href":"https:\/\/anatra.cz\/index.php?rest_route=\/wp\/v2\/pages"}],"about":[{"href":"https:\/\/anatra.cz\/index.php?rest_route=\/wp\/v2\/types\/page"}],"author":[{"embeddable":true,"href":"https:\/\/anatra.cz\/index.php?rest_route=\/wp\/v2\/users\/1"}],"replies":[{"embeddable":true,"href":"https:\/\/anatra.cz\/index.php?rest_route=%2Fwp%2Fv2%2Fcomments&post=5296"}],"version-history":[{"count":13,"href":"https:\/\/anatra.cz\/index.php?rest_route=\/wp\/v2\/pages\/5296\/revisions"}],"predecessor-version":[{"id":5330,"href":"https:\/\/anatra.cz\/index.php?rest_route=\/wp\/v2\/pages\/5296\/revisions\/5330"}],"up":[{"embeddable":true,"href":"https:\/\/anatra.cz\/index.php?rest_route=\/wp\/v2\/pages\/429"}],"wp:attachment":[{"href":"https:\/\/anatra.cz\/index.php?rest_route=%2Fwp%2Fv2%2Fmedia&parent=5296"}],"curies":[{"name":"wp","href":"https:\/\/api.w.org\/{rel}","templated":true}]}}