{"id":5278,"date":"2020-06-13T15:02:09","date_gmt":"2020-06-13T14:02:09","guid":{"rendered":"http:\/\/www.anatra.cz\/?page_id=5278"},"modified":"2020-06-13T16:20:50","modified_gmt":"2020-06-13T15:20:50","slug":"penova-mydla","status":"publish","type":"page","link":"https:\/\/anatra.cz\/?page_id=5278","title":{"rendered":"P\u011bnov\u00e1 m\u00fddla"},"content":{"rendered":"<h3>ISOLDA p\u011bnov\u00e9 m\u00fddlo VIOLET<\/h3>\n<p style=\"text-align: left;\"><a href=\"http:\/\/www.anatra.cz\/wp-content\/uploads\/isolda_penove_mydlo_violet_500ml.png\"><img decoding=\"async\" class=\"alignleft size-medium wp-image-5283\" src=\"http:\/\/www.anatra.cz\/wp-content\/uploads\/isolda_penove_mydlo_violet_500ml-123x300.png\" alt=\"\" width=\"55\" height=\"157\" \/><\/a> <a href=\"http:\/\/www.anatra.cz\/wp-content\/uploads\/ISOLDA_violet_penove_mydlo_5L.jpeg\"><img decoding=\"async\" class=\"alignleft wp-image-4476 size-medium\" title=\"ISOLDA zp\u011b\u0148ovac\u00ed m\u00fddlo\" src=\"http:\/\/www.anatra.cz\/wp-content\/uploads\/ISOLDA_violet_penove_mydlo_5L-239x300.jpeg\" alt=\"\" width=\"133\" height=\"197\" \/><\/a><\/p>\n<p>&nbsp;<\/p>\n<p style=\"text-align: left;\">Balen\u00ed: 500 ml s pumpi\u010dkou, 5 l<\/p>\n<p style=\"text-align: justify;\">Modern\u00ed tekut\u00e9 m\u00fddlo ur\u010den\u00e9 pro pou\u017eit\u00ed do zp\u011b\u0148ovac\u00edch d\u00e1vkova\u010d\u016f. P\u0159i aplikaci z d\u00e1vkova\u010de je uvoln\u011bno ve form\u011b nad\u00fdchan\u00e9 p\u011bny. Jemn\u011b a dokonale smyje ne\u010distoty. P\u0159ednost\u00ed je p\u0159\u00edjemn\u00e1 decentn\u00ed parfemace. P\u011bnov\u00e9 m\u00fddlo je dermatologicky p\u0159\u00edzniv\u00e9 a v p\u0159\u00edrod\u011b lehce odbourateln\u00e9.<\/p>\n<p style=\"text-align: justify;\">Z jednoho kanystru z\u00edsk\u00e1te a\u017e 10 000 d\u00e1vek. Velk\u00e9 balen\u00ed za n\u00edzk\u00e9 n\u00e1klady ocen\u00ed zejm\u00e9na frekventovan\u00e9 provozovny.<\/p>\n<hr \/>\n<h3>ISOLDA p\u011bnov\u00e9 m\u00fddlo modr\u00e9<\/h3>\n<p style=\"text-align: left;\"><a href=\"http:\/\/www.anatra.cz\/wp-content\/uploads\/Isolda_penove_mydlo_modre.png\"><img decoding=\"async\" class=\"alignleft size-medium wp-image-4478\" src=\"http:\/\/www.anatra.cz\/wp-content\/uploads\/Isolda_penove_mydlo_modre-238x300.png\" alt=\"\" width=\"133\" height=\"197\" \/><\/a><\/p>\n<p>&nbsp;<\/p>\n<p style=\"text-align: left;\">Balen\u00ed: 5 l<\/p>\n<p style=\"text-align: justify;\">Spolehliv\u011b spl\u0148uje po\u017eadavky na ka\u017edodenn\u00ed b\u011b\u017enou hygienu rukou a t\u011bla. V\u00fdrobek obsahuje vysoce \u00fa\u010dinnou dermatologickou p\u0159\u00edsadu, kter\u00e1 zanech\u00e1v\u00e1 po umyt\u00ed poko\u017eku hebkou a vl\u00e1\u010dnou. P\u011bnov\u00e9 m\u00fddlo je dermatologicky p\u0159\u00edzniv\u00e9 a v p\u0159\u00edrod\u011b lehce odbourateln\u00e9.<\/p>\n<p style=\"text-align: justify;\">Z jednoho kanystru lze vytvo\u0159it ve zp\u011b\u0148ovac\u00edm d\u00e1vkova\u010di cca 10 000 d\u00e1vek. Velk\u00e9 balen\u00ed za n\u00edzk\u00e9 n\u00e1klady ocen\u00ed zejm\u00e9na frekventovan\u00e9 provozovny.<\/p>\n<hr \/>\n<h3>ISOLDA p\u011bnov\u00e9 m\u00fddlo r\u016f\u017eov\u00e9<\/h3>\n<p><a href=\"http:\/\/www.anatra.cz\/wp-content\/uploads\/Isolda_penove_mydlo_ruzove.jpeg\"><img decoding=\"async\" class=\"alignleft size-medium wp-image-4479\" src=\"http:\/\/www.anatra.cz\/wp-content\/uploads\/Isolda_penove_mydlo_ruzove-234x300.jpeg\" alt=\"\" width=\"133\" height=\"197\" \/><\/a><\/p>\n<p style=\"text-align: left;\">Balen\u00ed: 5 l<\/p>\n<p style=\"text-align: justify;\">R\u016f\u017eov\u011b zabarven\u00e9 p\u011bnov\u00e9 m\u00fddlo se sladkou parfemac\u00ed. Spolehliv\u011b spl\u0148uje po\u017eadavky na ka\u017edodenn\u00ed b\u011b\u017enou hygienu rukou a t\u011bla. V\u00fdrobek obsahuje vysoce \u00fa\u010dinnou dermatologickou p\u0159\u00edsadu, kter\u00e1 zanech\u00e1v\u00e1 po umyt\u00ed poko\u017eku hebkou a vl\u00e1\u010dnou. P\u011bnov\u00e9 m\u00fddlo je dermatologicky p\u0159\u00edzniv\u00e9 a v p\u0159\u00edrod\u011b lehce odbourateln\u00e9.<\/p>\n<p style=\"text-align: justify;\">Z jednoho kanystru lze vytvo\u0159it ve zp\u011b\u0148ovac\u00edm d\u00e1vkova\u010di cca 10 000 d\u00e1vek. Velk\u00e9 balen\u00ed za n\u00edzk\u00e9 n\u00e1klady ocen\u00ed zejm\u00e9na frekventovan\u00e9 provozovny.<\/p>\n<hr \/>\n<h3>ISOLDA p\u011bnov\u00e9 m\u00fddlo b\u00edl\u00e9, LUXURY<\/h3>\n<p><a href=\"http:\/\/www.anatra.cz\/wp-content\/uploads\/Isolda_penove_mydlo_luxury.png\"><img decoding=\"async\" class=\"alignleft size-medium wp-image-4480\" src=\"http:\/\/www.anatra.cz\/wp-content\/uploads\/Isolda_penove_mydlo_luxury-238x300.png\" alt=\"\" width=\"133\" height=\"197\" \/><\/a><\/p>\n<p style=\"text-align: left;\">Balen\u00ed: 5 l<\/p>\n<p style=\"text-align: justify;\">Spolehliv\u011b spl\u0148uje po\u017eadavky na ka\u017edodenn\u00ed b\u011b\u017enou hygienu rukou a t\u011bla. V\u00fdrobek obsahuje vysoce \u00fa\u010dinnou dermatologickou p\u0159\u00edsadu, kter\u00e1 zanech\u00e1v\u00e1 po umyt\u00ed poko\u017eku hebkou a vl\u00e1\u010dnou. P\u011bnov\u00e9 m\u00fddlo je dermatologicky p\u0159\u00edzniv\u00e9 a v p\u0159\u00edrod\u011b lehce odbourateln\u00e9.<\/p>\n<p style=\"text-align: justify;\">Z jednoho kanystru lze vytvo\u0159it ve zp\u011b\u0148ovac\u00edm d\u00e1vkova\u010di cca 10 000 d\u00e1vek. Velk\u00e9 balen\u00ed za n\u00edzk\u00e9 n\u00e1klady ocen\u00ed zejm\u00e9na frekventovan\u00e9 provozovny.<\/p>\n<hr \/>\n<h3>ISOLDA p\u011bnov\u00e9 m\u00fddlo s antibakteri\u00e1ln\u00ed p\u0159\u00edsadou<\/h3>\n<p><a href=\"http:\/\/www.anatra.cz\/wp-content\/uploads\/isolda_penove_mydlo_s_antibakterialni_prisadou_500ml.png\"><img decoding=\"async\" class=\"alignleft size-medium wp-image-5290\" src=\"http:\/\/www.anatra.cz\/wp-content\/uploads\/isolda_penove_mydlo_s_antibakterialni_prisadou_500ml-123x300.png\" alt=\"\" width=\"55\" height=\"157\" \/><\/a> <a href=\"http:\/\/www.anatra.cz\/wp-content\/uploads\/Isolda_penove_mydlo_s_antibakterialni_prisadou_5l.png\"><img decoding=\"async\" class=\"alignleft size-medium wp-image-5289\" src=\"http:\/\/www.anatra.cz\/wp-content\/uploads\/Isolda_penove_mydlo_s_antibakterialni_prisadou_5l-238x300.png\" alt=\"\" width=\"133\" height=\"197\" \/><\/a><\/p>\n<p>&nbsp;<\/p>\n<p style=\"text-align: left;\">Balen\u00ed: 500 ml s pumpi\u010dkou, 5 l<\/p>\n<p style=\"text-align: justify;\">P\u011bnov\u00e9 m\u00fddlo s antibakteri\u00e1ln\u00ed p\u0159\u00edsadou k b\u011b\u017en\u00e9 a preventivn\u00ed hygien\u011b rukou. Vyv\u00e1\u017een\u00e1 receptura s extraktem \u0161alv\u011bje a chlorhexidin glukon\u00e1tem m\u00e1 v\u00fdbornou derm\u00e1ln\u00ed sn\u00e1\u0161enlivost\u00ed a p\u0159edur\u010duje toto m\u00fddlo pro nejn\u00e1ro\u010dn\u011bj\u0161\u00edho spot\u0159ebitele. M\u00fddlo je decentn\u011b parfemov\u00e1no.<\/p>\n<p style=\"text-align: justify;\">M\u00fddla jsou p\u0159\u00edmo ur\u010dena preventivn\u00ed hygien\u011b rukou a to d\u00edky vysok\u00e9mu obsahu l\u00e1tek s v\u0161eobecn\u011b zn\u00e1m\u00fdm antibakteri\u00e1ln\u00edm \u00fa\u010dinkem jako je nap\u0159\u00edklad extrakt \u0161alv\u011bje l\u00e9ka\u0159sk\u00e9 a dal\u0161\u00ed. Vyv\u00e1\u017een\u00e1 receptura zaji\u0161\u0165uje p\u0159\u00edjemn\u00fd pocit zv\u00fd\u0161en\u00e9ho myc\u00edho \u00fa\u010dinku a z\u00e1rove\u0148 dokonal\u00e9 p\u00e9\u010de o poko\u017eku.<\/p>\n<hr \/>\n","protected":false},"excerpt":{"rendered":"<p>ISOLDA p\u011bnov\u00e9 m\u00fddlo VIOLET &nbsp; Balen\u00ed: 500 ml s pumpi\u010dkou, 5 l Modern\u00ed tekut\u00e9 m\u00fddlo ur\u010den\u00e9 pro pou\u017eit\u00ed do zp\u011b\u0148ovac\u00edch d\u00e1vkova\u010d\u016f. P\u0159i aplikaci z d\u00e1vkova\u010de je uvoln\u011bno ve form\u011b nad\u00fdchan\u00e9 p\u011bny. Jemn\u011b a dokonale smyje ne\u010distoty. P\u0159ednost\u00ed je p\u0159\u00edjemn\u00e1 decentn\u00ed parfemace. P\u011bnov\u00e9 m\u00fddlo je dermatologicky p\u0159\u00edzniv\u00e9 a v p\u0159\u00edrod\u011b lehce odbourateln\u00e9. Z jednoho kanystru z\u00edsk\u00e1te <a href=\"https:\/\/anatra.cz\/?page_id=5278\" rel=\"nofollow\"><span class=\"sr-only\">P\u0159e\u010d\u00edst si v\u00edc oP\u011bnov\u00e1 m\u00fddla<\/span>[&#8230;]<\/a><\/p>\n","protected":false},"author":1,"featured_media":0,"parent":429,"menu_order":0,"comment_status":"closed","ping_status":"closed","template":"","meta":{"footnotes":""},"class_list":["post-5278","page","type-page","status-publish","hentry"],"_links":{"self":[{"href":"https:\/\/anatra.cz\/index.php?rest_route=\/wp\/v2\/pages\/5278","targetHints":{"allow":["GET"]}}],"collection":[{"href":"https:\/\/anatra.cz\/index.php?rest_route=\/wp\/v2\/pages"}],"about":[{"href":"https:\/\/anatra.cz\/index.php?rest_route=\/wp\/v2\/types\/page"}],"author":[{"embeddable":true,"href":"https:\/\/anatra.cz\/index.php?rest_route=\/wp\/v2\/users\/1"}],"replies":[{"embeddable":true,"href":"https:\/\/anatra.cz\/index.php?rest_route=%2Fwp%2Fv2%2Fcomments&post=5278"}],"version-history":[{"count":12,"href":"https:\/\/anatra.cz\/index.php?rest_route=\/wp\/v2\/pages\/5278\/revisions"}],"predecessor-version":[{"id":5295,"href":"https:\/\/anatra.cz\/index.php?rest_route=\/wp\/v2\/pages\/5278\/revisions\/5295"}],"up":[{"embeddable":true,"href":"https:\/\/anatra.cz\/index.php?rest_route=\/wp\/v2\/pages\/429"}],"wp:attachment":[{"href":"https:\/\/anatra.cz\/index.php?rest_route=%2Fwp%2Fv2%2Fmedia&parent=5278"}],"curies":[{"name":"wp","href":"https:\/\/api.w.org\/{rel}","templated":true}]}}