{"id":41,"date":"2010-07-02T17:52:25","date_gmt":"2010-07-02T17:52:25","guid":{"rendered":"http:\/\/www.anatra.cz\/?page_id=41"},"modified":"2020-06-16T09:50:43","modified_gmt":"2020-06-16T08:50:43","slug":"konvencni-role","status":"publish","type":"page","link":"https:\/\/anatra.cz\/?page_id=41","title":{"rendered":"Konven\u010dn\u00ed role"},"content":{"rendered":"<h3>Beru\u0161ka<\/h3>\n<p style=\"text-align: left;\"><a href=\"http:\/\/www.anatra.cz\/wp-content\/uploads\/Beru\u0161ka_400.jpg\"><img decoding=\"async\" class=\"alignleft size-full wp-image-44\" title=\"Beru\u0161ka 400\" src=\"http:\/\/www.anatra.cz\/wp-content\/uploads\/Beru\u0161ka_400.jpg\" alt=\"ANATRA Beru\u0161ka 400\" width=\"120\" height=\"120\" \/><\/a><br \/>\nBarva: \u0161ed\u00e1, recykl<\/p>\n<p style=\"text-align: left;\">Po\u010det \u00fatr\u017ek\u016f: 400<\/p>\n<p style=\"text-align: left;\">Vrstvy: 1<\/p>\n<p style=\"text-align: left;\">Balen\u00ed: 64 ks<\/p>\n<hr \/>\n<h3>Beru\u0161ka<\/h3>\n<p style=\"text-align: left;\"><a href=\"http:\/\/www.anatra.cz\/wp-content\/uploads\/tp-beruska-2-vrstv-25-m1.jpg\"><img decoding=\"async\" class=\"alignleft wp-image-4632 size-medium\" title=\"Beru\u0161ka 25 m\" src=\"http:\/\/www.anatra.cz\/wp-content\/uploads\/tp-beruska-2-vrstv-25-m1-276x300.jpg\" alt=\"\" width=\"138\" height=\"150\" srcset=\"https:\/\/anatra.cz\/wp-content\/uploads\/tp-beruska-2-vrstv-25-m1-276x300.jpg 276w, https:\/\/anatra.cz\/wp-content\/uploads\/tp-beruska-2-vrstv-25-m1.jpg 883w\" sizes=\"(max-width: 138px) 100vw, 138px\" \/><\/a><br \/>\nBarva: \u0161ed\u00e1, recykl<\/p>\n<p style=\"text-align: left;\">N\u00e1vin: 25 m<\/p>\n<p style=\"text-align: left;\">Vrstvy: 2<\/p>\n<p style=\"text-align: left;\">Balen\u00ed: 4 role<\/p>\n<p style=\"text-align: left;\">Po\u010det bal\/pytel: 16<\/p>\n<hr \/>\n<h3>Beru\u0161ka<\/h3>\n<p style=\"text-align: left;\"><a href=\"http:\/\/www.anatra.cz\/wp-content\/uploads\/tp-beruska-2-vrstv-65-m.jpg\"><img decoding=\"async\" class=\"alignleft wp-image-4633 size-medium\" title=\"Beru\u0161ka 65 m\" src=\"http:\/\/www.anatra.cz\/wp-content\/uploads\/tp-beruska-2-vrstv-65-m-300x300.jpg\" alt=\"\" width=\"150\" height=\"150\" srcset=\"https:\/\/anatra.cz\/wp-content\/uploads\/tp-beruska-2-vrstv-65-m-300x300.jpg 300w, https:\/\/anatra.cz\/wp-content\/uploads\/tp-beruska-2-vrstv-65-m-150x150.jpg 150w, https:\/\/anatra.cz\/wp-content\/uploads\/tp-beruska-2-vrstv-65-m.jpg 800w\" sizes=\"(max-width: 150px) 100vw, 150px\" \/><\/a><\/p>\n<p>&nbsp;<\/p>\n<p style=\"text-align: left;\">Vrstvy: 2<\/p>\n<p style=\"text-align: left;\">D\u00e9lka: 65 m<\/p>\n<p style=\"text-align: left;\">Po\u010det bal\/pytel: 32<\/p>\n<hr \/>\n<h3>SMILE, celul\u00f3za<\/h3>\n<p style=\"text-align: left;\"><a href=\"http:\/\/www.anatra.cz\/wp-content\/uploads\/TP-smile-10ks-2vrstvy.jpg\"><img decoding=\"async\" class=\"alignleft size-full wp-image-50\" title=\"Smile 2 vrstv\u00fd\" src=\"http:\/\/www.anatra.cz\/wp-content\/uploads\/TP-smile-10ks-2vrstvy.jpg\" alt=\"Smile 2 vrstv\u00e1 celul\u00f3za\" width=\"170\" height=\"110\" \/><\/a><\/p>\n<p>&nbsp;<\/p>\n<p style=\"text-align: left;\">D\u00e9lka: 17,5 m<\/p>\n<p style=\"text-align: left;\">Vrstvy: 2<\/p>\n<p style=\"text-align: left;\">Po\u010det ks\/bal: 10<\/p>\n<hr \/>\n<h3>SMILE, celul\u00f3za<\/h3>\n<p style=\"text-align: left;\"><a href=\"http:\/\/www.anatra.cz\/wp-content\/uploads\/tp-smile-2-vrstv-40-m.jpg\"><img decoding=\"async\" class=\"alignleft wp-image-4637 size-full\" title=\"Smile 2 vrstv\u00fd\" src=\"http:\/\/www.anatra.cz\/wp-content\/uploads\/tp-smile-2-vrstv-40-m.jpg\" alt=\"\" width=\"150\" height=\"150\" srcset=\"https:\/\/anatra.cz\/wp-content\/uploads\/tp-smile-2-vrstv-40-m.jpg 225w, https:\/\/anatra.cz\/wp-content\/uploads\/tp-smile-2-vrstv-40-m-150x150.jpg 150w\" sizes=\"(max-width: 150px) 100vw, 150px\" \/><\/a><\/p>\n<p>&nbsp;<\/p>\n<p style=\"text-align: left;\">D\u00e9lka: 40 m<\/p>\n<p style=\"text-align: left;\">Vrstvy: 2<\/p>\n<p style=\"text-align: left;\">Po\u010det ks\/bal: 4<\/p>\n<hr \/>\n<h3>LUXUS, celul\u00f3za<\/h3>\n<p style=\"text-align: left;\"><a href=\"http:\/\/www.anatra.cz\/wp-content\/uploads\/tp-luxus-2-vrstvy-bily-100-celuloza.jpg\"><img decoding=\"async\" class=\"alignleft wp-image-4641 size-medium\" title=\"Luxus 2 vrstv\u00fd\" src=\"http:\/\/www.anatra.cz\/wp-content\/uploads\/tp-luxus-2-vrstvy-bily-100-celuloza-276x300.jpg\" alt=\"\" width=\"138\" height=\"150\" srcset=\"https:\/\/anatra.cz\/wp-content\/uploads\/tp-luxus-2-vrstvy-bily-100-celuloza-276x300.jpg 276w, https:\/\/anatra.cz\/wp-content\/uploads\/tp-luxus-2-vrstvy-bily-100-celuloza-941x1024.jpg 941w, https:\/\/anatra.cz\/wp-content\/uploads\/tp-luxus-2-vrstvy-bily-100-celuloza.jpg 1431w\" sizes=\"(max-width: 138px) 100vw, 138px\" \/><\/a><\/p>\n<p>&nbsp;<\/p>\n<p style=\"text-align: left;\">Vrstvy: 2<\/p>\n<p style=\"text-align: left;\">N\u00e1vin: 20 m<\/p>\n<p style=\"text-align: left;\">Po\u010det ks\/bal: 4<\/p>\n<hr \/>\n<h3>TORK PREMIUM 120320, celul\u00f3za TAD + recykl<\/h3>\n<p><a href=\"http:\/\/www.anatra.cz\/wp-content\/uploads\/Tork_120320.jpg\"><img decoding=\"async\" class=\"alignleft size-medium wp-image-5481\" src=\"http:\/\/www.anatra.cz\/wp-content\/uploads\/Tork_120320-300x182.jpg\" alt=\"\" width=\"150\" height=\"91\" srcset=\"https:\/\/anatra.cz\/wp-content\/uploads\/Tork_120320-300x182.jpg 300w, https:\/\/anatra.cz\/wp-content\/uploads\/Tork_120320.jpg 431w\" sizes=\"(max-width: 150px) 100vw, 150px\" \/><\/a><br \/>\n&nbsp;<\/p>\n<p style=\"text-align: left;\">D\u00e9lka: 23 m<\/p>\n<p style=\"text-align: left;\">Vrstvy: 2<\/p>\n<p style=\"text-align: left;\">Po\u010det ks\/bal: 8<\/p>\n<hr \/>\n<h3>ALMUSSO CAMILLA, celul\u00f3za<\/h3>\n<p style=\"text-align: left;\"><a href=\"http:\/\/www.anatra.cz\/wp-content\/uploads\/TP-almusso-camilla-3-vrstvy-9-ks.jpg\"><img decoding=\"async\" class=\"alignleft size-full wp-image-50\" title=\"Almusso Camilla 3 vrstv\u00fd\" src=\"http:\/\/www.anatra.cz\/wp-content\/uploads\/TP-almusso-camilla-3-vrstvy-9-ks.jpg\" alt=\"Smile 2 vrstv\u00e1 celul\u00f3za\" width=\"150\" height=\"110\" \/><\/a><\/p>\n<p>&nbsp;<\/p>\n<p style=\"text-align: left;\">Po\u010det \u00fatr\u017ek\u016f: 160<\/p>\n<p style=\"text-align: left;\">Vrstvy: 3<\/p>\n<p style=\"text-align: left;\">Po\u010det ks\/bal: 9<\/p>\n<hr \/>\n<h3>ALMUSSO DECORATO, celul\u00f3za<\/h3>\n<p style=\"text-align: left;\"><a href=\"http:\/\/www.anatra.cz\/wp-content\/uploads\/TP-Decorato-3-vrstv\u00fd-oran\u017e.png\"><img decoding=\"async\" class=\"alignleft size-full wp-image-50\" title=\"Almusso Decorato 3 vrstv\u00fd\" src=\"http:\/\/www.anatra.cz\/wp-content\/uploads\/TP-Decorato-3-vrstv\u00fd-oran\u017e.png\" alt=\"Smile 2 vrstv\u00e1 celul\u00f3za\" width=\"150\" height=\"110\" \/><\/a> <a href=\"http:\/\/www.anatra.cz\/wp-content\/uploads\/TP-Decorato-3-vrstv\u00fd.png\"><img decoding=\"async\" class=\"alignleft size-full wp-image-50\" title=\"Almusso Decorato 3 vrstv\u00fd\" src=\"http:\/\/www.anatra.cz\/wp-content\/uploads\/TP-Decorato-3-vrstv\u00fd.png\" alt=\"Smile 2 vrstv\u00e1 celul\u00f3za\" width=\"150\" height=\"110\" \/><\/a><\/p>\n<p>&nbsp;<\/p>\n<p style=\"text-align: left;\">Po\u010det \u00fatr\u017ek\u016f: 220<\/p>\n<p style=\"text-align: left;\">Vrstvy: 3<\/p>\n<p style=\"text-align: left;\">Po\u010det ks\/bal: 6<\/p>\n<hr \/>\n<h3>ALMUSSO KASCHMIR, celul\u00f3za<\/h3>\n<p style=\"text-align: left;\"><a href=\"http:\/\/www.anatra.cz\/wp-content\/uploads\/TP-Kaschmir-4-vrstv\u00fd.png\"><img decoding=\"async\" class=\"alignleft size-full wp-image-674\" title=\"TP Almusso Kaschmir\" src=\"http:\/\/www.anatra.cz\/wp-content\/uploads\/TP-Kaschmir-4-vrstv\u00fd.png\" alt=\"\" width=\"120\" height=\"120\" \/><\/a><\/p>\n<p>&nbsp;<\/p>\n<p style=\"text-align: left;\">Vrstvy: 4<\/p>\n<p style=\"text-align: left;\">N\u00e1vin: 20 m<\/p>\n<p style=\"text-align: left;\">Po\u010det \u00fatr\u017ek\u016f: 153<\/p>\n<p style=\"text-align: left;\">Po\u010det ks\/bal: 4<\/p>\n<hr \/>\n","protected":false},"excerpt":{"rendered":"<p>Beru\u0161ka Barva: \u0161ed\u00e1, recykl Po\u010det \u00fatr\u017ek\u016f: 400 Vrstvy: 1 Balen\u00ed: 64 ks Beru\u0161ka Barva: \u0161ed\u00e1, recykl N\u00e1vin: 25 m Vrstvy: 2 Balen\u00ed: 4 role Po\u010det bal\/pytel: 16 Beru\u0161ka &nbsp; Vrstvy: 2 D\u00e9lka: 65 m Po\u010det bal\/pytel: 32 SMILE, celul\u00f3za &nbsp; D\u00e9lka: 17,5 m Vrstvy: 2 Po\u010det ks\/bal: 10 SMILE, celul\u00f3za &nbsp; D\u00e9lka: 40 m Vrstvy: <a href=\"https:\/\/anatra.cz\/?page_id=41\" rel=\"nofollow\"><span class=\"sr-only\">P\u0159e\u010d\u00edst si v\u00edc oKonven\u010dn\u00ed role<\/span>[&#8230;]<\/a><\/p>\n","protected":false},"author":1,"featured_media":0,"parent":38,"menu_order":0,"comment_status":"closed","ping_status":"closed","template":"","meta":{"footnotes":""},"class_list":["post-41","page","type-page","status-publish","hentry"],"_links":{"self":[{"href":"https:\/\/anatra.cz\/index.php?rest_route=\/wp\/v2\/pages\/41","targetHints":{"allow":["GET"]}}],"collection":[{"href":"https:\/\/anatra.cz\/index.php?rest_route=\/wp\/v2\/pages"}],"about":[{"href":"https:\/\/anatra.cz\/index.php?rest_route=\/wp\/v2\/types\/page"}],"author":[{"embeddable":true,"href":"https:\/\/anatra.cz\/index.php?rest_route=\/wp\/v2\/users\/1"}],"replies":[{"embeddable":true,"href":"https:\/\/anatra.cz\/index.php?rest_route=%2Fwp%2Fv2%2Fcomments&post=41"}],"version-history":[{"count":79,"href":"https:\/\/anatra.cz\/index.php?rest_route=\/wp\/v2\/pages\/41\/revisions"}],"predecessor-version":[{"id":5484,"href":"https:\/\/anatra.cz\/index.php?rest_route=\/wp\/v2\/pages\/41\/revisions\/5484"}],"up":[{"embeddable":true,"href":"https:\/\/anatra.cz\/index.php?rest_route=\/wp\/v2\/pages\/38"}],"wp:attachment":[{"href":"https:\/\/anatra.cz\/index.php?rest_route=%2Fwp%2Fv2%2Fmedia&parent=41"}],"curies":[{"name":"wp","href":"https:\/\/api.w.org\/{rel}","templated":true}]}}