{"id":38,"date":"2010-07-02T17:27:13","date_gmt":"2010-07-02T17:27:13","guid":{"rendered":"http:\/\/www.anatra.cz\/?page_id=38"},"modified":"2011-02-05T17:17:43","modified_gmt":"2011-02-05T17:17:43","slug":"toaletni-papir","status":"publish","type":"page","link":"https:\/\/anatra.cz\/?page_id=38","title":{"rendered":"Toaletn\u00ed pap\u00edr"},"content":{"rendered":"<p><a href=\"http:\/\/www.anatra.cz\/wp-content\/uploads\/toaletn\u00ed-pap\u00edr.jpg\"><img decoding=\"async\" class=\"alignleft size-full wp-image-39\" title=\"toaletn\u00ed pap\u00edr\" src=\"http:\/\/www.anatra.cz\/wp-content\/uploads\/toaletn\u00ed-pap\u00edr.jpg\" alt=\"\" width=\"88\" height=\"130\" \/><\/a><br \/>\nNab\u00edz\u00edme toaletn\u00ed pap\u00edry z recyklovan\u00e9ho pap\u00edru od jednovrstv\u00fdch po t\u0159\u00edvrstv\u00e9. Z celul\u00f3zy nab\u00edz\u00edme dvoj a t\u0159\u00edvrstv\u00e9.<\/p>\n","protected":false},"excerpt":{"rendered":"<p>Nab\u00edz\u00edme toaletn\u00ed pap\u00edry z recyklovan\u00e9ho pap\u00edru od jednovrstv\u00fdch po t\u0159\u00edvrstv\u00e9. Z celul\u00f3zy nab\u00edz\u00edme dvoj a t\u0159\u00edvrstv\u00e9.<\/p>\n","protected":false},"author":1,"featured_media":0,"parent":686,"menu_order":1,"comment_status":"closed","ping_status":"closed","template":"","meta":{"footnotes":""},"class_list":["post-38","page","type-page","status-publish","hentry"],"_links":{"self":[{"href":"https:\/\/anatra.cz\/index.php?rest_route=\/wp\/v2\/pages\/38","targetHints":{"allow":["GET"]}}],"collection":[{"href":"https:\/\/anatra.cz\/index.php?rest_route=\/wp\/v2\/pages"}],"about":[{"href":"https:\/\/anatra.cz\/index.php?rest_route=\/wp\/v2\/types\/page"}],"author":[{"embeddable":true,"href":"https:\/\/anatra.cz\/index.php?rest_route=\/wp\/v2\/users\/1"}],"replies":[{"embeddable":true,"href":"https:\/\/anatra.cz\/index.php?rest_route=%2Fwp%2Fv2%2Fcomments&post=38"}],"version-history":[{"count":2,"href":"https:\/\/anatra.cz\/index.php?rest_route=\/wp\/v2\/pages\/38\/revisions"}],"predecessor-version":[{"id":693,"href":"https:\/\/anatra.cz\/index.php?rest_route=\/wp\/v2\/pages\/38\/revisions\/693"}],"up":[{"embeddable":true,"href":"https:\/\/anatra.cz\/index.php?rest_route=\/wp\/v2\/pages\/686"}],"wp:attachment":[{"href":"https:\/\/anatra.cz\/index.php?rest_route=%2Fwp%2Fv2%2Fmedia&parent=38"}],"curies":[{"name":"wp","href":"https:\/\/api.w.org\/{rel}","templated":true}]}}