{"id":3434,"date":"2012-05-20T20:39:07","date_gmt":"2012-05-20T19:39:07","guid":{"rendered":"http:\/\/www.anatra.cz\/?page_id=3434"},"modified":"2020-07-25T15:57:05","modified_gmt":"2020-07-25T14:57:05","slug":"mopy-drzaky-mopu-a-rucnich-padu","status":"publish","type":"page","link":"https:\/\/anatra.cz\/?page_id=3434","title":{"rendered":"Mopy, dr\u017e\u00e1ky, st\u011brky, ru\u010dn\u00ed pady"},"content":{"rendered":"<h3>Dr\u017e\u00e1k mopu, mop Rasant 40 \/ 50 cm, Combitex, Micro 40 cm<\/h3>\n<p><a href=\"http:\/\/www.anatra.cz\/wp-content\/uploads\/Dr\u017e\u00e1k-mopu-Rasant.jpg\"><img decoding=\"async\" class=\"alignleft size-full wp-image-1316\" title=\"Dr\u017e\u00e1k mopu Rasant\" src=\"http:\/\/www.anatra.cz\/wp-content\/uploads\/Dr\u017e\u00e1k-mopu-Rasant.jpg\" alt=\"\" width=\"120\" height=\"120\" \/> <a href=\"http:\/\/www.anatra.cz\/wp-content\/uploads\/Mop-Rasant.jpg\"><img decoding=\"async\" class=\"alignleft  wp-image-1316\" title=\"Mop Rasant\" src=\"http:\/\/www.anatra.cz\/wp-content\/uploads\/Mop-Rasant.jpg\" alt=\"\" width=\"120\" height=\"120\" \/> <a href=\"http:\/\/www.anatra.cz\/wp-content\/uploads\/Mop-Rasant-Combitex.jpg\"><img decoding=\"async\" class=\"alignleft  wp-image-1316\" title=\"Mop Combitex\" src=\"http:\/\/www.anatra.cz\/wp-content\/uploads\/Mop-Rasant-Combitex.jpg\" alt=\"\" width=\"120\" height=\"120\" \/> <a href=\"http:\/\/www.anatra.cz\/wp-content\/uploads\/Mop-Rasant-Micro.jpg\"><img decoding=\"async\" class=\"alignleft  wp-image-1316\" title=\"Mop Micro\" src=\"http:\/\/www.anatra.cz\/wp-content\/uploads\/Mop-Rasant-Micro.jpg\" alt=\"\" width=\"120\" height=\"120\" \/><\/a><br \/>\n&nbsp;<br \/>\n&nbsp;<br \/>\n&nbsp;<br \/>\n&nbsp;<br \/>\n&nbsp;<br \/>\n&nbsp;<\/p>\n<hr \/>\n<h3>Dr\u017e\u00e1k mopu a mop Blizzard 40 cm, Combitex s klipem 40 cm k dr\u017e\u00e1ku Blizzard<\/h3>\n<p><a href=\"http:\/\/www.anatra.cz\/wp-content\/uploads\/Dr\u017e\u00e1k-mopu-Blizzard.jpg\"><img decoding=\"async\" class=\"alignleft size-full wp-image-1316\" title=\"Dr\u017e\u00e1k mopu a mop Blizzard\" src=\"http:\/\/www.anatra.cz\/wp-content\/uploads\/Dr\u017e\u00e1k-mopu-Blizzard.jpg\" alt=\"\" width=\"120\" height=\"120\" \/> <a href=\"http:\/\/www.anatra.cz\/wp-content\/uploads\/Mop-Rasant-Combitex.jpg\"><img decoding=\"async\" class=\"alignleft  wp-image-1316\" title=\"Mop Combitex\" src=\"http:\/\/www.anatra.cz\/wp-content\/uploads\/Mop-Rasant-Combitex.jpg\" alt=\"\" width=\"120\" height=\"120\" \/><\/a><br \/>\n&nbsp;<br \/>\n&nbsp;<br \/>\n&nbsp;<br \/>\n&nbsp;<br \/>\n&nbsp;<br \/>\n&nbsp;<br \/>\n&nbsp;<br \/>\n&nbsp;<br \/>\n&nbsp;<\/p>\n<hr \/>\n<h3>Dr\u017e\u00e1k kapsov\u00e9ho mopu 40 a 50 cm, dr\u017e\u00e1k mopu flipper 40 a 50 cm a jaz\u00fd\u010dkov\u00fd mop flipper 40 a 50 cm<\/h3>\n<p><a href=\"http:\/\/www.anatra.cz\/wp-content\/uploads\/Dr\u017e\u00e1k-mopu.gif\"><img decoding=\"async\" class=\"alignleft size-full wp-image-1316\" title=\"Dr\u017e\u00e1k kapsov\u00e9ho mopu\" src=\"http:\/\/www.anatra.cz\/wp-content\/uploads\/Dr\u017e\u00e1k-mopu.gif\" alt=\"\" width=\"120\" height=\"90\" \/> <a href=\"http:\/\/www.anatra.cz\/wp-content\/uploads\/Dr\u017e\u00e1k-mopu-a-mop-Flipper-40-cm-jaz\u00fd\u010dkov\u00fd.jpg\"><img decoding=\"async\" class=\"alignleft  wp-image-1316\" title=\"Dr\u017e\u00e1k a jaz\u00fd\u010dkov\u00fd mop\" src=\"http:\/\/www.anatra.cz\/wp-content\/uploads\/Dr\u017e\u00e1k-mopu-a-mop-Flipper-40-cm-jaz\u00fd\u010dkov\u00fd.jpg\" alt=\"\" width=\"120\" height=\"90\" \/><\/a><br \/>\n&nbsp;<br \/>\n&nbsp;<br \/>\n&nbsp;<br \/>\n&nbsp;<\/p>\n<hr \/>\n<h3>Dr\u017e\u00e1k mopu ru\u010dn\u00ed a kloubov\u00fd na mikromop 27 x 14 cm<\/h3>\n<p><a href=\"http:\/\/www.anatra.cz\/wp-content\/uploads\/Dr\u017e\u00e1k-padu-ru\u010dn\u00ed.jpg\"><img decoding=\"async\" class=\"alignleft size-full wp-image-1316\" title=\"Dr\u017e\u00e1k mikromopu\" src=\"http:\/\/www.anatra.cz\/wp-content\/uploads\/Dr\u017e\u00e1k-padu-ru\u010dn\u00ed.jpg\" alt=\"\" width=\"120\" height=\"90\" \/> <a href=\"http:\/\/www.anatra.cz\/wp-content\/uploads\/Dr\u017e\u00e1k-padu-na-ty\u010d.jpg\"><img decoding=\"async\" class=\"alignleft  wp-image-1316\" title=\"Kloubov\u00fd dr\u017e\u00e1k mikromopu\" src=\"http:\/\/www.anatra.cz\/wp-content\/uploads\/Dr\u017e\u00e1k-padu-na-ty\u010d.jpg\" alt=\"\" width=\"120\" height=\"90\" \/> <a href=\"http:\/\/www.anatra.cz\/wp-content\/uploads\/Mikrovl\u00e1knov\u00fd-mop-27x13-cm.jpg\"><img decoding=\"async\" class=\"alignleft  wp-image-1316\" title=\"Mikrovl\u00e1knov\u00fd mop 27X14 cm\" src=\"http:\/\/www.anatra.cz\/wp-content\/uploads\/Mikrovl\u00e1knov\u00fd-mop-27x13-cm.jpg\" alt=\"\" width=\"120\" height=\"90\" \/><\/a><br \/>\n&nbsp;<br \/>\n&nbsp;<br \/>\n&nbsp;<br \/>\n&nbsp;<br \/>\n&nbsp;<br \/>\n&nbsp;<\/p>\n<hr \/>\n<h3>Dr\u017e\u00e1k t\u0159\u00e1s\u0148ov\u00e9ho mopu, t\u0159\u00e1s\u0148ov\u00fd mop<\/h3>\n<p><a href=\"http:\/\/www.anatra.cz\/wp-content\/uploads\/Dr\u017e\u00e1k-t\u0159\u00e1s\u0148oveho-mopu.jpg\"><img decoding=\"async\" class=\"alignleft size-full wp-image-1316\" title=\"Dr\u017e\u00e1k t\u0159\u00e1s\u0148ov\u00e9ho mopu\" src=\"http:\/\/www.anatra.cz\/wp-content\/uploads\/Dr\u017e\u00e1k-t\u0159\u00e1s\u0148oveho-mopu.jpg\" alt=\"\" width=\"120\" height=\"90\" \/> <a href=\"http:\/\/www.anatra.cz\/wp-content\/uploads\/Mop-t\u0159\u00e1s\u0148ov\u00fd.jpg\"><img decoding=\"async\" class=\"alignleft  wp-image-1316\" title=\"T\u0159\u00e1s\u0148ov\u00fd mop mop\" src=\"http:\/\/www.anatra.cz\/wp-content\/uploads\/Mop-t\u0159\u00e1s\u0148ov\u00fd.jpg\" alt=\"\" width=\"120\" height=\"90\" \/><\/a><br \/>\n&nbsp;<br \/>\n&nbsp;<br \/>\n&nbsp;<br \/>\n&nbsp;<\/p>\n<hr \/>\n<h3>V &#8211; mop, hlin\u00edkov\u00e1 ty\u010d, v\u00fdstra\u017en\u00e1 tabule<\/h3>\n<p><a href=\"http:\/\/www.anatra.cz\/wp-content\/uploads\/Mop-V.jpg\"><img decoding=\"async\" class=\"alignleft  wp-image-1316\" title=\"V mop\" src=\"http:\/\/www.anatra.cz\/wp-content\/uploads\/Mop-V.jpg\" alt=\"\" width=\"100\" height=\"150\" \/> <a href=\"http:\/\/www.anatra.cz\/wp-content\/uploads\/Hlin\u00edkov\u00e1-ty\u010d.jpg\"><img decoding=\"async\" class=\"alignleft  wp-image-1316\" title=\"Hlin\u00edkov\u00e1 ty\u010d\" src=\"http:\/\/www.anatra.cz\/wp-content\/uploads\/Hlin\u00edkov\u00e1-ty\u010d.jpg\" alt=\"\" width=\"100\" height=\"150\" \/> <a href=\"http:\/\/www.anatra.cz\/wp-content\/uploads\/V\u00fdstra\u017en\u00e1-tabule-58-cm.jpg\"><img decoding=\"async\" class=\"alignleft  wp-image-1316\" title=\"V\u00fdstra\u017en\u00e1 tabule\" src=\"http:\/\/www.anatra.cz\/wp-content\/uploads\/V\u00fdstra\u017en\u00e1-tabule-58-cm.jpg\" alt=\"\" width=\"100\" height=\"150\" \/><\/a><br \/>\n&nbsp;<br \/>\n&nbsp;<br \/>\n&nbsp;<br \/>\n&nbsp;<br \/>\n&nbsp;<br \/>\n&nbsp;<br \/>\n&nbsp;<\/p>\n<hr \/>\n<h3>Dr\u017e\u00e1k padu ru\u010dn\u00ed a kloubov\u00fd, pady mal\u00e9 r\u016fzn\u00e9 hrubosti<\/h3>\n<p><a href=\"http:\/\/www.anatra.cz\/wp-content\/uploads\/Dr\u017e\u00e1k-padu-ru\u010dn\u00ed.jpg\"><img decoding=\"async\" class=\"alignleft size-full wp-image-1316\" title=\"Dr\u017e\u00e1k padu ru\u010dn\u00ed\" src=\"http:\/\/www.anatra.cz\/wp-content\/uploads\/Dr\u017e\u00e1k-padu-ru\u010dn\u00ed.jpg\" alt=\"\" width=\"120\" height=\"90\" \/> <a href=\"http:\/\/www.anatra.cz\/wp-content\/uploads\/Dr\u017e\u00e1k-padu-na-ty\u010d.jpg\"><img decoding=\"async\" class=\"alignleft  wp-image-1316\" title=\"Kloubov\u00fd dr\u017e\u00e1k padu\" src=\"http:\/\/www.anatra.cz\/wp-content\/uploads\/Dr\u017e\u00e1k-padu-na-ty\u010d.jpg\" alt=\"\" width=\"120\" height=\"90\" \/> <a href=\"http:\/\/www.anatra.cz\/wp-content\/uploads\/Pad-ru\u010dn\u00ed.jpg\"><img decoding=\"async\" class=\"alignleft  wp-image-1316\" title=\"Pad mal\u00fd\" src=\"http:\/\/www.anatra.cz\/wp-content\/uploads\/Pad-ru\u010dn\u00ed.jpg\" alt=\"\" width=\"120\" height=\"90\" \/><\/a><br \/>\n&nbsp;<br \/>\n&nbsp;<br \/>\n&nbsp;<br \/>\n&nbsp;<br \/>\n&nbsp;<br \/>\n&nbsp;<\/p>\n<hr \/>\n<h3>Podlahov\u00e9 st\u011brky 45, 55 a 75 cm, standard \u010dern\u00e1 guma, olejuvzdorn\u00e1 \u010derven\u00e1 a pro potravin\u00e1\u0159sk\u00fd pr\u016fmysl b\u00edl\u00e1<\/h3>\n<p><a href=\"http:\/\/www.anatra.cz\/wp-content\/uploads\/St\u011brka-na-podlahu-univerz\u00e1ln\u00ed.jpg\"><img decoding=\"async\" class=\"alignleft size-full wp-image-1316\" title=\"Podlahov\u00e1 st\u011brka standard\" src=\"http:\/\/www.anatra.cz\/wp-content\/uploads\/St\u011brka-na-podlahu-univerz\u00e1ln\u00ed.jpg\" alt=\"\" width=\"120\" height=\"90\" \/> <a href=\"http:\/\/www.anatra.cz\/wp-content\/uploads\/St\u011brka-na-podlahu-olejuvzdorn\u00e1.jpg\"><img decoding=\"async\" class=\"alignleft  wp-image-1316\" title=\"Podlahov\u00e1 st\u011brka olejuvzdorn\u00e1\" src=\"http:\/\/www.anatra.cz\/wp-content\/uploads\/St\u011brka-na-podlahu-olejuvzdorn\u00e1.jpg\" alt=\"\" width=\"120\" height=\"90\" \/> <\/a><br \/>\n&nbsp;<br \/>\n&nbsp;<br \/>\n&nbsp;<br \/>\n&nbsp;<br \/>\n&nbsp;<br \/>\n&nbsp;<\/p>\n<hr \/>\n","protected":false},"excerpt":{"rendered":"<p>Dr\u017e\u00e1k mopu, mop Rasant 40 \/ 50 cm, Combitex, Micro 40 cm &nbsp; &nbsp; &nbsp; &nbsp; &nbsp; &nbsp; Dr\u017e\u00e1k mopu a mop Blizzard 40 cm, Combitex s klipem 40 cm k dr\u017e\u00e1ku Blizzard &nbsp; &nbsp; &nbsp; &nbsp; &nbsp; &nbsp; &nbsp; &nbsp; &nbsp; Dr\u017e\u00e1k kapsov\u00e9ho mopu 40 a 50 cm, dr\u017e\u00e1k mopu flipper 40 a 50 <a href=\"https:\/\/anatra.cz\/?page_id=3434\" rel=\"nofollow\"><span class=\"sr-only\">P\u0159e\u010d\u00edst si v\u00edc oMopy, dr\u017e\u00e1ky, st\u011brky, ru\u010dn\u00ed pady<\/span>[&#8230;]<\/a><\/p>\n","protected":false},"author":1,"featured_media":0,"parent":1208,"menu_order":1,"comment_status":"closed","ping_status":"closed","template":"","meta":{"footnotes":""},"class_list":["post-3434","page","type-page","status-publish","hentry"],"_links":{"self":[{"href":"https:\/\/anatra.cz\/index.php?rest_route=\/wp\/v2\/pages\/3434","targetHints":{"allow":["GET"]}}],"collection":[{"href":"https:\/\/anatra.cz\/index.php?rest_route=\/wp\/v2\/pages"}],"about":[{"href":"https:\/\/anatra.cz\/index.php?rest_route=\/wp\/v2\/types\/page"}],"author":[{"embeddable":true,"href":"https:\/\/anatra.cz\/index.php?rest_route=\/wp\/v2\/users\/1"}],"replies":[{"embeddable":true,"href":"https:\/\/anatra.cz\/index.php?rest_route=%2Fwp%2Fv2%2Fcomments&post=3434"}],"version-history":[{"count":97,"href":"https:\/\/anatra.cz\/index.php?rest_route=\/wp\/v2\/pages\/3434\/revisions"}],"predecessor-version":[{"id":5648,"href":"https:\/\/anatra.cz\/index.php?rest_route=\/wp\/v2\/pages\/3434\/revisions\/5648"}],"up":[{"embeddable":true,"href":"https:\/\/anatra.cz\/index.php?rest_route=\/wp\/v2\/pages\/1208"}],"wp:attachment":[{"href":"https:\/\/anatra.cz\/index.php?rest_route=%2Fwp%2Fv2%2Fmedia&parent=3434"}],"curies":[{"name":"wp","href":"https:\/\/api.w.org\/{rel}","templated":true}]}}