{"id":3338,"date":"2012-05-18T21:16:05","date_gmt":"2012-05-18T20:16:05","guid":{"rendered":"http:\/\/www.anatra.cz\/?page_id=3338"},"modified":"2020-07-25T16:16:03","modified_gmt":"2020-07-25T15:16:03","slug":"se-sedici-obsluhou-36-v-professional-line","status":"publish","type":"page","link":"https:\/\/anatra.cz\/?page_id=3338","title":{"rendered":"Se sed\u00edc\u00ed obsluhou 36 V Professional Line"},"content":{"rendered":"<h3>Mg 75 B<\/h3>\n<p style=\"text-align: justify;\"><a href=\"http:\/\/www.anatra.cz\/wp-content\/uploads\/Mg-75.jpg\"><img decoding=\"async\" class=\"alignleft size-full wp-image-1659\" title=\"Mg 75\" src=\"http:\/\/www.anatra.cz\/wp-content\/uploads\/Mg-75.jpg\" alt=\"\" width=\"180\" height=\"200\" \/><\/a><br \/>\nPracovn\u00ed z\u00e1b\u011br: 750 mm<br \/>\nPlo\u0161n\u00fd v\u00fdkon: 4500 m2\/h<br \/>\nN\u00e1dr\u017e na roztok: 170 l<br \/>\nN\u00e1dr\u017e na zne\u010di\u0161t\u011bn\u00fd roztok: 175 l<br \/>\nKart\u00e1\u010d: 2 x 390 mm<br \/>\nP\u0159\u00edtlak kart\u00e1\u010de: 60 &#8211; 80 &#8211; 100 kg<br \/>\nSt\u00edrac\u00ed li\u0161ta: 1003 mm<br \/>\nMotor kart\u00e1\u010de: 36V\/1500 W<br \/>\nPojezdov\u00fd motor: 36V\/900 W<br \/>\nRychlost pojezdu: 0 &#8211; 8 km\/hod<br \/>\nStoupavost: max. 15%<br \/>\nMotor s\u00e1n\u00ed: 36V\/670 W<br \/>\nPodtlak: 140 mbar<br \/>\nOt\u00e1\u010dky: 185<br \/>\nD\u00e9lka: 1750 mm<br \/>\nV\u00fd\u0161ka: 1402 mm<br \/>\n\u0160\u00ed\u0159ka: 805 mm<br \/>\nHmotnost: 386 kg<br \/>\nHmotnost bateri\u00ed: 195 kg<br \/>\nBaterie: 36 V\/240 Ah<br \/>\nPracovn\u00ed doba bateri\u00ed: 4 hodiny<br \/>\nHlu\u010dnost: 64 dB<\/p>\n<p style=\"text-align: justify;\">Myc\u00ed stroj Mg 75 B je nov\u00fdm typem od spole\u010dnosti FIMAP. Tento typ myc\u00edho stroje je vhodn\u00fd pro \u00faklid velk\u00fdch pr\u016fmyslov\u00fdch, logistick\u00fdch a obchodn\u00edch prostor. D\u00edky technologii sni\u017euj\u00edc\u00ed \u00farove\u0148 hlu\u010dnosti (FNC &#8211; FIMAP NOISE CANCELING) myc\u00ed stroj redukuje hlu\u010dnost na maxim\u00e1ln\u011b 64 decibel\u016f a je tak vhodn\u00fd i do prostor citliv\u00fdch na \u00farove\u0148 hlu\u010dnosti. Dal\u0161\u00ed nespornou v\u00fdhodou myc\u00edho stroje  je syst\u00e9m (FES &#8211; FIMAP ENERGY SAVER), kter\u00fd okam\u017eit\u011b vypne kart\u00e1\u010d i p\u0159\u00edvod vody, pokud stroj zastav\u00ed (b\u011b\u017e\u00ed napr\u00e1zdno). Touto technologi\u00ed lze uspo\u0159it a\u017e 35 % energie. Dal\u0161\u00ed novinkou v \u0159ad\u011b myc\u00edch stroj\u016f Mg je syst\u00e9m (FWR &#8211; FIMAP WATER FLOW), kter\u00fd zaji\u0161\u0165uje rovnom\u011brn\u00e9 rozd\u011blen\u00ed \u010dist\u00edc\u00edho roztoku na kart\u00e1\u010de v z\u00e1vislosti na p\u0159\u00edtlaku kart\u00e1\u010de a pracovn\u00ed rychlosti. Na p\u0159\u00e1n\u00ed z\u00e1kazn\u00edka lze ke stroji dodat syst\u00e9m umo\u017e\u0148uj\u00edc\u00ed automatick\u00e9 d\u00e1vkov\u00e1n\u00ed \u010dist\u00edc\u00edch prost\u0159edk\u016f (FSS &#8211; FIMAP SOLUTION SAVER). Tento syst\u00e9m zvl\u00e1dne uspo\u0159it a\u017e 50 % hodnoty spot\u0159ebovan\u00fdch \u010dist\u00edc\u00edch prost\u0159edk\u016f.<\/p>\n<hr \/>\n<h3>Mg 85 B<\/h3>\n<p style=\"text-align: justify;\"><a href=\"http:\/\/www.anatra.cz\/wp-content\/uploads\/Mg-85.jpg\"><img decoding=\"async\" class=\"alignleft size-full wp-image-1659\" title=\"Mg 85\" src=\"http:\/\/www.anatra.cz\/wp-content\/uploads\/Mg-85.jpg\" alt=\"\" width=\"180\" height=\"200\" \/><\/a><br \/>\nPracovn\u00ed z\u00e1b\u011br: 850 mm<br \/>\nPlo\u0161n\u00fd v\u00fdkon: 5100 m2\/h<br \/>\nN\u00e1dr\u017e na roztok: 170 l<br \/>\nN\u00e1dr\u017e na zne\u010di\u0161t\u011bn\u00fd roztok: 175 l<br \/>\nKart\u00e1\u010d: 2 x 430 mm<br \/>\nP\u0159\u00edtlak kart\u00e1\u010de: 60 &#8211; 80 &#8211; 100 kg<br \/>\nSt\u00edrac\u00ed li\u0161ta: 1103 mm<br \/>\nMotor kart\u00e1\u010de: 36V\/1500 W<br \/>\nPojezdov\u00fd motor: 36V\/900 W<br \/>\nRychlost pojezdu: 0 &#8211; 8 km\/hod<br \/>\nStoupavost: max. 15%<br \/>\nMotor s\u00e1n\u00ed: 36V\/670 W<br \/>\nPodtlak: 140 mbar<br \/>\nOt\u00e1\u010dky: 185<br \/>\nD\u00e9lka: 1750 mm<br \/>\nV\u00fd\u0161ka: 1402 mm<br \/>\n\u0160\u00ed\u0159ka: 903 mm<br \/>\nHmotnost: 389 kg<br \/>\nHmotnost bateri\u00ed: 195 kg<br \/>\nBaterie: 36 V\/240 Ah<br \/>\nPracovn\u00ed doba bateri\u00ed: 4 hodiny<br \/>\nHlu\u010dnost: 64 dB<\/p>\n<p style=\"text-align: justify;\">Myc\u00ed stroj Mg 85 B je nov\u00fdm typem od spole\u010dnosti FIMAP. Tento typ myc\u00edho stroje je vhodn\u00fd pro \u00faklid velk\u00fdch pr\u016fmyslov\u00fdch, logistick\u00fdch a obchodn\u00edch center. D\u00edky technologii sni\u017euj\u00edc\u00ed \u00farove\u0148 hlu\u010dnosti (FNC &#8211; FIMAP NOISE CANCELING) myc\u00ed stroj redukuje hlu\u010dnost na maxim\u00e1ln\u011b 64 decibel\u016f a je tak vhodn\u00fd i do prostor citliv\u00fdch na \u00farove\u0148 hlu\u010dnosti. Dal\u0161\u00ed nespornou v\u00fdhodou myc\u00edho stroje  je syst\u00e9m (FES &#8211; FIMAP ENERGY SAVER), kter\u00fd okam\u017eit\u011b vypne kart\u00e1\u010d i p\u0159\u00edvod vody, pokud stroj zastav\u00ed (b\u011b\u017e\u00ed napr\u00e1zdno). Touto technologi\u00ed lze uspo\u0159it a\u017e 35 % energie. Dal\u0161\u00ed novinkou v \u0159ad\u011b myc\u00edch stroj\u016f Mg je syst\u00e9m (FWR &#8211; FIMAP WATER FLOW), kter\u00fd zaji\u0161\u0165uje rovnom\u011brn\u00e9 rozd\u011blen\u00ed \u010dist\u00edc\u00edho roztoku na kart\u00e1\u010de v z\u00e1vislosti na p\u0159\u00edtlaku kart\u00e1\u010de a pracovn\u00ed rychlosti. Na p\u0159\u00e1n\u00ed z\u00e1kazn\u00edka lze ke stroji dodat syst\u00e9m umo\u017e\u0148uj\u00edc\u00ed automatick\u00e9 d\u00e1vkov\u00e1n\u00ed \u010dist\u00edc\u00edch prost\u0159edk\u016f (FSS &#8211; FIMAP SOLUTION SAVER). Tento syst\u00e9m zvl\u00e1dne uspo\u0159it a\u017e 50 % hodnoty spot\u0159ebovan\u00fdch \u010dist\u00edc\u00edch prost\u0159edk\u016f.<\/p>\n<hr \/>\n<h3>Mg 100 B<\/h3>\n<p style=\"text-align: justify;\"><a href=\"http:\/\/www.anatra.cz\/wp-content\/uploads\/Mg-75.jpg\"><img decoding=\"async\" class=\"alignleft size-full wp-image-1659\" title=\"Mg 10\" src=\"http:\/\/www.anatra.cz\/wp-content\/uploads\/Mg-75.jpg\" alt=\"\" width=\"180\" height=\"200\" \/><\/a><br \/>\nPracovn\u00ed z\u00e1b\u011br: 1000 mm<br \/>\nPlo\u0161n\u00fd v\u00fdkon: 6000 m2\/h<br \/>\nN\u00e1dr\u017e na roztok: 170 l<br \/>\nN\u00e1dr\u017e na zne\u010di\u0161t\u011bn\u00fd roztok: 175 l<br \/>\nKart\u00e1\u010d: 2 x 510 mm<br \/>\nP\u0159\u00edtlak kart\u00e1\u010de: 60 &#8211; 80 &#8211; 100 kg<br \/>\nSt\u00edrac\u00ed li\u0161ta: 1266 mm<br \/>\nMotor kart\u00e1\u010de: 36V\/1500 W<br \/>\nPojezdov\u00fd motor: 36V\/900 W<br \/>\nRychlost pojezdu: 0 &#8211; 8 km\/hod<br \/>\nStoupavost: max. 15%<br \/>\nMotor s\u00e1n\u00ed: 36V\/670 W<br \/>\nPodtlak: 140 mbar<br \/>\nOt\u00e1\u010dky: 160<br \/>\nD\u00e9lka: 1750 mm<br \/>\nV\u00fd\u0161ka: 1402 mm<br \/>\n\u0160\u00ed\u0159ka: 1053 mm<br \/>\nHmotnost: 394 kg<br \/>\nHmotnost bateri\u00ed: 195 kg<br \/>\nBaterie: 36 V\/240 Ah<br \/>\nPracovn\u00ed doba bateri\u00ed: 4 hodiny<br \/>\nHlu\u010dnost: 64 dB<\/p>\n<p style=\"text-align: justify;\">Myc\u00ed stroj Mg 100 B je nov\u00fdm typem od spole\u010dnosti FIMAP. Tento typ myc\u00edho stroje je vhodn\u00fd pro \u00faklid velk\u00fdch pr\u016fmyslov\u00fdch, logistick\u00fdch a obchodn\u00edch prostor. D\u00edky technologii sni\u017euj\u00edc\u00ed \u00farove\u0148 hlu\u010dnosti (FNC &#8211; FIMAP NOISE CANCELING) myc\u00ed stroj redukuje hlu\u010dnost na maxim\u00e1ln\u011b 64 decibel\u016f a je tak vhodn\u00fd i do prostor citliv\u00fdch na \u00farove\u0148 hlu\u010dnosti. Dal\u0161\u00ed nespornou v\u00fdhodou myc\u00edho stroje  je syst\u00e9m (FES &#8211; FIMAP ENERGY SAVER), kter\u00fd okam\u017eit\u011b vypne kart\u00e1\u010d i p\u0159\u00edvod vody, pokud stroj zastav\u00ed (b\u011b\u017e\u00ed napr\u00e1zdno). Touto technologi\u00ed lze uspo\u0159it a\u017e 35 % energie. Dal\u0161\u00ed novinkou v \u0159ad\u011b myc\u00edch stroj\u016f Mg je syst\u00e9m (FWR &#8211; FIMAP WATER FLOW), kter\u00fd zaji\u0161\u0165uje rovnom\u011brn\u00e9 rozd\u011blen\u00ed \u010dist\u00edc\u00edho roztoku na kart\u00e1\u010de v z\u00e1vislosti na p\u0159\u00edtlaku kart\u00e1\u010de a pracovn\u00ed rychlosti. Na p\u0159\u00e1n\u00ed z\u00e1kazn\u00edka lze ke stroji dodat syst\u00e9m umo\u017e\u0148uj\u00edc\u00ed automatick\u00e9 d\u00e1vkov\u00e1n\u00ed \u010dist\u00edc\u00edch prost\u0159edk\u016f (FSS &#8211; FIMAP SOLUTION SAVER). Tento syst\u00e9m zvl\u00e1dne uspo\u0159it a\u017e 50 % hodnoty spot\u0159ebovan\u00fdch \u010dist\u00edc\u00edch prost\u0159edk\u016f.<\/p>\n<hr \/>\n<h3>Magna 85 B<\/h3>\n<p style=\"text-align: justify;\"><a href=\"http:\/\/www.anatra.cz\/wp-content\/uploads\/Magna-85-B.jpg\"><img decoding=\"async\" class=\"alignleft size-full wp-image-1659\" title=\"Magna 85 B\" src=\"http:\/\/www.anatra.cz\/wp-content\/uploads\/Magna-85-B.jpg\" alt=\"\" width=\"180\" height=\"200\" \/><\/a><br \/>\nPracovn\u00ed z\u00e1b\u011br: 850 mm<br \/>\nPlo\u0161n\u00fd v\u00fdkon: 5500 m2\/h<br \/>\nN\u00e1dr\u017e na roztok: 200 l<br \/>\nN\u00e1dr\u017e na zne\u010di\u0161t\u011bn\u00fd roztok: 215 l<br \/>\nKart\u00e1\u010d: 2 x 430 mm<br \/>\nP\u0159\u00edtlak kart\u00e1\u010de: max. 130 kg<br \/>\nBo\u010dn\u00ed v\u00fdsuv kart\u00e1\u010dov\u00e9 hlavy: 150 mm<br \/>\nSt\u00edrac\u00ed li\u0161ta p\u0159edn\u00ed, zadn\u00ed: 1120 mm<br \/>\nMotor kart\u00e1\u010de: 36V\/1500 W<br \/>\nPojezdov\u00fd motor: 36V\/1100 W<br \/>\nRychlost pojezdu: 0 &#8211; 6,5 km\/hod<br \/>\nMotor s\u00e1n\u00ed: 36V\/670 W (2)<br \/>\nPodtlak: 190 mbar<br \/>\nOt\u00e1\u010dky: 180<br \/>\nD\u00e9lka: 1960 mm<br \/>\nV\u00fd\u0161ka: 1500 mm<br \/>\n\u0160\u00ed\u0159ka: 870 mm<br \/>\nHmotnost: 490 kg<br \/>\nHmotnost bateri\u00ed: 370 kg<br \/>\nBaterie: 36 V\/330 Ah<br \/>\nPracovn\u00ed doba bateri\u00ed: 5 hodin<br \/>\nHlu\u010dnost: 69 dB<\/p>\n<p style=\"text-align: justify;\">Magna 85 B je dvoukotou\u010dov\u00fd bateriov\u00fd stroj se sed\u00edc\u00ed obsluhou a pracovn\u00edm z\u00e1b\u011brem 85 cm. Ovl\u00e1dac\u00ed prvky stroje jsou lehce dosa\u017eiteln\u00e9 a ovladateln\u00e9 z m\u00edsta obsluhy. Stroj m\u00e1 t\u0159i z\u00e1kladn\u00ed rychlosti, d\u00e1le se pojezdov\u00e1 rychlost ovl\u00e1d\u00e1 no\u017en\u00edm ped\u00e1lem na podlaze a je plynule regulovateln\u00e1. Automaticky se zved\u00e1 sac\u00ed li\u0161ta p\u0159i couv\u00e1n\u00ed stroje. Funkce stroje je mo\u017eno ovl\u00e1dat tla\u010d\u00edtky jednotliv\u011b nebo p\u0159epnut\u00edm na automat. Nespornou v\u00fdhodou tohoto stroje je mo\u017enost vysunut\u00ed kart\u00e1\u010dov\u00e9 hlavy do boku stroje. Vyu\u017e\u00edv\u00e1 se nap\u0159. v p\u0159\u00edpad\u011b myt\u00ed podest nebo ploch pod z\u00e1bradl\u00edm atd. Je umo\u017en\u011bno \u010dty\u0159n\u00e1sobn\u00e9 vyu\u017eit\u00ed gumy st\u011brky jej\u00edm ot\u00e1\u010den\u00edm, \u010d\u00edm\u017e je prodlou\u017eena jej\u00ed \u017eivotnost. P\u0159\u00edtlak kart\u00e1\u010d\u016f je voliteln\u00fd ve t\u0159ech stupn\u00edch podle zne\u010di\u0161t\u011bn\u00ed podlahy. V p\u0159\u00edpad\u011b zastaven\u00ed stroje se automaticky zastavuje p\u0159\u00edvod myc\u00edho roztoku a zastavuj\u00ed se tak\u00e9 kart\u00e1\u010de. Nem\u016f\u017ee doj\u00edt k po\u0161kozen\u00ed podlahy a necht\u011bn\u00e9mu \u00faniku myc\u00edho roztoku. P\u0159i zastaven\u00ed stroje na \u0161ikm\u00e9 plo\u0161e je mo\u017eno pou\u017e\u00edt parkovac\u00ed brzdu. N\u00e1dr\u017e na zne\u010di\u0161t\u011bnou vodu je v\u011bt\u0161\u00ed ne\u017e n\u00e1dr\u017e na \u010distou vodu (zv\u00fd\u0161en\u00ed objemu v d\u016fsledku odklizen\u00ed sn\u011bhu, vody atd.). V\u00fdhodou jsou dob\u0159e p\u0159\u00edstupn\u00e9 baterie po odklopen\u00ed sedadla obsluhy. Extern\u00ed nab\u00edje\u010dka (stroj sebou zbyte\u010dn\u011b nevoz\u00ed mrtvou hmotnost) je automaticky odpojena po dosa\u017een\u00ed 100% stavu nabit\u00ed bateri\u00ed.<\/p>\n<hr \/>\n<h3>Magna 100 B<\/h3>\n<p style=\"text-align: justify;\"><a href=\"http:\/\/www.anatra.cz\/wp-content\/uploads\/Magna-100-B.jpg\"><img decoding=\"async\" class=\"alignleft size-full wp-image-1659\" title=\"Magna 100 B\" src=\"http:\/\/www.anatra.cz\/wp-content\/uploads\/Magna-100-B.jpg\" alt=\"\" width=\"180\" height=\"170\" \/><\/a><br \/>\nPracovn\u00ed z\u00e1b\u011br: 1000 mm<br \/>\nPlo\u0161n\u00fd v\u00fdkon: 6500 m2\/h<br \/>\nN\u00e1dr\u017e na roztok: 200 l<br \/>\nN\u00e1dr\u017e na zne\u010di\u0161t\u011bn\u00fd roztok: 215 l<br \/>\nKart\u00e1\u010d: 2 x 510 mm<br \/>\nP\u0159\u00edtlak kart\u00e1\u010de: max. 150 kg<br \/>\nBo\u010dn\u00ed v\u00fdsuv kart\u00e1\u010dov\u00e9 hlavy: 150 mm<br \/>\nSt\u00edrac\u00ed li\u0161ta p\u0159edn\u00ed, zadn\u00ed: 1279 mm<br \/>\nMotor kart\u00e1\u010de: 36V\/2000 W<br \/>\nPojezdov\u00fd motor: 36V\/1100 W<br \/>\nRychlost pojezdu: 0 &#8211; 6,5 km\/hod<br \/>\nMotor s\u00e1n\u00ed: 36V\/670 W (2)<br \/>\nPodtlak: 190 mbar<br \/>\nOt\u00e1\u010dky: 180<br \/>\nD\u00e9lka: 1960 mm<br \/>\nV\u00fd\u0161ka: 1500 mm<br \/>\n\u0160\u00ed\u0159ka: 1120 mm<br \/>\nHmotnost: 515 kg<br \/>\nHmotnost bateri\u00ed: 370 kg<br \/>\nBaterie: 36 V\/330 Ah<br \/>\nPracovn\u00ed doba bateri\u00ed: 5 hodin<br \/>\nHlu\u010dnost: 69 dB<\/p>\n<p style=\"text-align: justify;\">Magna 100 B je dvoukotou\u010dov\u00fd bateriov\u00fd stroj se sed\u00edc\u00ed obsluhou a pracovn\u00edm z\u00e1b\u011brem 100 cm. Ovl\u00e1dac\u00ed prvky stroje jsou lehce dosa\u017eiteln\u00e9 a ovladateln\u00e9 z m\u00edsta obsluhy. Myc\u00ed stroj m\u00e1 t\u0159i z\u00e1kladn\u00ed rychlosti, pojezdov\u00e1 rychlost se ovl\u00e1d\u00e1 no\u017en\u00edm ped\u00e1lem na podlaze a je plynule regulovateln\u00e1. Sac\u00ed li\u0161ta se zved\u00e1 automaticky p\u0159i couv\u00e1n\u00ed stroje. Funkce stroje je mo\u017eno ovl\u00e1dat manu\u00e1ln\u011b nebo p\u0159epnut\u00edm na automat. Jako nesporn\u00e1 v\u00fdhoda tohoto stroje je vysunut\u00ed kart\u00e1\u010dov\u00e9 hlavy do boku stroje, kter\u00e9 umo\u017e\u0148uje myt\u00ed podest, ploch pod z\u00e1bradl\u00edm, atd. Je umo\u017en\u011bno \u010dty\u0159n\u00e1sobn\u00e9 vyu\u017eit\u00ed gumy st\u011brky jej\u00edm ot\u00e1\u010den\u00edm, \u010d\u00edm\u017e je prodlou\u017eena jej\u00ed \u017eivotnost. P\u0159\u00edtlak kart\u00e1\u010d\u016f je voliteln\u00fd ve t\u0159ech stupn\u00edch podle zne\u010di\u0161t\u011bn\u00ed podlahy. V p\u0159\u00edpad\u011b zastaven\u00ed stroje se automaticky zastavuje p\u0159\u00edvod myc\u00edho roztoku a zastavuj\u00ed se tak\u00e9 kart\u00e1\u010de, tak\u017ee nem\u016f\u017ee doj\u00edt k po\u0161kozen\u00ed podlahy a necht\u011bn\u00e9mu \u00faniku myc\u00edho roztoku. P\u0159i zastaven\u00ed stroje na \u0161ikm\u00e9 plo\u0161e je mo\u017eno pou\u017e\u00edt parkovac\u00ed brzdu. N\u00e1dr\u017e na \u0161pinavou vodu je v\u011bt\u0161\u00ed ne\u017e n\u00e1dr\u017e na \u010distou vodu (zv\u00fd\u0161en\u00ed objemu v d\u016fsledku odkl\u00edzen\u00ed sn\u011bhu, vody atd.). Dal\u0161\u00ed v\u00fdhodou jsou dob\u0159e p\u0159\u00edstupn\u00e9 baterie po odklopen\u00ed sedadla obsluhy (foto n\u00ed\u017ee). Extern\u00ed nab\u00edje\u010dka (stroj sebou zbyte\u010dn\u011b nevoz\u00ed mrtvou hmotnost) se automaticky odpoj\u00ed po dosa\u017een\u00ed 100% stavu nabit\u00ed bateri\u00ed.<\/p>\n<hr \/>\n<h3>Magna 1300 B<\/h3>\n<p style=\"text-align: justify;\"><a href=\"http:\/\/www.anatra.cz\/wp-content\/uploads\/Magna-1300-B.jpg\"><img decoding=\"async\" class=\"alignleft size-full wp-image-1659\" title=\"Magna 1300 B\" src=\"http:\/\/www.anatra.cz\/wp-content\/uploads\/Magna-1300-B.jpg\" alt=\"\" width=\"180\" height=\"170\" \/><\/a><br \/>\nPracovn\u00ed z\u00e1b\u011br: 1300 mm<br \/>\nPlo\u0161n\u00fd v\u00fdkon: 7800 m2\/h<br \/>\nN\u00e1dr\u017e na roztok: 360 l<br \/>\nN\u00e1dr\u017e na zne\u010di\u0161t\u011bn\u00fd roztok: 380 l<br \/>\nN\u00e1doba na odpad: 40 l<br \/>\nSt\u00edrac\u00ed li\u0161ta p\u0159edn\u00ed, zadn\u00ed: 1460 mm<br \/>\nKart\u00e1\u010d: 300 x 1100 mm (1), 345 mm (4)<br \/>\nP\u0159\u00edtlak kart\u00e1\u010de: 130 &#8211; 180 kg<br \/>\nBo\u010dn\u00ed v\u00fdsuv kart\u00e1\u010dov\u00e9 hlavy: 100 mm<br \/>\nMotor kart\u00e1\u010de: 36V\/1125W, 36V\/750W<br \/>\nPojezdov\u00fd motor: 36V\/2000 W<br \/>\nRychlost pojezdu: 0 &#8211; 6,5 km\/hod<br \/>\nStoupavost: max. 10%<br \/>\nMotor s\u00e1n\u00ed: 36V\/1200 W (2)<br \/>\nPodtlak: 221 mbar<br \/>\nD\u00e9lka: 2250 mm<br \/>\nV\u00fd\u0161ka: 1800 mm<br \/>\n\u0160\u00ed\u0159ka: 1340 mm<br \/>\nHmotnost: 840 kg<br \/>\nHmotnost bateri\u00ed: 780 kg<br \/>\nBaterie: 36 V\/640 Ah<br \/>\nPracovn\u00ed doba bateri\u00ed: 6 hodin<br \/>\nHlu\u010dnost: 71 dB<\/p>\n<p style=\"text-align: justify;\">V\u00fdkonn\u00fd myc\u00ed stroj MAGNA 1300 B od spole\u010dnosti FIMAP najde sv\u00e9 uplatn\u011bn\u00ed p\u0159i \u00faklidu ploch nad 7500m2 a to zejm\u00e9na ve velk\u00fdch logistick\u00fdch centrech, n\u00e1dra\u017e\u00edch, leti\u0161t\u00edch, velk\u00fdch pr\u016fmyslov\u00fdch a obchodn\u00edch centrech atd. Myc\u00ed stroj MAGNA 1300 B je vybaven jedn\u00edm v\u00e1lcov\u00fdm a \u010dty\u0159mi tal\u00ed\u0159ov\u00fdmi kart\u00e1\u010di. P\u0159ed samotn\u00fdm myt\u00edm nen\u00ed nutn\u00e9 podlahu zametat. Po pou\u017eit\u00ed myc\u00edho stroje podlaha z\u016fst\u00e1v\u00e1 zameten\u00e1, umyt\u00e1 a such\u00e1. Myc\u00ed stroj je opat\u0159en velkokapacitn\u00ed samostatnou n\u00e1dr\u017e\u00ed na \u010distou vodu a samostatnou n\u00e1dr\u017e\u00ed na zne\u010di\u0161t\u011bnou vodu, kter\u00e1 je v\u011bt\u0161\u00ed z d\u016fvodu zm\u011bny objemu v d\u016fsledku nap\u0159. odkl\u00edzen\u00ed sn\u011bhu, vody atd. Magnu 1300 B lze dodat i ve verzi pro \u00faklid na ulic\u00edch.<\/p>\n<hr \/>\n<h3>Magna 1300 D<\/h3>\n<p style=\"text-align: justify;\"><a href=\"http:\/\/www.anatra.cz\/wp-content\/uploads\/Magna-1300-D.jpg\"><img decoding=\"async\" class=\"alignleft size-full wp-image-1659\" title=\"Magna 1300 D\" src=\"http:\/\/www.anatra.cz\/wp-content\/uploads\/Magna-1300-D.jpg\" alt=\"\" width=\"180\" height=\"170\" \/><\/a><br \/>\nPracovn\u00ed z\u00e1b\u011br: 1300 mm<br \/>\nPlo\u0161n\u00fd v\u00fdkon: 8100 m2\/h<br \/>\nN\u00e1dr\u017e na roztok: 360 l<br \/>\nN\u00e1dr\u017e na zne\u010di\u0161t\u011bn\u00fd roztok: 380 l<br \/>\nN\u00e1doba na odpad: 40 l<br \/>\nKart\u00e1\u010d: 300 x 1100 mm (1), 345 mm (4)<br \/>\nP\u0159\u00edtlak kart\u00e1\u010de: 130 &#8211; 180 kg<br \/>\nBo\u010dn\u00ed v\u00fdsuv kart\u00e1\u010dov\u00e9 hlavy: 100 mm<br \/>\nPo\u010det ot\u00e1\u010dek: 220 \/ 580<br \/>\nSt\u00edrac\u00ed li\u0161ta p\u0159edn\u00ed, zadn\u00ed: 1460 mm<br \/>\nMotor kart\u00e1\u010de: Hydro<br \/>\nPojezdov\u00fd motor: Hydro<br \/>\nRychlost pojezdu: 0 &#8211; 7 km\/hod<br \/>\nStoupavost: max. 10%<br \/>\nMotor s\u00e1n\u00ed: Hydro<br \/>\nPodtlak: 230 mbar<br \/>\nD\u00e9lka: 2250 mm<br \/>\nV\u00fd\u0161ka: 1880 mm<br \/>\n\u0160\u00ed\u0159ka: 1340 mm<br \/>\nHmotnost: 1100 kg<br \/>\nMotor: Perkins 28 HP<\/p>\n<p style=\"text-align: justify;\">V\u00fdkonn\u00fd myc\u00ed stroj MAGNA 1300 D od spole\u010dnosti FIMAP najde sv\u00e9 uplatn\u011bn\u00ed p\u0159i \u00faklidu ploch nad 7500m2 a to zejm\u00e9na ve velk\u00fdch logistick\u00fdch centrech, n\u00e1dra\u017e\u00edch, leti\u0161t\u00edch, velk\u00fdch pr\u016fmyslov\u00fdch a obchodn\u00edch centrech atd. Myc\u00ed stroj MAGNA 1300 D je vybaven jedn\u00edm v\u00e1lcov\u00fdm a \u010dty\u0159mi tal\u00ed\u0159ov\u00fdmi kart\u00e1\u010di. P\u0159ed samotn\u00fdm myt\u00edm nen\u00ed nutn\u00e9 podlahu zametat. Po pou\u017eit\u00ed myc\u00edho stroje podlaha z\u016fst\u00e1v\u00e1 zameten\u00e1, umyt\u00e1 a such\u00e1. Myc\u00ed stroj je opat\u0159en velkokapacitn\u00ed samostatnou n\u00e1dr\u017e\u00ed na \u010distou vodu a samostatnou n\u00e1dr\u017e\u00ed na zne\u010di\u0161t\u011bnou vodu, kter\u00e1 je v\u011bt\u0161\u00ed z d\u016fvodu zm\u011bny objemu v d\u016fsledku nap\u0159. odkl\u00edzen\u00ed sn\u011bhu, vody atd. Hlavn\u00edm hnac\u00edm agreg\u00e1tem stroje je dieslov\u00fd motor Perkins. Magnu 1300 D lze dodat i ve verzi pro \u00faklid na ulic\u00edch.<\/p>\n<hr \/>\n","protected":false},"excerpt":{"rendered":"<p>Mg 75 B Pracovn\u00ed z\u00e1b\u011br: 750 mm Plo\u0161n\u00fd v\u00fdkon: 4500 m2\/h N\u00e1dr\u017e na roztok: 170 l N\u00e1dr\u017e na zne\u010di\u0161t\u011bn\u00fd roztok: 175 l Kart\u00e1\u010d: 2 x 390 mm P\u0159\u00edtlak kart\u00e1\u010de: 60 &#8211; 80 &#8211; 100 kg St\u00edrac\u00ed li\u0161ta: 1003 mm Motor kart\u00e1\u010de: 36V\/1500 W Pojezdov\u00fd motor: 36V\/900 W Rychlost pojezdu: 0 &#8211; 8 km\/hod Stoupavost: max. <a href=\"https:\/\/anatra.cz\/?page_id=3338\" rel=\"nofollow\"><span class=\"sr-only\">P\u0159e\u010d\u00edst si v\u00edc oSe sed\u00edc\u00ed obsluhou 36 V Professional Line<\/span>[&#8230;]<\/a><\/p>\n","protected":false},"author":1,"featured_media":0,"parent":3255,"menu_order":3,"comment_status":"closed","ping_status":"closed","template":"","meta":{"footnotes":""},"class_list":["post-3338","page","type-page","status-publish","hentry"],"_links":{"self":[{"href":"https:\/\/anatra.cz\/index.php?rest_route=\/wp\/v2\/pages\/3338","targetHints":{"allow":["GET"]}}],"collection":[{"href":"https:\/\/anatra.cz\/index.php?rest_route=\/wp\/v2\/pages"}],"about":[{"href":"https:\/\/anatra.cz\/index.php?rest_route=\/wp\/v2\/types\/page"}],"author":[{"embeddable":true,"href":"https:\/\/anatra.cz\/index.php?rest_route=\/wp\/v2\/users\/1"}],"replies":[{"embeddable":true,"href":"https:\/\/anatra.cz\/index.php?rest_route=%2Fwp%2Fv2%2Fcomments&post=3338"}],"version-history":[{"count":21,"href":"https:\/\/anatra.cz\/index.php?rest_route=\/wp\/v2\/pages\/3338\/revisions"}],"predecessor-version":[{"id":5656,"href":"https:\/\/anatra.cz\/index.php?rest_route=\/wp\/v2\/pages\/3338\/revisions\/5656"}],"up":[{"embeddable":true,"href":"https:\/\/anatra.cz\/index.php?rest_route=\/wp\/v2\/pages\/3255"}],"wp:attachment":[{"href":"https:\/\/anatra.cz\/index.php?rest_route=%2Fwp%2Fv2%2Fmedia&parent=3338"}],"curies":[{"name":"wp","href":"https:\/\/api.w.org\/{rel}","templated":true}]}}