{"id":3293,"date":"2012-05-18T20:20:17","date_gmt":"2012-05-18T19:20:17","guid":{"rendered":"http:\/\/www.anatra.cz\/?page_id=3293"},"modified":"2020-07-25T16:13:54","modified_gmt":"2020-07-25T15:13:54","slug":"s-chodici-obsluhou-professional-line","status":"publish","type":"page","link":"https:\/\/anatra.cz\/?page_id=3293","title":{"rendered":"S chod\u00edc\u00ed obsluhou PROFESSIONAL LINE"},"content":{"rendered":"<h3>MY 50 E<\/h3>\n<p style=\"text-align: justify;\"><a href=\"http:\/\/www.anatra.cz\/wp-content\/uploads\/MY-50-E.jpg\"><img decoding=\"async\" class=\"alignleft size-full wp-image-1659\" title=\"MY 50 E\" src=\"http:\/\/www.anatra.cz\/wp-content\/uploads\/MY-50-E.jpg\" alt=\"\" width=\"180\" height=\"180\" \/><\/a><br \/>\nPracovn\u00ed z\u00e1b\u011br: 508 mm<br \/>\nPlo\u0161n\u00fd v\u00fdkon: 1450 m2\/h<br \/>\nN\u00e1dr\u017e na roztok: 36 l<br \/>\nN\u00e1dr\u017e na zne\u010di\u0161t\u011bn\u00fd roztok: 37 l<br \/>\nKart\u00e1\u010d: 1 x 508 mm<br \/>\nP\u0159\u00edtlak kart\u00e1\u010de: 27,5 kg<br \/>\nSt\u00edrac\u00ed li\u0161ta: 680 mm<br \/>\nMotor kart\u00e1\u010de: 230V\/750 W<br \/>\nMotor s\u00e1n\u00ed: 230V\/450 W<br \/>\nOt\u00e1\u010dky: 135<br \/>\nD\u00e9lka: 1165 mm<br \/>\nV\u00fd\u0161ka: 995 mm<br \/>\n\u0160\u00ed\u0159ka: 541 mm<br \/>\nHmotnost: 61,5 kg<br \/>\nJmenovit\u00e9 nap\u011bt\u00ed: 230 V<\/p>\n<p style=\"text-align: justify;\">MY 50 E je elektrick\u00fd myc\u00ed stroj s pracovn\u00edm z\u00e1b\u011brem 51 cm. Jeho v\u00fdhodou je optim\u00e1ln\u00ed pom\u011br mezi cenou a technick\u00fdm proveden\u00edm stroje a velk\u00fd obsah n\u00e1dr\u017ee vhledem k celkov\u00fdm rozm\u011br\u016fm stroje. D\u00e1le vynik\u00e1 velmi jednoduchou \u00fadr\u017ebou a snadn\u00fdm ovl\u00e1d\u00e1n\u00edm pro obsluhu. Je velmi tich\u00fd, hlu\u010dnost pod 65 dB. Je vhodn\u00fd pro \u00faklid prostor od 1000-1400 m2.<\/p>\n<hr \/>\n<h3>MMX 43 E<\/h3>\n<p style=\"text-align: justify;\"><a href=\"http:\/\/www.anatra.cz\/wp-content\/uploads\/MMX-43-BT.jpg\"><img decoding=\"async\" class=\"alignleft size-full wp-image-1659\" title=\"MMX 43 E\" src=\"http:\/\/www.anatra.cz\/wp-content\/uploads\/MMX-43-BT.jpg\" alt=\"\" width=\"180\" height=\"180\" \/><\/a><br \/>\nPracovn\u00ed z\u00e1b\u011br: 430 mm<br \/>\nPlo\u0161n\u00fd v\u00fdkon: 1200 m2\/h<br \/>\nN\u00e1dr\u017e na roztok: 40 l<br \/>\nN\u00e1dr\u017e na zne\u010di\u0161t\u011bn\u00fd roztok: 50 l<br \/>\nKart\u00e1\u010d: 1 x 420 mm<br \/>\nP\u0159\u00edtlak kart\u00e1\u010de: 30 kg<br \/>\nSt\u00edrac\u00ed li\u0161ta: 660 mm<br \/>\nMotor kart\u00e1\u010de: 230V\/320 W<br \/>\nMotor s\u00e1n\u00ed: 230V\/450 W<br \/>\nOt\u00e1\u010dky: 140<br \/>\nD\u00e9lka: 1150 mm<br \/>\nV\u00fd\u0161ka: 1000 mm<br \/>\n\u0160\u00ed\u0159ka: 445 mm<br \/>\nHmotnost: 70 kg<br \/>\nJmenovit\u00e9 nap\u011bt\u00ed: 230 V<\/p>\n<p style=\"text-align: justify;\">MMX 43 E je kabelov\u00fd myc\u00ed stroj s kotou\u010dov\u00fdm kart\u00e1\u010dem a pracovn\u00edm z\u00e1b\u011brem 43 cm. Je id\u00e1ln\u00ed na plochy kolem 1200 m2. D\u00edky technologii sni\u017euj\u00edc\u00ed \u00farove\u0148 hlu\u010dnosti (FNC &#8211; FIMAP NOISE CANCELING) myc\u00ed stroj redukuje hlu\u010dnost pod 60 decibel\u016f a je tak vhodn\u00fd i do prostor citliv\u00fdch na \u00farove\u0148 hlu\u010dnosti. Dal\u0161\u00ed nespornou v\u00fdhodou MMX 43 je syst\u00e9m (FES &#8211; FIMAP ENERGY SAVER), kter\u00fd okam\u017eit\u011b vypne kart\u00e1\u010d i p\u0159\u00edvod vody, pokud stroj zastav\u00ed (b\u011b\u017e\u00ed napr\u00e1zdno). Touto technologi\u00ed lze uspo\u0159it a\u017e 35 % energie. Na p\u0159\u00e1n\u00ed z\u00e1kazn\u00edka lze ke stroji dodat syst\u00e9m umo\u017e\u0148uj\u00edc\u00ed automatick\u00e9 d\u00e1vkov\u00e1n\u00ed \u010dist\u00edc\u00edch prost\u0159edk\u016f (FSS &#8211; FIMAP SOLUTION SAVER). Tento syst\u00e9m zvl\u00e1dne uspo\u0159it a\u017e 50 % hodnoty spot\u0159ebovan\u00fdch \u010dist\u00edc\u00edch prost\u0159edk\u016f.<\/p>\n<hr \/>\n<h3>MY 50 B<\/h3>\n<p style=\"text-align: justify;\"><a href=\"http:\/\/www.anatra.cz\/wp-content\/uploads\/MY-50-B.jpg\"><img decoding=\"async\" class=\"alignleft size-full wp-image-1659\" title=\"MY 50 B\" src=\"http:\/\/www.anatra.cz\/wp-content\/uploads\/MY-50-B.jpg\" alt=\"\" width=\"180\" height=\"180\" \/><\/a><br \/>\nPracovn\u00ed z\u00e1b\u011br: 508 mm<br \/>\nPlo\u0161n\u00fd v\u00fdkon: 1450 m2\/h<br \/>\nN\u00e1dr\u017e na roztok: 36 l<br \/>\nN\u00e1dr\u017e na zne\u010di\u0161t\u011bn\u00fd roztok: 37 l<br \/>\nKart\u00e1\u010d: 1 x 508 mm<br \/>\nP\u0159\u00edtlak kart\u00e1\u010de: 27,5 kg<br \/>\nSt\u00edrac\u00ed li\u0161ta: 680 mm<br \/>\nMotor kart\u00e1\u010de: 24V\/560 W<br \/>\nMotor s\u00e1n\u00ed: 24V\/310 W<br \/>\nOt\u00e1\u010dky: 135<br \/>\nD\u00e9lka: 1165 mm<br \/>\nV\u00fd\u0161ka: 995 mm<br \/>\n\u0160\u00ed\u0159ka: 541 mm<br \/>\nBaterie: 2 x 12V\/75 Ah<br \/>\nPracovn\u00ed doba bateri\u00ed: 3 hod.<br \/>\nHmotnost bez bateri\u00ed: 61,5 kg<br \/>\nHmotnost bateri\u00ed: 54 kg<br \/>\nJmenovit\u00e9 nap\u011bt\u00ed: 24 V<br \/>\nIntegrovan\u00e1 nab\u00edje\u010dka<\/p>\n<p style=\"text-align: justify;\">MY 50 E je elektrick\u00fd myc\u00ed stroj s pracovn\u00edm z\u00e1b\u011brem 51 cm. Jeho v\u00fdhodou je optim\u00e1ln\u00ed pom\u011br mezi cenou a technick\u00fdm proveden\u00edm stroje a velk\u00fd obsah n\u00e1dr\u017ee vhledem k celkov\u00fdm rozm\u011br\u016fm stroje. D\u00e1le vynik\u00e1 velmi jednoduchou \u00fadr\u017ebou a snadn\u00fdm ovl\u00e1d\u00e1n\u00edm pro obsluhu. Je velmi tich\u00fd, hlu\u010dnost pod 65 dB. Je vhodn\u00fd pro \u00faklid prostor od 1000-1400 m2.<\/p>\n<hr \/>\n<h3>MMX 43 BT<\/h3>\n<p style=\"text-align: justify;\"><a href=\"http:\/\/www.anatra.cz\/wp-content\/uploads\/MMX-43-BT.jpg\"><img decoding=\"async\" class=\"alignleft size-full wp-image-1659\" title=\"MMX 43 BT\" src=\"http:\/\/www.anatra.cz\/wp-content\/uploads\/MMX-43-BT.jpg\" alt=\"\" width=\"180\" height=\"180\" \/><\/a><br \/>\nPracovn\u00ed z\u00e1b\u011br: 430 mm<br \/>\nPlo\u0161n\u00fd v\u00fdkon: 1750 m2\/h<br \/>\nN\u00e1dr\u017e na roztok: 40 l<br \/>\nN\u00e1dr\u017e na zne\u010di\u0161t\u011bn\u00fd roztok: 50 l<br \/>\nKart\u00e1\u010d: 1 x 420 mm<br \/>\nP\u0159\u00edtlak kart\u00e1\u010de: 23 kg<br \/>\nSt\u00edrac\u00ed li\u0161ta: 660 mm<br \/>\nMotor kart\u00e1\u010de: 24V\/400 W<br \/>\nMotor s\u00e1n\u00ed: 36V\/550 W<br \/>\nPodtlak: 188 mbar<br \/>\nRychlost pojezdu: 4 km\/hod<br \/>\nStoupavost: 10%<br \/>\nOt\u00e1\u010dky: 140<br \/>\nD\u00e9lka: 1150 mm<br \/>\nV\u00fd\u0161ka: 1000 mm<br \/>\n\u0160\u00ed\u0159ka: 445 mm<br \/>\nBaterie: 2 x 12V\/105 Ah<br \/>\nPracovn\u00ed doba bateri\u00ed: 2 hod.<br \/>\nHmotnost bez bateri\u00ed: 95 kg<br \/>\nHmotnost bateri\u00ed: 54 kg<br \/>\nJmenovit\u00e9 nap\u011bt\u00ed: 24 V<br \/>\nIntegrovan\u00e1 nab\u00edje\u010dka<\/p>\n<p style=\"text-align: justify;\">MMX 43 BT je bateriov\u00fd myc\u00ed stroj s kotou\u010dov\u00fdm kart\u00e1\u010dem a pracovn\u00edm z\u00e1b\u011brem 43 cm. Tento typ myc\u00edho stroje m\u00e1 pojezd. Je vhodn\u00fd na \u00faklid prostor do 1750 m2\/hod. D\u00edky technologii sni\u017euj\u00edc\u00ed \u00farove\u0148 hlu\u010dnosti (FNC &#8211; FIMAP NOISE CANCELING) myc\u00ed stroj redukuje hlu\u010dnost pod 60 decibel\u016f a je tak vhodn\u00fd do prostor citliv\u00fdch na \u00farove\u0148 hlu\u010dnosti. Dal\u0161\u00ed nespornou v\u00fdhodou MMX 43 BT je syst\u00e9m (FES &#8211; FIMAP ENERGY SAVER), kter\u00fd okam\u017eit\u011b vypne kart\u00e1\u010d i p\u0159\u00edvod vody, pokud stroj zastav\u00ed (b\u011b\u017e\u00ed napr\u00e1zdno). Touto technologi\u00ed lze uspo\u0159it a\u017e 35 % energie. Na p\u0159\u00e1n\u00ed z\u00e1kazn\u00edka lze ke stroji dodat syst\u00e9m umo\u017e\u0148uj\u00edc\u00ed automatick\u00e9 d\u00e1vkov\u00e1n\u00ed \u010dist\u00edc\u00edch prost\u0159edk\u016f (FSS &#8211; FIMAP SOLUTION SAVER). Tento syst\u00e9m zvl\u00e1dne uspo\u0159it a\u017e 50 % hodnoty spot\u0159ebovan\u00fdch \u010dist\u00edc\u00edch prost\u0159edk\u016f.<\/p>\n<hr \/>\n<h3>MX 55 BT<\/h3>\n<p style=\"text-align: justify;\"><a href=\"http:\/\/www.anatra.cz\/wp-content\/uploads\/MX-55-BT.jpg\"><img decoding=\"async\" class=\"alignleft size-full wp-image-1659\" title=\"MX 55 BT\" src=\"http:\/\/www.anatra.cz\/wp-content\/uploads\/MX-55-BT.jpg\" alt=\"\" width=\"180\" height=\"180\" \/><\/a><br \/>\nPracovn\u00ed z\u00e1b\u011br: 550 mm<br \/>\nPlo\u0161n\u00fd v\u00fdkon: 2500 m2\/h<br \/>\nN\u00e1dr\u017e na roztok: 60 l<br \/>\nN\u00e1dr\u017e na zne\u010di\u0161t\u011bn\u00fd roztok: 70 l<br \/>\nKart\u00e1\u010d: 2 x 285 mm<br \/>\nP\u0159\u00edtlak kart\u00e1\u010de: 40 kg<br \/>\nSt\u00edrac\u00ed li\u0161ta: 755 mm<br \/>\nMotor kart\u00e1\u010de: 24V\/560 W<br \/>\nMotor s\u00e1n\u00ed: 36V\/550 W<br \/>\nPodtlak: 188 mbar<br \/>\nRychlost pojezdu: 0-5 km\/hod<br \/>\nStoupavost: 10%<br \/>\nOt\u00e1\u010dky: 240<br \/>\nD\u00e9lka: 1380 mm<br \/>\nV\u00fd\u0161ka: 1053 mm<br \/>\n\u0160\u00ed\u0159ka: 530 mm<br \/>\nBaterie: 2 x 12V\/150 Ah<br \/>\nPracovn\u00ed doba bateri\u00ed: 3 hod.<br \/>\nHmotnost bez bateri\u00ed: 110 kg<\/p>\n<p style=\"text-align: justify;\">MX 55 BT je bateriov\u00fd myc\u00ed stroj s kotou\u010dov\u00fdm kart\u00e1\u010dem a pracovn\u00edm z\u00e1b\u011brem 55 cm. Tento typ myc\u00edho stroje m\u00e1 pojezd. Je vhodn\u00fd na \u00faklid prostor do 2500 m2\/hod. D\u00edky technologii sni\u017euj\u00edc\u00ed \u00farove\u0148 hlu\u010dnosti (FNC &#8211; FIMAP NOISE CANCELING) myc\u00ed stroj redukuje hlu\u010dnost pod 60 decibel\u016f a je tak vhodn\u00fd i do prostor citliv\u00fdch na \u00farove\u0148 hlu\u010dnosti. Dal\u0161\u00ed nespornou v\u00fdhodou MX 55 BT je syst\u00e9m (FES &#8211; FIMAP ENERGY SAVER), kter\u00fd okam\u017eit\u011b vypne kart\u00e1\u010d i p\u0159\u00edvod vody, pokud stroj zastav\u00ed (b\u011b\u017e\u00ed napr\u00e1zdno). Touto technologi\u00ed lze uspo\u0159it a\u017e 35 % energie. Na p\u0159\u00e1n\u00ed z\u00e1kazn\u00edka lze ke stroji dodat syst\u00e9m umo\u017e\u0148uj\u00edc\u00ed automatick\u00e9 d\u00e1vkov\u00e1n\u00ed \u010dist\u00edc\u00edch prost\u0159edk\u016f (FSS &#8211; FIMAP SOLUTION SAVER). Tento syst\u00e9m zvl\u00e1dne uspo\u0159it a\u017e 50 % hodnoty spot\u0159ebovan\u00fdch \u010dist\u00edc\u00edch prost\u0159edk\u016f.<\/p>\n<hr \/>\n","protected":false},"excerpt":{"rendered":"<p>MY 50 E Pracovn\u00ed z\u00e1b\u011br: 508 mm Plo\u0161n\u00fd v\u00fdkon: 1450 m2\/h N\u00e1dr\u017e na roztok: 36 l N\u00e1dr\u017e na zne\u010di\u0161t\u011bn\u00fd roztok: 37 l Kart\u00e1\u010d: 1 x 508 mm P\u0159\u00edtlak kart\u00e1\u010de: 27,5 kg St\u00edrac\u00ed li\u0161ta: 680 mm Motor kart\u00e1\u010de: 230V\/750 W Motor s\u00e1n\u00ed: 230V\/450 W Ot\u00e1\u010dky: 135 D\u00e9lka: 1165 mm V\u00fd\u0161ka: 995 mm \u0160\u00ed\u0159ka: 541 mm Hmotnost: <a href=\"https:\/\/anatra.cz\/?page_id=3293\" rel=\"nofollow\"><span class=\"sr-only\">P\u0159e\u010d\u00edst si v\u00edc oS chod\u00edc\u00ed obsluhou PROFESSIONAL LINE<\/span>[&#8230;]<\/a><\/p>\n","protected":false},"author":1,"featured_media":0,"parent":3255,"menu_order":1,"comment_status":"closed","ping_status":"closed","template":"","meta":{"footnotes":""},"class_list":["post-3293","page","type-page","status-publish","hentry"],"_links":{"self":[{"href":"https:\/\/anatra.cz\/index.php?rest_route=\/wp\/v2\/pages\/3293","targetHints":{"allow":["GET"]}}],"collection":[{"href":"https:\/\/anatra.cz\/index.php?rest_route=\/wp\/v2\/pages"}],"about":[{"href":"https:\/\/anatra.cz\/index.php?rest_route=\/wp\/v2\/types\/page"}],"author":[{"embeddable":true,"href":"https:\/\/anatra.cz\/index.php?rest_route=\/wp\/v2\/users\/1"}],"replies":[{"embeddable":true,"href":"https:\/\/anatra.cz\/index.php?rest_route=%2Fwp%2Fv2%2Fcomments&post=3293"}],"version-history":[{"count":21,"href":"https:\/\/anatra.cz\/index.php?rest_route=\/wp\/v2\/pages\/3293\/revisions"}],"predecessor-version":[{"id":5653,"href":"https:\/\/anatra.cz\/index.php?rest_route=\/wp\/v2\/pages\/3293\/revisions\/5653"}],"up":[{"embeddable":true,"href":"https:\/\/anatra.cz\/index.php?rest_route=\/wp\/v2\/pages\/3255"}],"wp:attachment":[{"href":"https:\/\/anatra.cz\/index.php?rest_route=%2Fwp%2Fv2%2Fmedia&parent=3293"}],"curies":[{"name":"wp","href":"https:\/\/api.w.org\/{rel}","templated":true}]}}