{"id":3255,"date":"2012-05-18T11:15:14","date_gmt":"2012-05-18T10:15:14","guid":{"rendered":"http:\/\/www.anatra.cz\/?page_id=3255"},"modified":"2012-05-20T20:44:10","modified_gmt":"2012-05-20T19:44:10","slug":"myci-stroje-na-podlahu-fimap","status":"publish","type":"page","link":"https:\/\/anatra.cz\/?page_id=3255","title":{"rendered":"Myc\u00ed stroje na podlahu FIMAP"},"content":{"rendered":"<h3>S CHOD\u00cdC\u00cd A SED\u00cdC\u00cd OBSLUHOU<\/h3>\n<p>EASY LINE<\/p>\n<p>PROFESSIONAL LINE<\/p>\n<p>Z kategorie Professional Line budou uvedeny pouze n\u011bkter\u00e9 typy, ale na p\u0159\u00e1n\u00ed z\u00e1kazn\u00edka jsme schopni p\u0159ipravit nab\u00eddku na jak\u00fdkoliv po\u017eadovan\u00fd z\u00e1b\u011br a v\u00fdkon.<\/p>\n","protected":false},"excerpt":{"rendered":"<p>S CHOD\u00cdC\u00cd A SED\u00cdC\u00cd OBSLUHOU EASY LINE PROFESSIONAL LINE Z kategorie Professional Line budou uvedeny pouze n\u011bkter\u00e9 typy, ale na p\u0159\u00e1n\u00ed z\u00e1kazn\u00edka jsme schopni p\u0159ipravit nab\u00eddku na jak\u00fdkoliv po\u017eadovan\u00fd z\u00e1b\u011br a v\u00fdkon.<\/p>\n","protected":false},"author":1,"featured_media":0,"parent":1208,"menu_order":8,"comment_status":"closed","ping_status":"closed","template":"","meta":{"footnotes":""},"class_list":["post-3255","page","type-page","status-publish","hentry"],"_links":{"self":[{"href":"https:\/\/anatra.cz\/index.php?rest_route=\/wp\/v2\/pages\/3255","targetHints":{"allow":["GET"]}}],"collection":[{"href":"https:\/\/anatra.cz\/index.php?rest_route=\/wp\/v2\/pages"}],"about":[{"href":"https:\/\/anatra.cz\/index.php?rest_route=\/wp\/v2\/types\/page"}],"author":[{"embeddable":true,"href":"https:\/\/anatra.cz\/index.php?rest_route=\/wp\/v2\/users\/1"}],"replies":[{"embeddable":true,"href":"https:\/\/anatra.cz\/index.php?rest_route=%2Fwp%2Fv2%2Fcomments&post=3255"}],"version-history":[{"count":16,"href":"https:\/\/anatra.cz\/index.php?rest_route=\/wp\/v2\/pages\/3255\/revisions"}],"predecessor-version":[{"id":3550,"href":"https:\/\/anatra.cz\/index.php?rest_route=\/wp\/v2\/pages\/3255\/revisions\/3550"}],"up":[{"embeddable":true,"href":"https:\/\/anatra.cz\/index.php?rest_route=\/wp\/v2\/pages\/1208"}],"wp:attachment":[{"href":"https:\/\/anatra.cz\/index.php?rest_route=%2Fwp%2Fv2%2Fmedia&parent=3255"}],"curies":[{"name":"wp","href":"https:\/\/api.w.org\/{rel}","templated":true}]}}