{"id":3138,"date":"2012-05-18T08:57:49","date_gmt":"2012-05-18T07:57:49","guid":{"rendered":"http:\/\/www.anatra.cz\/?page_id=3138"},"modified":"2020-07-25T15:27:43","modified_gmt":"2020-07-25T14:27:43","slug":"uklidove-voziky","status":"publish","type":"page","link":"https:\/\/anatra.cz\/?page_id=3138","title":{"rendered":"\u00daklidov\u00e9 voz\u00edky"},"content":{"rendered":"<h3>936120 Plastov\u00fd voz\u00edk mal\u00fd (20 l v\u011bdro)<\/h3>\n<p style=\"text-align: justify;\"><a href=\"http:\/\/www.anatra.cz\/wp-content\/uploads\/plastov\u00fd-voz\u00edk-mal\u00fd.jpeg\"><img decoding=\"async\" class=\"alignleft size-full wp-image-1316\" title=\"Plastov\u00fd voz\u00edk mal\u00fd\" src=\"http:\/\/www.anatra.cz\/wp-content\/uploads\/plastov\u00fd-voz\u00edk-mal\u00fd.jpeg\" alt=\"\" width=\"150\" height=\"150\" \/><\/a><br \/>\nProfesion\u00e1ln\u00cd \u00faklidov\u00fd plastov\u00fd voz\u00edk s vnit\u0159n\u00ed d\u011bl\u00edc\u00ed p\u0159\u00ed\u010dkou na \u010distou a \u0161pinavou vodu.<br \/>\nPraktick\u00fd pomocn\u00edk v dom\u00e1cnostech a kancel\u00e1\u0159\u00edch.<\/p>\n<p>&nbsp;<\/p>\n<p>&nbsp;<\/p>\n<hr \/>\n<h3>\u00daklidov\u00fd voz\u00edk VERMOP 2 x 17 l<\/h3>\n<p><a href=\"http:\/\/www.anatra.cz\/wp-content\/uploads\/UV_VERMOP_614392_2x17.jpg\"><img decoding=\"async\" class=\"alignleft size-medium wp-image-5064\" src=\"http:\/\/www.anatra.cz\/wp-content\/uploads\/UV_VERMOP_614392_2x17-249x300.jpg\" alt=\"AKCE\" width=\"160\" height=\"180\" \/><\/a><\/p>\n<p>&nbsp;<\/p>\n<p style=\"text-align: justify;\">\u00daklidov\u00fd voz\u00edk dvoukbel\u00edkov\u00fd VERMOP s plnou v\u00fdbavou. \u00faklidov\u00fd voz\u00edk obsahuje: 2x v\u011bdro 17 L a \u017ed\u00edma\u010d mop\u016f.<\/p>\n<p>&nbsp;<\/p>\n<p>&nbsp;<\/p>\n<hr \/>\n<h3>21005 C Jednokbel\u00edkov\u00fd voz\u00edk (1 x 17 l v\u011bdro)<\/h3>\n<p style=\"text-align: justify;\"><a href=\"http:\/\/www.anatra.cz\/wp-content\/uploads\/Jednokbel\u00edkov\u00fd-voz\u00edk.jpg\"><img decoding=\"async\" class=\"alignleft size-full wp-image-1316\" title=\"Jednokbel\u00edkov\u00fd voz\u00edk\" src=\"http:\/\/www.anatra.cz\/wp-content\/uploads\/Jednokbel\u00edkov\u00fd-voz\u00edk.jpg\" alt=\"\" width=\"140\" height=\"150\" \/><\/a><br \/>\nNejpou\u017e\u00edvan\u011bj\u0161\u00ed \u00faklidov\u00fd voz\u00edk ve sv\u00e9 t\u0159\u00edd\u011b. Stal se nejobl\u00edben\u011bj\u0161\u00edm voz\u00edkem, kv\u016fli sv\u00e9 ide\u00e1ln\u00ed velikosti a univerz\u00e1lnosti.<br \/>\n\u00daklidov\u00fd voz\u00edk je vhodn\u00fd na vyt\u00edr\u00e1n\u00ed chodeb, kancel\u00e1\u0159\u00ed, sklad\u016f, budov a v\u00fdrobn\u00edch hal.<\/p>\n<p>&nbsp;<\/p>\n<p>&nbsp;<\/p>\n<hr \/>\n<h3>21001 C Dvojkbel\u00edkov\u00fd voz\u00edk (2 x 17 l v\u011bdro)<\/h3>\n<p style=\"text-align: justify;\"><a href=\"http:\/\/www.anatra.cz\/wp-content\/uploads\/Dvoukbel\u00edkov\u00fd-voz\u00edk.jpg\"><img decoding=\"async\" class=\"alignleft size-full wp-image-1316\" title=\"Dvojkbel\u00edkov\u00fd voz\u00edk\" src=\"http:\/\/www.anatra.cz\/wp-content\/uploads\/Dvoukbel\u00edkov\u00fd-voz\u00edk.jpg\" alt=\"\" width=\"140\" height=\"150\" \/><\/a><br \/>\nNejpou\u017e\u00edvan\u011bj\u0161\u00ed \u00faklidov\u00fd voz\u00edk ve sv\u00e9 t\u0159\u00edd\u011b. Stal se nejobl\u00edben\u011bj\u0161\u00edm voz\u00edkem, kv\u016fli sv\u00e9 ide\u00e1ln\u00ed velikosti a univerz\u00e1lnosti.<br \/>\n\u00daklidov\u00fd voz\u00edk je vhodn\u00fd na vyt\u00edr\u00e1n\u00ed chodeb, kancel\u00e1\u0159\u00ed, sklad\u016f, budov a v\u00fdrobn\u00edch hal.<\/p>\n<p>&nbsp;<\/p>\n<p>&nbsp;<\/p>\n<hr \/>\n<h3>40472 Zadn\u00ed ko\u0161\u00edk<\/h3>\n<p style=\"text-align: justify;\"><a href=\"http:\/\/www.anatra.cz\/wp-content\/uploads\/zadn\u00ed-ko\u0161\u00edk.jpeg\"><img decoding=\"async\" class=\"alignleft size-full wp-image-1316\" title=\"Zadn\u00ed ko\u0161\u00edk\" src=\"http:\/\/www.anatra.cz\/wp-content\/uploads\/zadn\u00ed-ko\u0161\u00edk.jpeg\" alt=\"\" width=\"160\" height=\"150\" \/><\/a><br \/>\nPochromovan\u00fd zadn\u00ed ko\u0161\u00edk, ur\u010den\u00fd pro jednokbel\u00edkov\u00fd voz\u00edk.<br \/>\nPraktick\u00fd pomocn\u00edk pro ulo\u017een\u00ed \u010distic\u00edch prost\u0159edk\u016f nebo \u00faklidov\u00fdch pom\u016fcek, co\u017e ocen\u00ed hlavn\u011b obsluha \u00faklidov\u00e9ho voz\u00edku.<\/p>\n<p>&nbsp;<\/p>\n<hr \/>\n<h3>40470 Ko\u0161\u00edk bo\u010dn\u00ed MAXI<\/h3>\n<p style=\"text-align: justify;\"><a href=\"http:\/\/www.anatra.cz\/wp-content\/uploads\/Ko\u0161\u00edk-bo\u010dn\u00ed-MAXI.jpeg\"><img decoding=\"async\" class=\"alignleft size-full wp-image-1316\" title=\"Ko\u0161\u00edk bo\u010dn\u00ed MAXI\" src=\"http:\/\/www.anatra.cz\/wp-content\/uploads\/Ko\u0161\u00edk-bo\u010dn\u00ed-MAXI.jpeg\" alt=\"\" width=\"160\" height=\"150\" \/><\/a><br \/>\nPochr\u00f3movan\u00fd bo\u010dn\u00ed ko\u0161\u00edk, vhodn\u00fd pr\u00e9 dvouv\u011bdrov\u00fd \u00faklidov\u00fd voz\u00edk (2 x 17 l).<br \/>\nPraktick\u00fd pomocn\u00edk pro ulo\u017een\u00ed \u010distic\u00edch prost\u0159edk\u016f nebo \u00faklidov\u00fdch pom\u016fcek, co\u017e ocen\u00ed hlavn\u011b obsluha \u00faklidov\u00e9ho voz\u00edku.<\/p>\n<p>&nbsp;<\/p>\n<hr \/>\n<h3>40471 Ko\u0161\u00edk na rukoje\u0165<\/h3>\n<p style=\"text-align: justify;\"><a href=\"http:\/\/www.anatra.cz\/wp-content\/uploads\/Ko\u0161\u00edk-na-rukoje\u0165.jpeg\"><img decoding=\"async\" class=\"alignleft size-full wp-image-1316\" title=\"Ko\u0161\u00edk na rukoje\u0165\" src=\"http:\/\/www.anatra.cz\/wp-content\/uploads\/Ko\u0161\u00edk-na-rukoje\u0165.jpeg\" alt=\"\" width=\"160\" height=\"150\" \/><\/a><br \/>\nPochromovan\u00fd ko\u0161\u00edk na rukoje\u0165, vhodn\u00fd pro jedno i dvoukbel\u00edkov\u00e9 \u00faklidov\u00e9 voz\u00edky.<br \/>\nPraktick\u00fd pomocn\u00edk pro ulo\u017een\u00ed \u010distic\u00edch prost\u0159edk\u016f nebo \u00faklidov\u00fdch pom\u016fcek, co\u017e ocen\u00ed hlavn\u011b obsluha \u00faklidov\u00e9ho voz\u00edku.<\/p>\n<p>&nbsp;<\/p>\n<p>&nbsp;<\/p>\n<p>&nbsp;<\/p>\n<hr \/>\n<h3>21004 PK Jednokbel\u00edkov\u00fd voz\u00edk plastov\u00fd (1 x 25 l v\u011bdro)<\/h3>\n<p style=\"text-align: justify;\"><a href=\"http:\/\/www.anatra.cz\/wp-content\/uploads\/Jednokbel\u00edkov\u00fd-voz\u00edk-plastov\u00fd.jpg\"><img decoding=\"async\" class=\"alignleft size-full wp-image-1316\" title=\"Jednokbel\u00edkov\u00fd voz\u00edk plastov\u00fd\" src=\"http:\/\/www.anatra.cz\/wp-content\/uploads\/Jednokbel\u00edkov\u00fd-voz\u00edk-plastov\u00fd.jpg\" alt=\"\" width=\"140\" height=\"150\" \/><\/a><br \/>\nProfesion\u00e1ln\u00ed plastov\u00fd jednokbel\u00edkov\u00fd \u00faklidov\u00fd voz\u00edk se \u017ed\u00edma\u010dkou a objemem kbel\u00edku 1 x 25 l.<br \/>\n\u00daklidov\u00fd voz\u00edk je vhodn\u00fd na vyt\u00edr\u00e1n\u00ed chodeb, kancel\u00e1\u0159\u00ed, sklad\u016f, budov a v\u00fdrobn\u00edch hal.<\/p>\n<p>&nbsp;<\/p>\n<p>&nbsp;<\/p>\n<hr \/>\n<h3>21002 PK Dvojkbel\u00edkov\u00fd plastov\u00fd voz\u00edk (2 x 25 l v\u011bdro)<\/h3>\n<p style=\"text-align: justify;\"><a href=\"http:\/\/www.anatra.cz\/wp-content\/uploads\/Dvoukbel\u00edkov\u00fd-voz\u00edk-plastov\u00fd.jpg\"><img decoding=\"async\" class=\"alignleft size-full wp-image-1316\" title=\"Dvojkbel\u00edkov\u00fd plastov\u00fd voz\u00edk\" src=\"http:\/\/www.anatra.cz\/wp-content\/uploads\/Dvoukbel\u00edkov\u00fd-voz\u00edk-plastov\u00fd.jpg\" alt=\"\" width=\"140\" height=\"150\" \/><\/a><br \/>\nProfesion\u00e1ln\u00ed plastov\u00fd dvojkbel\u00edkov\u00fd \u00faklidov\u00fd voz\u00edk se \u017ed\u00edma\u010dkou a objemem kbel\u00edku 2 x 25 l.<br \/>\n\u00daklidov\u00fd voz\u00edk je vhodn\u00fd na vyt\u00edr\u00e1n\u00ed chodeb, kancel\u00e1\u0159\u00ed, sklad\u016f, budov a v\u00fdrobn\u00edch hal.<\/p>\n<p>&nbsp;<\/p>\n<p>&nbsp;<\/p>\n<hr \/>\n<h3>21006 PP Jednokbel\u00edkov\u00fd voz\u00edk plastov\u00fd (1 x 25 l v\u011bdro) s pytlem na 70 l<\/h3>\n<p style=\"text-align: justify;\"><a href=\"http:\/\/www.anatra.cz\/wp-content\/uploads\/Jednokbel\u00edkov\u00fd-voz\u00edk-plastov\u00fd-s-pytlem-70-l.jpg\"><img decoding=\"async\" class=\"alignleft size-full wp-image-1316\" title=\"Jednokbel\u00edkov\u00fd voz\u00edk plastov\u00fd s pytlem 70 l\" src=\"http:\/\/www.anatra.cz\/wp-content\/uploads\/Jednokbel\u00edkov\u00fd-voz\u00edk-plastov\u00fd-s-pytlem-70-l.jpg\" alt=\"\" width=\"140\" height=\"150\" \/><\/a><br \/>\nProfesion\u00e1ln\u00ed plastov\u00fd jednokbel\u00edkov\u00fd \u00faklidov\u00fd voz\u00edk se \u017ed\u00edma\u010dkou, objemem kbel\u00edku 1 x 25 l a pytlem na 70 l.<br \/>\n\u00daklidov\u00fd voz\u00edk je vhodn\u00fd na vyt\u00edr\u00e1n\u00ed chodeb, kancel\u00e1\u0159\u00ed, sklad\u016f, budov a v\u00fdrobn\u00edch hal.<\/p>\n<p>&nbsp;<\/p>\n<hr \/>\n<h3>21009 K Kamz\u00edk &#8211; 2 ko\u0161\u00edky (2 x 17 l v\u011bdro) &#8222;Schodi\u0161\u0165\u00e1k&#8220;<\/h3>\n<p style=\"text-align: justify;\"><a href=\"http:\/\/www.anatra.cz\/wp-content\/uploads\/Kamz\u00edk-2-ko\u0161\u00edky.jpg\"><img decoding=\"async\" class=\"alignleft size-full wp-image-1316\" title=\"Kamz\u00edk - 2 ko\u0161\u00edky\" src=\"http:\/\/www.anatra.cz\/wp-content\/uploads\/Kamz\u00edk-2-ko\u0161\u00edky.jpg\" alt=\"\" width=\"140\" height=\"150\" \/><\/a><br \/>\nProfesion\u00e1ln\u00ed \u00faklidov\u00fd voz\u00edk ur\u010den pro objekty s v\u00edce podla\u017e\u00edmi. V\u00fdbava zahrnuje 2 kbel\u00edky o objemu 17 l, \u017ed\u00edma\u010d, vani\u010dku a dva men\u0161\u00ed ko\u0161\u00edky.<\/p>\n<p>&nbsp;<\/p>\n<p>&nbsp;<\/p>\n<hr \/>\n<h3>21010 J Jooky Piccolo I<\/h3>\n<p style=\"text-align: justify;\"><a href=\"http:\/\/www.anatra.cz\/wp-content\/uploads\/Jooky-piccolo-I.jpg\"><img decoding=\"async\" class=\"alignleft size-full wp-image-1316\" title=\"Jooky piccolo I\" src=\"http:\/\/www.anatra.cz\/wp-content\/uploads\/Jooky-piccolo-I.jpg\" alt=\"\" width=\"150\" height=\"160\" \/><\/a><br \/>\nProfesion\u00e1ln\u00ed servisn\u00ed \u00faklidov\u00fd voz\u00edk JOOKY PICCOLO I je kompletn\u011b vybaven podvozkem PICCOLO, 2 x kbel\u00edkem 17 l, \u017ed\u00edma\u010dem a dr\u017e\u00e1kem na pytel.<\/p>\n<p>&nbsp;<\/p>\n<p>&nbsp;<\/p>\n<hr \/>\n<h3>31075 E Kombi Jooky II E<\/h3>\n<p style=\"text-align: justify;\"><a href=\"http:\/\/www.anatra.cz\/wp-content\/uploads\/Kombi-Jooky-II-E.jpg\"><img decoding=\"async\" class=\"alignleft size-full wp-image-1316\" title=\"Kombi Jooky II\" src=\"http:\/\/www.anatra.cz\/wp-content\/uploads\/Kombi-Jooky-II-E.jpg\" alt=\"\" width=\"150\" height=\"160\" \/><\/a><br \/>\nKOMBI JOOKY II je profesion\u00e1ln\u00ed pochromovan\u00fd dvojkbel\u00edkov\u00fd \u00faklidov\u00fd a servisn\u00ed voz\u00edk.<br \/>\nKompletn\u00ed v\u00fdbava voz\u00edku obsahuje: podvozek s dv\u011bma bo\u010dn\u00edmi dr\u017e\u00e1ky, dr\u017e\u00e1k \u017ed\u00edma\u010de, dr\u017e\u00e1k pytle 120 l, ro\u0161t, 2 x dr\u017e\u00e1k vani\u010dky, 2 x kbel\u00edk 17 l, 2 x kbel\u00edk 6 l, 3 x vani\u010dka JOOKY, \u017ed\u00edma\u010d 21010SPL.<\/p>\n<p>&nbsp;<\/p>\n<hr \/>\n<h3>34004 P Kombi Midi IV P<\/h3>\n<p style=\"text-align: justify;\"><a href=\"http:\/\/www.anatra.cz\/wp-content\/uploads\/Kombi-Midi-IV-P.jpg\"><img decoding=\"async\" class=\"alignleft size-full wp-image-1316\" title=\"Kombi Midi IV P\" src=\"http:\/\/www.anatra.cz\/wp-content\/uploads\/Kombi-Midi-IV-P.jpg\" alt=\"\" width=\"150\" height=\"160\" \/><\/a><br \/>\nProfesion\u00e1ln\u00ed \u00faklidov\u00fd a servisn\u00ed voz\u00edk KOMBI MIDI I P v kompletn\u00ed v\u00fdbav\u011b obsahuj\u00edc\u00ed: podvozek s dv\u011bma bo\u010dn\u00edmi zv\u00fd\u0161en\u00fdmi dr\u017e\u00e1ky, 3 x dr\u017e\u00e1k vani\u010dky &#8222;BB&#8220;, 4 x kbel\u00edk 6 l, 1 x ro\u0161t s kole\u010dkem, 2 x dr\u017e\u00e1k na pytel 70 l a 2 x v\u00edko 70 l, 2 x kbel\u00edk 17 l a \u017ed\u00edma\u010d.<\/p>\n<p>&nbsp;<\/p>\n<p>&nbsp;<\/p>\n<hr \/>\n<h3>35003 D Kombi Desi<\/h3>\n<p style=\"text-align: justify;\"><a href=\"http:\/\/www.anatra.cz\/wp-content\/uploads\/Kombi-Desi.jpg\"><img decoding=\"async\" class=\"alignleft size-full wp-image-1316\" title=\"Kombi Desi\" src=\"http:\/\/www.anatra.cz\/wp-content\/uploads\/Kombi-Desi.jpg\" alt=\"\" width=\"150\" height=\"160\" \/><\/a><br \/>\n\u00daklidov\u00fd a servisn\u00ed voz\u00edk KOMBI DESI v kompletn\u00ed v\u00fdbav\u011b, kter\u00e1 zahrnuje: podvozek s dv\u011bma bo\u010dn\u00edmi dr\u017e\u00e1ky, 3 x dr\u017e\u00e1k vani\u010dky KOMBI, dr\u017e\u00e1k pytle 2 x 70 l, ro\u0161t s kole\u010dkem, DESI vana 35 l, 2 x kbel\u00edk 6 l, 3 x vani\u010dka KOMBI a 2 x plastikov\u00e9 v\u00edko 70 l.<\/p>\n<p>&nbsp;<\/p>\n<p>&nbsp;<\/p>\n<hr \/>\n","protected":false},"excerpt":{"rendered":"<p>936120 Plastov\u00fd voz\u00edk mal\u00fd (20 l v\u011bdro) Profesion\u00e1ln\u00cd \u00faklidov\u00fd plastov\u00fd voz\u00edk s vnit\u0159n\u00ed d\u011bl\u00edc\u00ed p\u0159\u00ed\u010dkou na \u010distou a \u0161pinavou vodu. Praktick\u00fd pomocn\u00edk v dom\u00e1cnostech a kancel\u00e1\u0159\u00edch. &nbsp; &nbsp; \u00daklidov\u00fd voz\u00edk VERMOP 2 x 17 l &nbsp; \u00daklidov\u00fd voz\u00edk dvoukbel\u00edkov\u00fd VERMOP s plnou v\u00fdbavou. \u00faklidov\u00fd voz\u00edk obsahuje: 2x v\u011bdro 17 L a \u017ed\u00edma\u010d mop\u016f. &nbsp; &nbsp; <a href=\"https:\/\/anatra.cz\/?page_id=3138\" rel=\"nofollow\"><span class=\"sr-only\">P\u0159e\u010d\u00edst si v\u00edc o\u00daklidov\u00e9 voz\u00edky<\/span>[&#8230;]<\/a><\/p>\n","protected":false},"author":1,"featured_media":0,"parent":1208,"menu_order":0,"comment_status":"closed","ping_status":"closed","template":"","meta":{"footnotes":""},"class_list":["post-3138","page","type-page","status-publish","hentry"],"_links":{"self":[{"href":"https:\/\/anatra.cz\/index.php?rest_route=\/wp\/v2\/pages\/3138","targetHints":{"allow":["GET"]}}],"collection":[{"href":"https:\/\/anatra.cz\/index.php?rest_route=\/wp\/v2\/pages"}],"about":[{"href":"https:\/\/anatra.cz\/index.php?rest_route=\/wp\/v2\/types\/page"}],"author":[{"embeddable":true,"href":"https:\/\/anatra.cz\/index.php?rest_route=\/wp\/v2\/users\/1"}],"replies":[{"embeddable":true,"href":"https:\/\/anatra.cz\/index.php?rest_route=%2Fwp%2Fv2%2Fcomments&post=3138"}],"version-history":[{"count":106,"href":"https:\/\/anatra.cz\/index.php?rest_route=\/wp\/v2\/pages\/3138\/revisions"}],"predecessor-version":[{"id":5632,"href":"https:\/\/anatra.cz\/index.php?rest_route=\/wp\/v2\/pages\/3138\/revisions\/5632"}],"up":[{"embeddable":true,"href":"https:\/\/anatra.cz\/index.php?rest_route=\/wp\/v2\/pages\/1208"}],"wp:attachment":[{"href":"https:\/\/anatra.cz\/index.php?rest_route=%2Fwp%2Fv2%2Fmedia&parent=3138"}],"curies":[{"name":"wp","href":"https:\/\/api.w.org\/{rel}","templated":true}]}}