{"id":264,"date":"2010-07-11T18:44:33","date_gmt":"2010-07-11T18:44:33","guid":{"rendered":"http:\/\/www.anatra.cz\/?page_id=264"},"modified":"2013-01-30T16:58:49","modified_gmt":"2013-01-30T15:58:49","slug":"ostatni","status":"publish","type":"page","link":"https:\/\/anatra.cz\/?page_id=264","title":{"rendered":"N\u00e1vleky"},"content":{"rendered":"<h3>N\u00e1vlek na obuv<\/h3>\n<p><a href=\"http:\/\/www.anatra.cz\/wp-content\/uploads\/N\u00e1vlek-na-obuv-PE.jpg\"><img decoding=\"async\" src=\"http:\/\/www.anatra.cz\/wp-content\/uploads\/N\u00e1vlek-na-obuv-PE.jpg\" alt=\"N\u00e1vlek na obuv PE\" title=\"N\u00e1vlek na obuv PE\" width=\"103\" height=\"81\" class=\"alignleft size-full wp-image-265\" \/><\/a><\/p>\n<p>&#160;<\/p>\n<p>Modr\u00fd n\u00e1vlek na obuv z PVC<br \/>\nbalen\u00ed 10 roli\u010dek po 10 ks n\u00e1vlek\u016f<\/p>\n<p>&#160;<\/p>\n<p>&#160;<\/p>\n<hr>\n","protected":false},"excerpt":{"rendered":"<p>N\u00e1vlek na obuv &#160; Modr\u00fd n\u00e1vlek na obuv z PVC balen\u00ed 10 roli\u010dek po 10 ks n\u00e1vlek\u016f &#160; &#160;<\/p>\n","protected":false},"author":1,"featured_media":0,"parent":73,"menu_order":3,"comment_status":"closed","ping_status":"closed","template":"","meta":{"footnotes":""},"class_list":["post-264","page","type-page","status-publish","hentry"],"_links":{"self":[{"href":"https:\/\/anatra.cz\/index.php?rest_route=\/wp\/v2\/pages\/264","targetHints":{"allow":["GET"]}}],"collection":[{"href":"https:\/\/anatra.cz\/index.php?rest_route=\/wp\/v2\/pages"}],"about":[{"href":"https:\/\/anatra.cz\/index.php?rest_route=\/wp\/v2\/types\/page"}],"author":[{"embeddable":true,"href":"https:\/\/anatra.cz\/index.php?rest_route=\/wp\/v2\/users\/1"}],"replies":[{"embeddable":true,"href":"https:\/\/anatra.cz\/index.php?rest_route=%2Fwp%2Fv2%2Fcomments&post=264"}],"version-history":[{"count":11,"href":"https:\/\/anatra.cz\/index.php?rest_route=\/wp\/v2\/pages\/264\/revisions"}],"predecessor-version":[{"id":3947,"href":"https:\/\/anatra.cz\/index.php?rest_route=\/wp\/v2\/pages\/264\/revisions\/3947"}],"up":[{"embeddable":true,"href":"https:\/\/anatra.cz\/index.php?rest_route=\/wp\/v2\/pages\/73"}],"wp:attachment":[{"href":"https:\/\/anatra.cz\/index.php?rest_route=%2Fwp%2Fv2%2Fmedia&parent=264"}],"curies":[{"name":"wp","href":"https:\/\/api.w.org\/{rel}","templated":true}]}}