{"id":2524,"date":"2012-04-28T16:44:50","date_gmt":"2012-04-28T15:44:50","guid":{"rendered":"http:\/\/www.anatra.cz\/?page_id=2524"},"modified":"2020-06-16T11:41:01","modified_gmt":"2020-06-16T10:41:01","slug":"kuchynska-oblast","status":"publish","type":"page","link":"https:\/\/anatra.cz\/?page_id=2524","title":{"rendered":"Kuchy\u0148sk\u00e1 oblast"},"content":{"rendered":"<h3>CLEAMEN 100\/200 gener\u00e1ln\u00ed, denn\u00ed<\/h3>\n<p style=\"text-align: left;\"><a href=\"http:\/\/www.anatra.cz\/wp-content\/uploads\/Cleamen_100.jpg\"><img decoding=\"async\" class=\"alignleft size-full wp-image-758\" title=\"Cleamen 100\/200 gener\u00e1ln\u00ed, denn\u00ed\" src=\"http:\/\/www.anatra.cz\/wp-content\/uploads\/Cleamen_100.jpg\" alt=\"\" width=\"55\" height=\"165\" \/><\/a><\/p>\n<p>&nbsp;<\/p>\n<p style=\"text-align: left;\">Balen\u00ed: 1 l, 5 l<\/p>\n<p style=\"text-align: justify;\">V\u0161estrann\u00fd \u010distic\u00ed prost\u0159edek pro denn\u00ed \u010di\u0161t\u011bn\u00ed v\u0161ech ploch, je <strong>vysoce koncentrovan\u00fd<\/strong>, p\u011bniv\u00fd a parfemovan\u00fd, pou\u017e\u00edv\u00e1 se proto z\u0159ed\u011bn\u00fd ve velmi n\u00edzk\u00fdch koncentrac\u00edch. P\u0159i sprejov\u00e9 aplikaci v d\u00e1vk\u00e1ch 4 &#8211; 16 ml\/1l vody. P\u0159i mokr\u00e9m \u010di\u0161t\u011bn\u00ed (do v\u011bdra) v d\u00e1vce 4 &#8211; 20ml\/10l vody podle druhu a \u00farovn\u011b zne\u010di\u0161t\u011bn\u00ed ploch.<\/p>\n<hr \/>\n<h3>CLEAMEN 210 gastron<\/h3>\n<p><a href=\"http:\/\/www.anatra.cz\/wp-content\/uploads\/CLEAMEN_210_gastron_1L_rozprasovac.jpeg\"><img decoding=\"async\" class=\"alignleft size-medium wp-image-5498\" src=\"http:\/\/www.anatra.cz\/wp-content\/uploads\/CLEAMEN_210_gastron_1L_rozprasovac-92x300.jpeg\" alt=\"\" width=\"46\" height=\"150\" srcset=\"https:\/\/anatra.cz\/wp-content\/uploads\/CLEAMEN_210_gastron_1L_rozprasovac-92x300.jpeg 92w, https:\/\/anatra.cz\/wp-content\/uploads\/CLEAMEN_210_gastron_1L_rozprasovac.jpeg 315w\" sizes=\"(max-width: 46px) 100vw, 46px\" \/><\/a><\/p>\n<p>&nbsp;<\/p>\n<p style=\"text-align: left;\">Balen\u00ed: 1 l, 5 l<\/p>\n<p style=\"text-align: justify;\">Prost\u0159edek je ur\u010den na \u010di\u0161t\u011bn\u00ed ve\u0161ker\u00fdch kuchy\u0148sk\u00fdch povrch\u016f a za\u0159\u00edzen\u00ed v\u010detn\u011b nerez\u016f a lamin\u00e1tov\u00fdch povrch\u016f. M\u00e1 siln\u00fd odma\u0161\u0165ovac\u00ed \u00fa\u010dinek a v\u00fdrazn\u00fd myc\u00ed efekt v potravin\u00e1\u0159sk\u00fdch i pr\u016fmyslov\u00fdch oblastech. Dob\u0159e \u010dist\u00ed digesto\u0159e, mastn\u00fd prach i v pr\u016fmyslu, zne\u010di\u0161t\u011bn\u00ed od saz\u00ed &#8211; skla krbov\u00fdch kamen, mastnotu ze stroj\u016f i spalovac\u00edch motor\u016f.<\/p>\n<hr \/>\n<h3>CLEAMEN 220 nerez le\u0161ti\u010d s rozpra\u0161ova\u010dem<\/h3>\n<p><a href=\"http:\/\/www.anatra.cz\/wp-content\/uploads\/CLEAMEN_220_nerez_lestic_1L.jpeg\"><img decoding=\"async\" class=\"alignleft size-medium wp-image-5500\" src=\"http:\/\/www.anatra.cz\/wp-content\/uploads\/CLEAMEN_220_nerez_lestic_1L-92x300.jpeg\" alt=\"\" width=\"46\" height=\"150\" srcset=\"https:\/\/anatra.cz\/wp-content\/uploads\/CLEAMEN_220_nerez_lestic_1L-92x300.jpeg 92w, https:\/\/anatra.cz\/wp-content\/uploads\/CLEAMEN_220_nerez_lestic_1L.jpeg 315w\" sizes=\"(max-width: 46px) 100vw, 46px\" \/><\/a><\/p>\n<p style=\"text-align: left;\">\n<p>&nbsp;<\/p>\n<p style=\"text-align: left;\">Balen\u00ed: 1 l<\/p>\n<p style=\"text-align: justify;\">Je ur\u010den\u00fd k le\u0161t\u011bn\u00ed nerezov\u00fdch povrch\u016f a za\u0159\u00edzen\u00ed v kuchy\u0148sk\u00e9 oblasti. Zanech\u00e1v\u00e1 lesk a povrch je odoln\u011bj\u0161\u00ed v\u016f\u010di zne\u010di\u0161t\u011bn\u00ed, rozpou\u0161t\u00ed a uvol\u0148uje mastnoty a ohmatky, \u010d\u00edm\u017e tak\u00e9 usnad\u0148uje \u010di\u0161t\u011bn\u00ed. Prost\u0159edek se pou\u017e\u00edv\u00e1 ne\u0159ed\u011bn\u00fd.<\/p>\n<hr \/>\n<h3>CLEAMEN 230 strojn\u00ed myt\u00ed n\u00e1dob\u00ed<\/h3>\n<p style=\"text-align: left;\"><a href=\"http:\/\/www.anatra.cz\/wp-content\/uploads\/CL_230_strojni_myti_nadobi.jpeg\"><img decoding=\"async\" class=\"alignleft wp-image-4295 size-medium\" title=\"Cleaman 230 strojn\u00ed myt\u00ed n\u00e1dob\u00ed\" src=\"http:\/\/www.anatra.cz\/wp-content\/uploads\/CL_230_strojni_myti_nadobi-215x300.jpeg\" alt=\"\" width=\"108\" height=\"155\" \/><\/a><\/p>\n<p>&nbsp;<\/p>\n<p style=\"text-align: left;\">Balen\u00ed: 6 kg, 24 kg, 240 kg<\/p>\n<p style=\"text-align: justify;\">Tekut\u00fd, bezfosf\u00e1tov\u00fd, vysoce koncentrovan\u00fd, myc\u00ed prost\u0159edek, ur\u010den\u00fd pro v\u0161echny typy profesion\u00e1ln\u00edch my\u010dek n\u00e1dob\u00ed a skla s automatick\u00fdm d\u00e1vkov\u00e1n\u00edm. Oproti b\u011b\u017en\u00fdm prost\u0159edk\u016fm umo\u017e\u0148uje dosa\u017een\u00ed vy\u0161\u0161\u00edho myc\u00edho \u00fa\u010dinku p\u0159i n\u00edzk\u00e9m d\u00e1vkov\u00e1n\u00ed a vhodn\u00e9m nastaven\u00ed podle m\u00edstn\u00edch podm\u00ednek. Prost\u0159edek je velmi vhodn\u00fd i na myt\u00ed n\u00e1pojov\u00e9ho skla, p\u0159i slab\u00e9m zne\u010di\u0161t\u011bn\u00ed je mo\u017eno vyu\u017e\u00edt velmi n\u00edzk\u00e9 d\u00e1vkov\u00e1n\u00ed 0,5 \u2013 1g\/litr pracovn\u00edho roztoku.<\/p>\n<hr \/>\n<h3>CLEAMEN 231 strojn\u00ed oplach n\u00e1dob\u00ed<\/h3>\n<p style=\"text-align: left;\"><a href=\"http:\/\/www.anatra.cz\/wp-content\/uploads\/CL_231_strojni_oplach_nadobi.jpeg\"><img decoding=\"async\" class=\"alignleft wp-image-4284 size-medium\" title=\"Cleaman 231 strojn\u00ed oplach n\u00e1dob\u00ed\" src=\"http:\/\/www.anatra.cz\/wp-content\/uploads\/CL_231_strojni_oplach_nadobi-215x300.jpeg\" alt=\"\" width=\"108\" height=\"155\" \/><\/a><\/p>\n<p>&nbsp;<\/p>\n<p style=\"text-align: left;\">Balen\u00ed: 5 l, 20 l, 220 l<\/p>\n<p style=\"text-align: justify;\">Tekut\u00fd vysoce koncentrovan\u00fd oplachov\u00fd a le\u0161t\u00edc\u00ed prost\u0159edek pro profesion\u00e1ln\u00ed my\u010dky n\u00e1dob\u00ed a skla s automatick\u00fdm d\u00e1vkov\u00e1n\u00edm. Zamezuje tvorb\u011b stop po miner\u00e1ln\u00edch \u00fasad\u00e1ch a odstra\u0148uje zbytky ne\u010distot na myt\u00e9m n\u00e1dob\u00ed, dod\u00e1v\u00e1 n\u00e1dob\u00ed leskl\u00fd vzhled. Je vhodn\u00fd jako druh\u00e1 f\u00e1ze myt\u00ed (oplachov\u00e1n\u00ed a neutralizace) po prost\u0159edku Cleamen 230 strojn\u00ed myt\u00ed n\u00e1dob\u00ed, nebo Cleamen 232 strojn\u00ed myt\u00ed n\u00e1dob\u00ed ACTIVE. Oproti b\u011b\u017en\u00fdm prost\u0159edk\u016fm umo\u017e\u0148uje dosa\u017een\u00ed vy\u0161\u0161\u00edho myc\u00edho \u00fa\u010dinku p\u0159i n\u00edzk\u00e9m d\u00e1vkov\u00e1n\u00ed a vhodn\u00e9m nastaven\u00ed podle m\u00edstn\u00edch podm\u00ednek.<\/p>\n<hr \/>\n<h3>CLEAMEN 232 strojn\u00ed myt\u00ed n\u00e1dob\u00ed ACTIVE<\/h3>\n<p style=\"text-align: left;\"><a href=\"http:\/\/www.anatra.cz\/wp-content\/uploads\/CL_232_strojni_myti_nadobi_Active.jpeg\"><img decoding=\"async\" class=\"alignleft wp-image-4285 size-medium\" title=\"Cleaman 232 strojn\u00ed myt\u00ed n\u00e1dob\u00ed ACTIVE\" src=\"http:\/\/www.anatra.cz\/wp-content\/uploads\/CL_232_strojni_myti_nadobi_Active-215x300.jpeg\" alt=\"\" width=\"108\" height=\"155\" \/><\/a><\/p>\n<p>&nbsp;<\/p>\n<p style=\"text-align: left;\">Balen\u00ed: 6 kg, 24 kg, 240 kg<\/p>\n<p style=\"text-align: justify;\">Tekut\u00fd, bezfosf\u00e1tov\u00fd, vysoce koncentrovan\u00fd myc\u00ed prost\u0159edek, ur\u010den\u00fd pro profesion\u00e1ln\u00ed my\u010dky b\u00edl\u00e9ho i \u010dern\u00e9ho n\u00e1dob\u00ed a skla s ru\u010dn\u00edm i automatick\u00fdm d\u00e1vkov\u00e1n\u00edm. Je vhodn\u00fd pro pou\u017eit\u00ed v oblastech s tvrdou vodou a spolehliv\u011b myje i p\u0159i siln\u00e9m zne\u010di\u0161t\u011bn\u00ed. Vy\u0161\u0161\u00ed \u00fa\u010dinnost prost\u0159edku se projev\u00ed zejm\u00e9na p\u0159i odstra\u0148ov\u00e1n\u00ed mastnoty a skvrn od k\u00e1vy a \u010daje. Obsahuje aktivn\u00ed slo\u017eku DEZICHLOR. Cleamen 232 je ur\u010den na myt\u00ed \u010dern\u00e9ho n\u00e1dob\u00ed p\u0159i d\u00e1vkov\u00e1n\u00ed 2 \u2013 4g\/litr pracovn\u00edho roztoku. Dod\u00e1v\u00e1 extr\u00e9mn\u011b vysok\u00fd lesk nerezov\u00e9mu n\u00e1dob\u00ed.<\/p>\n<hr \/>\n<h3>CLEAMEN 233 tabletov\u00e1 s\u016fl<\/h3>\n<p style=\"text-align: left;\"><a href=\"http:\/\/www.anatra.cz\/wp-content\/uploads\/CL_233_10.jpg\"><img decoding=\"async\" class=\"alignleft size-full wp-image-758\" title=\"Cleaman 233 tabletov\u00e1 s\u016fl\" src=\"http:\/\/www.anatra.cz\/wp-content\/uploads\/CL_233_10.jpg\" alt=\"\" width=\"105\" height=\"115\" \/><\/a><\/p>\n<p>&nbsp;<\/p>\n<p style=\"text-align: left;\">Balen\u00ed: 10 kg, 25 kg<\/p>\n<p style=\"text-align: justify;\">Prost\u0159edek na \u00fapravu tvrdosti vody. Lze jednodu\u0161e pou\u017e\u00edt do zm\u011bk\u010dova\u010d\u016f vody v gastro provozech, pr\u00e1deln\u00e1ch a v\u0161ude tam, kde je tvrd\u00e1 voda.<\/p>\n<hr \/>\n<h3>CLEAMEN 240 na trouby a grily<\/h3>\n<p style=\"text-align: left;\"><a href=\"http:\/\/www.anatra.cz\/wp-content\/uploads\/CL_240_trouby_grily.jpeg\"><img decoding=\"async\" class=\"alignleft wp-image-4286 size-medium\" title=\"Cleaman 240 na trouby, grily\" src=\"http:\/\/www.anatra.cz\/wp-content\/uploads\/CL_240_trouby_grily-92x300.jpeg\" alt=\"\" width=\"46\" height=\"155\" \/><\/a><\/p>\n<p>&nbsp;<\/p>\n<p style=\"text-align: left;\">Balen\u00ed: 1 l<\/p>\n<p style=\"text-align: justify;\">Prost\u0159edek je ur\u010den na odstra\u0148ov\u00e1n\u00ed p\u0159ip\u00e1lenin z pe\u010d\u00edc\u00edch trub, gril\u016f a digesto\u0159\u00ed, skla krbov\u00fdch kamen apod.<br \/>\nPou\u017e\u00edv\u00e1 se ne\u0159ed\u011bn\u00fd, nan\u00e1\u0161\u00ed se pomoc\u00ed rozpra\u0161ova\u010de na \u010di\u0161t\u011bn\u00e9 m\u00edsto.<br \/>\nPo nanesen\u00ed nechte p\u016fsobit 5 &#8211; 15 min.<br \/>\nPokud je mo\u017en\u00e9 zne\u010di\u0161t\u011bn\u00fd povrch nah\u0159\u00e1t (max. na 40\u00b0C), pak je reakce rychlej\u0161\u00ed.<br \/>\nP\u0159i siln\u011bj\u0161\u00edm zne\u010di\u0161t\u011bn\u00ed pou\u017eijeme na uvoln\u011bn\u00ed ne\u010distot vhodn\u00fd pad ( nesm\u00ed po\u0161kr\u00e1bat povrch), nebo kart\u00e1\u010d.<br \/>\nNa v\u011bt\u0161\u00ed plochy doporu\u010dujeme pou\u017e\u00edvat Cleamen tlakov\u00fd rozpra\u0161ova\u010d 360\u00b0.<br \/>\nPo ur\u010den\u00e9 dob\u011b p\u016fsoben\u00ed povrch dob\u0159e n\u011bkolikr\u00e1t omyjte \u010distou vodou pomoc\u00ed houby a vyt\u0159ete do sucha.<br \/>\nPou\u017e\u00edvejte d\u016fsledn\u011b ochrann\u00e9 prost\u0159edky jako gumov\u00e9 rukavice, br\u00fdle, z\u00e1st\u011bru a respir\u00e1tor.<br \/>\nZabra\u0148te styku s poko\u017ekou a vdechov\u00e1n\u00ed aerosolu p\u0159i aplikaci.<\/p>\n<hr \/>\n<h3>CLEAMEN 241 konvektomaty, grily<\/h3>\n<p style=\"text-align: left;\"><a href=\"http:\/\/www.anatra.cz\/wp-content\/uploads\/CL_241_konvektomaty_grily.jpeg\"><img decoding=\"async\" class=\"alignleft wp-image-4287 size-medium\" title=\"Cleaman 241 konvektomaty, grily\" src=\"http:\/\/www.anatra.cz\/wp-content\/uploads\/CL_241_konvektomaty_grily-239x300.jpeg\" alt=\"\" width=\"120\" height=\"155\" \/><\/a><\/p>\n<p>&nbsp;<\/p>\n<p style=\"text-align: left;\">Balen\u00ed: 5,5 kg<\/p>\n<p style=\"text-align: justify;\">Prost\u0159edek k p\u0159\u00edm\u00e9mu pou\u017eit\u00ed na odstra\u0148ov\u00e1n\u00ed p\u0159ip\u00e1lenin z konvektomat\u016f, gril\u016f, a \u010d\u00e1st\u00ed vzduchov\u00fdch filtr\u016f. Pou\u017e\u00edv\u00e1 se ne\u0159ed\u011bn\u00fd nebo z\u0159ed\u011bn\u00fd v pom\u011bru a\u017e 1:5.<br \/>\nProst\u0159edek je speci\u00e1ln\u011b upraven pro aplikaci tlakov\u00fdm rozpra\u0161ova\u010dem.<br \/>\nPou\u017eit\u00ed:<br \/>\nTlakov\u00fdm rozpra\u0161ova\u010dem naneste p\u0159\u00edpravek na zne\u010di\u0161t\u011bn\u00e1 m\u00edsta ( nah\u0159\u00e1t\u00e1 na 40-50\u00b0C v p\u0159\u00edpad\u011b, \u017ee to za\u0159\u00edzen\u00ed umo\u017e\u0148uje) a nechte reagovat podle intenzity zne\u010di\u0161t\u011bn\u00ed 5 a\u017e 15 minut.<br \/>\nP\u0159i siln\u011bj\u0161\u00edm zne\u010di\u0161t\u011bn\u00ed pou\u017eijeme na uvoln\u011bn\u00ed ne\u010distot vhodn\u00fd pad (nesm\u00ed po\u0161kr\u00e1bat povrch), nebo kart\u00e1\u010d.<br \/>\nPo ur\u010den\u00e9 dob\u011b p\u016fsoben\u00ed povrch dob\u0159e n\u011bkolikr\u00e1t omyjte \u010distou vodou pomoc\u00ed houby a vyt\u0159ete do sucha.<br \/>\nPou\u017e\u00edvejte d\u016fsledn\u011b ochrann\u00e9 prost\u0159edky jako gumov\u00e9 rukavice, br\u00fdle a z\u00e1st\u011bru.<br \/>\nZabra\u0148te styku s poko\u017ekou a vdechov\u00e1n\u00ed aerosolu p\u0159i aplikaci.<\/p>\n<hr \/>\n<h3>CLEAMEN 242 odpady kuchy\u0148sk\u00e9 s dezichl\u00f3rem<\/h3>\n<p style=\"text-align: left;\"><a href=\"http:\/\/www.anatra.cz\/wp-content\/uploads\/CL_242.jpg\"><img decoding=\"async\" class=\"alignleft size-full wp-image-758\" title=\"Cleaman 242 odpady kuchy\u0148sk\u00e9 s dezichlorem\" src=\"http:\/\/www.anatra.cz\/wp-content\/uploads\/CL_242.jpg\" alt=\"\" width=\"55\" height=\"165\" \/><\/a><\/p>\n<p>&nbsp;<\/p>\n<p style=\"text-align: left;\">Balen\u00ed: 1 l<\/p>\n<p style=\"text-align: justify;\">Prost\u0159edek je ur\u010den k \u010di\u0161t\u011bn\u00ed odpad\u016f zanesen\u00fdch tuky a mastnotou, zejm\u00e9na kuchy\u0148sk\u00fdch v\u00fdlevek. Prost\u0159edek je vhodn\u00fd na nerezov\u00e9, chromovan\u00e9, um\u011blohmotn\u00e9 i keramick\u00e9 povrchy odpad\u016f, nepou\u017e\u00edvejte na hlin\u00edk kter\u00fd lept\u00e1! Koncentrace p\u0159\u00edpravku spolu s p\u0159\u00edtomnost\u00ed chloru zabezpe\u010duj\u00ed spolehliv\u00e9 ni\u010den\u00ed bakteri\u00ed a mikroorganism\u016f v prostoru odpadu.<\/p>\n<hr \/>\n<h3>CLEAMEN 250 ru\u010dn\u00ed myt\u00ed n\u00e1dob\u00ed koncentr\u00e1t<\/h3>\n<p style=\"text-align: left;\"><a href=\"http:\/\/www.anatra.cz\/wp-content\/uploads\/CL_250.png\"><img decoding=\"async\" class=\"alignleft wp-image-4288 size-medium\" title=\"Cleaman 250 ru\u010dn\u00ed myt\u00ed n\u00e1dob\u00ed\" src=\"http:\/\/www.anatra.cz\/wp-content\/uploads\/CL_250-107x300.png\" alt=\"\" width=\"54\" height=\"155\" \/><\/a><\/p>\n<p>&nbsp;<\/p>\n<p style=\"text-align: left;\">Balen\u00ed: 1 l, 5 l<\/p>\n<div style=\"text-align: justify;\">Tekut\u00fd neutr\u00e1ln\u00ed koncentrovan\u00fd \u010distic\u00ed prost\u0159edek ur\u010den\u00fd k profesion\u00e1ln\u00edmu ru\u010dn\u00edmu myt\u00ed n\u00e1dob\u00ed a k odma\u0161\u0165ov\u00e1n\u00ed ve\u0161ker\u00fdch povrch\u016f. Vyzna\u010duje se v\u016fn\u00ed sicilsk\u00fdch pomeran\u010d\u016f a ekv\u00e1dorsk\u00fdch ban\u00e1n\u016f. Pou\u017e\u00edv\u00e1 se p\u0159edev\u0161\u00edm ve velk\u00fdch stravovac\u00edch provozech. D\u00e1vkujte 20 ml do 10ti litr\u016f vody.<\/div>\n<div style=\"text-align: justify;\"><\/div>\n<div style=\"text-align: justify;\">Prost\u0159edek byl podroben tal\u00ed\u0159ov\u00fdm test\u016fm s\u00a0v\u00fdborn\u00fdmi v\u00fdsledky. Je velmi \u00fa\u010dinn\u00fd proti mastnot\u011b a zaschl\u00fdm zbytk\u016fm j\u00eddla. Dokonale myje v\u0161echny druhy materi\u00e1l\u016f \u2013 porcel\u00e1n, keramiku, sklo, plasty a podobn\u011b. Prost\u0159edek je mo\u017en\u00e9 pou\u017e\u00edvat i na myt\u00ed d\u0159ev\u011bn\u00fdch kr\u00e1jec\u00edch desek, smaltovan\u00e9ho i nerezov\u00e9ho n\u00e1dob\u00ed. Je spolehliv\u00fd p\u0159i myt\u00ed \u010dern\u00e9ho n\u00e1dob\u00ed.<\/div>\n<hr \/>\n<h3>CLEAMEN 251 ru\u010dn\u00ed myt\u00ed n\u00e1dob\u00ed bez parf\u00e9m\u016f a barviv<\/h3>\n<p style=\"text-align: left;\"><a href=\"http:\/\/www.anatra.cz\/wp-content\/uploads\/CL_251.png\"><img decoding=\"async\" class=\"alignleft wp-image-4289 size-medium\" title=\"Cleaman 251 ru\u010dn\u00ed myt\u00ed n\u00e1dob\u00ed\" src=\"http:\/\/www.anatra.cz\/wp-content\/uploads\/CL_251-239x300.png\" alt=\"\" width=\"120\" height=\"155\" \/><\/a><\/p>\n<p>&nbsp;<\/p>\n<p style=\"text-align: left;\">Balen\u00ed: 1 l, 5 l<\/p>\n<p style=\"text-align: justify;\">Prost\u0159edek je ur\u010den na odstra\u0148ov\u00e1n\u00ed p\u0159ip\u00e1lenin z pe\u010d\u00edc\u00edch trub, gril\u016f a digesto\u0159\u00ed, skla krbov\u00fdch kamen apod.<br \/>\nPou\u017e\u00edv\u00e1 se ne\u0159ed\u011bn\u00fd, nan\u00e1\u0161\u00ed se pomoc\u00ed rozpra\u0161ova\u010de na \u010di\u0161t\u011bn\u00e9 m\u00edsto.<br \/>\nPo nanesen\u00ed nechte p\u016fsobit 5 &#8211; 15 min.<br \/>\nPokud je mo\u017en\u00e9 zne\u010di\u0161t\u011bn\u00fd povrch nah\u0159\u00e1t (max. na 40\u00b0C), pak je reakce rychlej\u0161\u00ed.<br \/>\nP\u0159i siln\u011bj\u0161\u00edm zne\u010di\u0161t\u011bn\u00ed pou\u017eijeme na uvoln\u011bn\u00ed ne\u010distot vhodn\u00fd pad ( nesm\u00ed po\u0161kr\u00e1bat povrch), nebo kart\u00e1\u010d.<br \/>\nNa v\u011bt\u0161\u00ed plochy doporu\u010dujeme pou\u017e\u00edvat Cleamen tlakov\u00fd rozpra\u0161ova\u010d 360\u00b0.<br \/>\nPo ur\u010den\u00e9 dob\u011b p\u016fsoben\u00ed povrch dob\u0159e n\u011bkolikr\u00e1t omyjte \u010distou vodou pomoc\u00ed houby a vyt\u0159ete do sucha.<br \/>\nPou\u017e\u00edvejte d\u016fsledn\u011b ochrann\u00e9 prost\u0159edky jako gumov\u00e9 rukavice, br\u00fdle, z\u00e1st\u011bru a respir\u00e1tor.<br \/>\nZabra\u0148te styku s poko\u017ekou a vdechov\u00e1n\u00ed aerosolu p\u0159i aplikaci.<\/p>\n<hr \/>\n<h3>CLEAMEN 260 restaura\u010dn\u00ed sklo<\/h3>\n<p style=\"text-align: left;\"><a href=\"http:\/\/www.anatra.cz\/wp-content\/uploads\/CL_260.jpg\"><img decoding=\"async\" class=\"alignleft size-full wp-image-758\" title=\"Cleaman 260 restaura\u010dn\u00ed sklo\" src=\"http:\/\/www.anatra.cz\/wp-content\/uploads\/CL_260.jpg\" alt=\"\" width=\"55\" height=\"165\" \/><\/a><\/p>\n<p>&nbsp;<\/p>\n<p style=\"text-align: left;\">Balen\u00ed: 1 l<\/p>\n<p style=\"text-align: left;\">Prost\u0159edek, ur\u010den\u00fd k myt\u00ed pivn\u00edho a restraura\u010dn\u00edho skla, vhodn\u00fd i do my\u010dek.<\/p>\n<p style=\"text-align: justify;\">Po umyt\u00ed pivn\u00edch sklenic p\u0159\u00edpravkem CLEAMEN 260 restaura\u010dn\u00ed sklo, z\u016fst\u00e1v\u00e1 na pivu d\u00e9le p\u011bna a pivo si udr\u017e\u00ed \u0159\u00edz. Obrovskou v\u00fdhodou je neutr\u00e1ln\u00ed pH, kter\u00e9 zaji\u0161\u0165uje derm\u00e1ln\u00ed toleranci p\u0159i ru\u010dn\u00ed pr\u00e1ci v roztoku. Nav\u00edc d\u00edky receptu\u0159e kter\u00e1 neobsahuje agresivn\u00ed odma\u0161\u0165ovadla, nepo\u0161kozuje sklo p\u0159i dlouhodob\u00e9m strojn\u00edm myt\u00ed.<br \/>\nVhodn\u00fd i pro myt\u00ed jak\u00fdchkoliv pevn\u00fdch ploch oplachovou metodou.Doporu\u010dujeme na myt\u00ed k\u0159i\u0161\u0165\u00e1lov\u00fdch lamp a lustr\u016f a v\u0161ude tam, kde po\u017eadujete aby vy\u010di\u0161t\u011bn\u00e9 sklen\u011bn\u00e9 plochy z\u016fst\u00e1valy dlouho \u010dist\u00e9.<\/p>\n<hr \/>\n<h3>CLEAMEN 261 restaura\u010dn\u00ed sklo &#8211; tablety<\/h3>\n<p style=\"text-align: left;\"><a href=\"http:\/\/www.anatra.cz\/wp-content\/uploads\/CL-261.png\"><img decoding=\"async\" class=\"alignleft wp-image-4290 size-medium\" title=\"Cleamen 261 restaura\u010dn\u00ed sklo - tablety\" src=\"http:\/\/www.anatra.cz\/wp-content\/uploads\/CL-261-300x273.png\" alt=\"\" width=\"155\" height=\"136\" \/><\/a><\/p>\n<p>&nbsp;<\/p>\n<p style=\"text-align: left;\">Balen\u00ed: 720 g<\/p>\n<p style=\"text-align: justify;\">Obl\u00edben\u00fd myc\u00ed prost\u0159edek na myt\u00ed pivn\u00edch sklenic a ve\u0161ker\u00e9ho restaura\u010dn\u00edho skla. Tablety jsou ur\u010deny pro myt\u00ed v tlakov\u00fdch my\u010dk\u00e1ch s oplachova\u010dem. V\u00fdhodou tohoto produktu je snadn\u00e1 manipulace, d\u00e1vkov\u00e1n\u00ed a skladov\u00e1n\u00ed.<\/p>\n<hr \/>\n","protected":false},"excerpt":{"rendered":"<p>CLEAMEN 100\/200 gener\u00e1ln\u00ed, denn\u00ed &nbsp; Balen\u00ed: 1 l, 5 l V\u0161estrann\u00fd \u010distic\u00ed prost\u0159edek pro denn\u00ed \u010di\u0161t\u011bn\u00ed v\u0161ech ploch, je vysoce koncentrovan\u00fd, p\u011bniv\u00fd a parfemovan\u00fd, pou\u017e\u00edv\u00e1 se proto z\u0159ed\u011bn\u00fd ve velmi n\u00edzk\u00fdch koncentrac\u00edch. P\u0159i sprejov\u00e9 aplikaci v d\u00e1vk\u00e1ch 4 &#8211; 16 ml\/1l vody. P\u0159i mokr\u00e9m \u010di\u0161t\u011bn\u00ed (do v\u011bdra) v d\u00e1vce 4 &#8211; 20ml\/10l vody podle druhu <a href=\"https:\/\/anatra.cz\/?page_id=2524\" rel=\"nofollow\"><span class=\"sr-only\">P\u0159e\u010d\u00edst si v\u00edc oKuchy\u0148sk\u00e1 oblast<\/span>[&#8230;]<\/a><\/p>\n","protected":false},"author":1,"featured_media":0,"parent":2457,"menu_order":1,"comment_status":"closed","ping_status":"closed","template":"","meta":{"footnotes":""},"class_list":["post-2524","page","type-page","status-publish","hentry"],"_links":{"self":[{"href":"https:\/\/anatra.cz\/index.php?rest_route=\/wp\/v2\/pages\/2524","targetHints":{"allow":["GET"]}}],"collection":[{"href":"https:\/\/anatra.cz\/index.php?rest_route=\/wp\/v2\/pages"}],"about":[{"href":"https:\/\/anatra.cz\/index.php?rest_route=\/wp\/v2\/types\/page"}],"author":[{"embeddable":true,"href":"https:\/\/anatra.cz\/index.php?rest_route=\/wp\/v2\/users\/1"}],"replies":[{"embeddable":true,"href":"https:\/\/anatra.cz\/index.php?rest_route=%2Fwp%2Fv2%2Fcomments&post=2524"}],"version-history":[{"count":64,"href":"https:\/\/anatra.cz\/index.php?rest_route=\/wp\/v2\/pages\/2524\/revisions"}],"predecessor-version":[{"id":5502,"href":"https:\/\/anatra.cz\/index.php?rest_route=\/wp\/v2\/pages\/2524\/revisions\/5502"}],"up":[{"embeddable":true,"href":"https:\/\/anatra.cz\/index.php?rest_route=\/wp\/v2\/pages\/2457"}],"wp:attachment":[{"href":"https:\/\/anatra.cz\/index.php?rest_route=%2Fwp%2Fv2%2Fmedia&parent=2524"}],"curies":[{"name":"wp","href":"https:\/\/api.w.org\/{rel}","templated":true}]}}