{"id":2459,"date":"2012-04-28T16:43:20","date_gmt":"2012-04-28T15:43:20","guid":{"rendered":"http:\/\/www.anatra.cz\/?page_id=2459"},"modified":"2020-06-16T10:35:24","modified_gmt":"2020-06-16T09:35:24","slug":"generalni-oblast","status":"publish","type":"page","link":"https:\/\/anatra.cz\/?page_id=2459","title":{"rendered":"Gener\u00e1ln\u00ed oblast"},"content":{"rendered":"<h3>CLEAMEN 100\/200 gener\u00e1ln\u00ed, denn\u00ed<\/h3>\n<p style=\"text-align: left;\"><a href=\"http:\/\/www.anatra.cz\/wp-content\/uploads\/Cleamen_100.jpg\"><img decoding=\"async\" class=\"alignleft size-full wp-image-758\" title=\"Cleamen 100\/200 gener\u00e1ln\u00ed, denn\u00ed\" src=\"http:\/\/www.anatra.cz\/wp-content\/uploads\/Cleamen_100.jpg\" alt=\"\" width=\"55\" height=\"165\" \/><\/a><\/p>\n<p>&nbsp;<\/p>\n<p style=\"text-align: left;\">Balen\u00ed: 1 l, 5 l<\/p>\n<p style=\"text-align: justify;\">V\u0161estrann\u00fd \u010distic\u00ed prost\u0159edek pro denn\u00ed \u010di\u0161t\u011bn\u00ed v\u0161ech ploch, je <strong>vysoce koncentrovan\u00fd<\/strong>, p\u011bniv\u00fd a parfemovan\u00fd, pou\u017e\u00edv\u00e1 se proto z\u0159ed\u011bn\u00fd ve velmi n\u00edzk\u00fdch koncentrac\u00edch. P\u0159i sprejov\u00e9 aplikaci v d\u00e1vk\u00e1ch 4 &#8211; 16 ml\/1l vody. P\u0159i mokr\u00e9m \u010di\u0161t\u011bn\u00ed (do v\u011bdra) v d\u00e1vce 4 &#8211; 20ml\/10l vody podle druhu a \u00farovn\u011b zne\u010di\u0161t\u011bn\u00ed ploch.<\/p>\n<hr \/>\n<h3>CLEAMEN 101\/201 a 102\/202 osv\u011b\u017eova\u010d &#8211; neutraliz\u00e1tor pach\u016f<\/h3>\n<p style=\"text-align: left;\"><a href=\"http:\/\/www.anatra.cz\/wp-content\/uploads\/Cleaman_101.jpg\"><img decoding=\"async\" class=\"alignleft size-full wp-image-758\" title=\"Cleamen 101\/201 neutraliz\u00e9r pach\u016f\" src=\"http:\/\/www.anatra.cz\/wp-content\/uploads\/Cleaman_101.jpg\" alt=\"\" width=\"55\" height=\"165\" \/><\/a><\/p>\n<p>&nbsp;<\/p>\n<p style=\"text-align: left;\">Balen\u00ed: 1 l, 5 l (CL 101\/201)<\/p>\n<p style=\"text-align: justify;\">Neutraliz\u00e1tor pach\u016f a interi\u00e9rov\u00fd osv\u011b\u017eova\u010d. \u00da\u010dinn\u011b rozkl\u00e1d\u00e1 pachy a zanech\u00e1v\u00e1 sv\u011b\u017e\u00ed v\u016fni ve stejn\u00e9 parfemaci jako Cleamen 100\/200.<\/p>\n<p style=\"text-align: left;\">&#8211; pou\u017e\u00edv\u00e1 se ve spreji nebo p\u0159id\u00e1n\u00edm do vody ve v\u011bdru<\/p>\n<p style=\"text-align: left;\">&#8211; je mo\u017eno rozpra\u0161ovat koncentrovan\u00fd, nebo z\u0159ed\u011bn\u00fd na st\u011bny, n\u00e1bytek (i d\u0159ev\u011bnn\u00fd), na textiln\u00ed \u010daloun\u011bn\u00ed, z\u00e1v\u011bsy a \u017ealuzie<\/p>\n<p style=\"text-align: left;\">&#8211; p\u0159\u00edpravek se zcela odpa\u0159\u00ed a po odpa\u0159en\u00ed nezanech\u00e1v\u00e1 zbytky ani skvrny, pouze v prostoru zanech\u00e1 p\u0159\u00edjemnou v\u016fni<\/p>\n<hr \/>\n<h3>CLEAMEN 105 osv\u011b\u017eova\u010d &#8211; neutraliz\u00e1tor pach\u016f<\/h3>\n<p><a href=\"http:\/\/www.anatra.cz\/wp-content\/uploads\/Cleamen_105_400ml.png\"><img decoding=\"async\" class=\"alignleft size-medium wp-image-5491\" src=\"http:\/\/www.anatra.cz\/wp-content\/uploads\/Cleamen_105_400ml-78x300.png\" alt=\"\" width=\"39\" height=\"150\" srcset=\"https:\/\/anatra.cz\/wp-content\/uploads\/Cleamen_105_400ml-78x300.png 78w, https:\/\/anatra.cz\/wp-content\/uploads\/Cleamen_105_400ml.png 265w\" sizes=\"(max-width: 39px) 100vw, 39px\" \/><\/a><\/p>\n<p>&nbsp;<\/p>\n<p style=\"text-align: left;\">Balen\u00ed: 400 ml<\/p>\n<p>Neutraliz\u00e1tor pach\u016f a interi\u00e9rov\u00fd osv\u011b\u017eova\u010d. \u00da\u010dinn\u011b rozkl\u00e1d\u00e1 pachy a zanech\u00e1v\u00e1\u00a0luxusn\u00ed\u00a0v\u016fni.<\/p>\n<div>P\u0159\u00edpravek se pou\u017e\u00edv\u00e1 ve spreji\u00a0rozpra\u0161ov\u00e1n\u00edm na st\u011bny, n\u00e1bytek (i d\u0159ev\u011bnn\u00fd), na textiln\u00ed \u010daloun\u011bn\u00ed, z\u00e1v\u011bsy a \u017ealuzie.<\/div>\n<div>Produkt\u00a0\u00a0se zcela odpa\u0159\u00ed a po odpa\u0159en\u00ed nezanech\u00e1v\u00e1 zbytky ani skvrny, pouze v prostoru zanech\u00e1 p\u0159\u00edjemnou v\u016fni.\u00a0Neutralizuje pachy v tkanin\u00e1ch, na interi\u00e9rov\u00fdch ploch\u00e1ch i v prostoru.<\/div>\n<hr \/>\n<h3>CLEAMEN 110 sklen\u011bn\u00e9 plochy<\/h3>\n<p style=\"text-align: left;\"><a href=\"http:\/\/www.anatra.cz\/wp-content\/uploads\/CL_110_sklenene_plochy.jpeg\"><img decoding=\"async\" class=\"alignleft wp-image-4274 size-medium\" title=\"Cleamen 110 sklen\u011bn\u00e9 plochy\" src=\"http:\/\/www.anatra.cz\/wp-content\/uploads\/CL_110_sklenene_plochy-92x300.jpeg\" alt=\"\" width=\"46\" height=\"155\" \/><\/a><\/p>\n<p>&nbsp;<\/p>\n<p style=\"text-align: left;\">Balen\u00ed: 1 l, 5 l<\/p>\n<p style=\"text-align: justify;\">Prost\u0159edek je ur\u010den k myt\u00ed oken, slen\u011bn\u00fdch ploch, v\u00fdpln\u00ed dve\u0159\u00ed, vitr\u00edn, stoln\u00edch desek a v\u0161ech typ\u016f zrcadel sprejovou metodou.<\/p>\n<p style=\"text-align: left;\">&#8211; pou\u017e\u00edv\u00e1 se jako koncentr\u00e1t na siln\u00e9 zne\u010di\u0161t\u011bn\u00ed, nebo vodn\u00ed roztok 250 a\u017e 500ml\/l na slab\u00e9 a\u017e st\u0159edn\u00ed zne\u010di\u0161t\u011bn\u00ed<\/p>\n<p style=\"text-align: left;\">&#8211; m\u00e1 dobr\u00e9 \u010dist\u00edc\u00ed, odma\u0161\u0165ovac\u00ed a le\u0161t\u00edc\u00ed vlastnosti, je parfemovan\u00fd ovocnou v\u016fn\u00ed<\/p>\n<hr \/>\n<h3>CLEAMEN 112 na okna a r\u00e1my<\/h3>\n<p style=\"text-align: left;\"><a href=\"http:\/\/www.anatra.cz\/wp-content\/uploads\/Cleamen_112.jpg\"><img decoding=\"async\" class=\"alignleft size-full wp-image-758\" title=\"Cleamen 112 na okna a r\u00e1my\" src=\"http:\/\/www.anatra.cz\/wp-content\/uploads\/Cleamen_112.jpg\" alt=\"\" width=\"55\" height=\"165\" \/><\/a><\/p>\n<p>&nbsp;<\/p>\n<p style=\"text-align: left;\">Balen\u00ed: 1 l, 10 l<\/p>\n<p style=\"text-align: justify;\">Univers\u00e1ln\u00ed prost\u0159edek je ur\u010den k myt\u00ed oken a r\u00e1m\u016f oken mokrou metodou. Je vhodn\u00fd na leskl\u00e9 plochy, lakovan\u00e9 d\u0159evo i na plastov\u00e9 plochy, m\u00e1 dobr\u00e9 \u010dist\u00edc\u00ed, odma\u0161\u0165ovac\u00ed i le\u0161t\u00edc\u00ed vlastnosti, je p\u0159\u00edjemn\u011b parfemovan\u00fd.<\/p>\n<p style=\"text-align: left;\">&#8211; pou\u017e\u00edv\u00e1 se z\u0159ed\u011bn\u00fd, do v\u011bdra d\u00e1vkujte v mno\u017estv\u00ed podle velikosti zne\u010di\u0161t\u011bn\u00ed<\/p>\n<hr \/>\n<h3>CLEAMEN 120 z\u00e1kladn\u00ed \u010disti\u010d<\/h3>\n<p style=\"text-align: left;\"><a href=\"http:\/\/www.anatra.cz\/wp-content\/uploads\/Cleamen_120_5.jpg\"><img decoding=\"async\" class=\"alignleft size-full wp-image-758\" title=\"Cleamen 120 strh\u00e1va\u010d vosku\" src=\"http:\/\/www.anatra.cz\/wp-content\/uploads\/Cleamen_120_5.jpg\" alt=\"\" width=\"95\" height=\"115\" \/><\/a><\/p>\n<p>&nbsp;<\/p>\n<p style=\"text-align: left;\">Balen\u00ed: 5 l, 20 l<\/p>\n<p style=\"text-align: justify;\">Prost\u0159edek, ur\u010den\u00fd pro odstran\u011bn\u00ed i opravy v\u0161ech typ\u016f star\u00fdch disperz\u00ed a vosk\u016f z PVC a linolea. Lze jej pou\u017e\u00edvat i jako z\u00e1kladn\u00ed \u010disti\u010d, hlavn\u011b p\u0159ed pokl\u00e1d\u00e1n\u00edm vosk\u016f, \u00fa\u010dinn\u011b p\u016fsob\u00ed na za\u0161lapanou \u0161p\u00ednu na v\u0161ech podlahov\u00fdch krytin\u00e1ch odoln\u00fdch alk\u00e1li\u00edm (dla\u017eby, PVC, star\u0161\u00ed linoleum, teraso, ciheln\u00e9 povrchy, neleskl\u00e1 \u017eula).<\/p>\n<hr \/>\n<h3>CLEAMEN 121 vosk metalick\u00fd<\/h3>\n<p style=\"text-align: left;\"><a href=\"http:\/\/www.anatra.cz\/wp-content\/uploads\/Cleamen_121_5.jpg\"><img decoding=\"async\" class=\"alignleft size-full wp-image-758\" title=\"Cleamen 121 vosk metalick\u00fd\" src=\"http:\/\/www.anatra.cz\/wp-content\/uploads\/Cleamen_121_5.jpg\" alt=\"\" width=\"95\" height=\"115\" \/><\/a><\/p>\n<p>&nbsp;<\/p>\n<p style=\"text-align: left;\">Balen\u00ed: 5 l<\/p>\n<p style=\"text-align: justify;\">Metalick\u00fd vosk je ur\u010den ke zlep\u0161en\u00ed vzhledu, prodlou\u017een\u00ed \u017eivotnosti a lesku podlah typu linoleum, marmoleum, a ostatn\u00edch PVC krytin. Vosk m\u00e1 protiskluzn\u00e9 vlastnosti a tud\u00ed\u017e je vhodn\u00fd pro pou\u017eit\u00ed s velk\u00fdm zat\u00ed\u017een\u00edm zejm\u00e9na ve ve\u0159ejn\u00fdch budov\u00e1ch, \u0161kol\u00e1ch nemocnic\u00edch. Voskem o\u0161et\u0159en\u00e1 podlaha se m\u00e9n\u011b \u0161pin\u00ed a snadno se udr\u017euje v \u010dist\u00e9m stavu neutr\u00e1ln\u00edmi \u010distic\u00edmi p\u0159\u00edpravky.<\/p>\n<hr \/>\n<h3>CLEAMEN 122 podlahy s leskem<\/h3>\n<p style=\"text-align: left;\"><a href=\"http:\/\/www.anatra.cz\/wp-content\/uploads\/Cleamen_122.jpg\"><img decoding=\"async\" class=\"alignleft size-full wp-image-758\" title=\"Cleamen 122 podlahy s leskem\" src=\"http:\/\/www.anatra.cz\/wp-content\/uploads\/Cleamen_122.jpg\" alt=\"\" width=\"55\" height=\"165\" \/><\/a><\/p>\n<p>&nbsp;<\/p>\n<p style=\"text-align: left;\">Balen\u00ed: 1 l, 5 l<\/p>\n<p style=\"text-align: justify;\">Prost\u0159edek je vhodn\u00fd na v\u0161echny typy podlah v\u010detn\u011b podlah o\u0161et\u0159en\u00fdch metalick\u00fdm voskem. Zejm\u00e9na je ur\u010den na podlahy z leskl\u00e9 dla\u017eby a kamene, voskovan\u00e1 PVC a linolea, d\u0159ev\u011bn\u00e9 a lamin\u00e1tov\u00e9 (plovouc\u00ed ) podlahy.<\/p>\n<p style=\"text-align: left;\">&#8211; podlah\u00e1m dod\u00e1v\u00e1 lesk a o\u017eivuje barvy, p\u0159\u00edjemn\u011b von\u00ed<\/p>\n<hr \/>\n<h3>CLEAMEN 123 vosk metalick\u00fd ONE<\/h3>\n<p style=\"text-align: left;\"><a href=\"http:\/\/www.anatra.cz\/wp-content\/uploads\/Cleamen_123_5.jpg\"><img decoding=\"async\" class=\"alignleft size-full wp-image-758\" title=\"Cleamen 123 vosk metalick\u00fd ONE\" src=\"http:\/\/www.anatra.cz\/wp-content\/uploads\/Cleamen_123_5.jpg\" alt=\"\" width=\"95\" height=\"115\" \/><\/a><\/p>\n<p>&nbsp;<\/p>\n<p style=\"text-align: left;\">Balen\u00ed: 5 l<\/p>\n<p style=\"text-align: justify;\">Metalick\u00fd vosk ONE je ur\u010den ke zlep\u0161en\u00ed vzhledu, prodlou\u017een\u00ed \u017eivotnosti a lesku podlah typu linoleum, marmoleum, a ostatn\u00edch PVC krytin. Voskem o\u0161et\u0159en\u00e1 podlaha se m\u00e9n\u011b \u0161pin\u00ed a snadno se udr\u017euje v \u010dist\u00e9m stavu. Oproti klasick\u00e9mu metalick\u00e9mu vosku Cleamen 121, se aplikuje pouze v jedn\u00e9 vrstv\u011b (u star\u00fdch v\u00edce nas\u00e1kav\u00fdch linole\u00ed maxim\u00e1ln\u011b 2 vrstvy), d\u00e1v\u00e1 vy\u0161\u0161\u00ed lesk a je vhodn\u00fd na opravy o\u0161lapan\u00fdch ploch jeho nan\u00e1\u0161en\u00ed je v\u0161ak n\u00e1ro\u010dn\u011bj\u0161\u00ed a vy\u017eaduje odborn\u00e9 praktick\u00e9 zku\u0161enosti.<\/p>\n<hr \/>\n<h3>CLEAMEN 127 impregn\u00e1tor povrch\u016f<\/h3>\n<p style=\"text-align: left;\"><a href=\"http:\/\/www.anatra.cz\/wp-content\/uploads\/CL_127.jpeg\"><img decoding=\"async\" class=\"alignleft wp-image-4332 size-medium\" title=\"Cleamen 127 impregn\u00e1tor povrch\u016f\" src=\"http:\/\/www.anatra.cz\/wp-content\/uploads\/CL_127-281x300.jpeg\" alt=\"\" width=\"140\" height=\"155\" \/><\/a><\/p>\n<p>&nbsp;<\/p>\n<p style=\"text-align: left;\">Balen\u00ed: 1 l<\/p>\n<p style=\"text-align: justify;\">Post\u0159edek je ur\u010den k ochran\u011b povrchu por\u00e9zn\u00edch a \u010d\u00e1ste\u010dn\u011b por\u00e9zn\u00edch materi\u00e1l\u016f keramick\u00fdch a kamenn\u00fdch podlah a obklad\u016f st\u011bn. Pronik\u00e1 do p\u00f3r\u016f a vytv\u00e1\u0159\u00ed vodoodpudivou membr\u00e1nu, kter\u00e1 chr\u00e1n\u00ed povrch p\u0159ed tvorbou v\u00e1penn\u00fdch usazenin a zvy\u0161uje jeho odolnost v\u016f\u010di vliv\u016fm vn\u011bj\u0161\u00edho prost\u0159ed\u00ed. Zamezuje usazov\u00e1n\u00ed ne\u010distot a l\u00e9pe se \u010dist\u00ed, zaji\u0161\u0165uje dlouhodob\u00e9 zlep\u0161en\u00ed vzhledu, p\u016fsob\u00ed jako prevence vzniku.<\/p>\n<p style=\"text-align: justify;\">&#8211; ur\u010deno pro sav\u00e9 materi\u00e1ly jako \u017eula, mramor, p\u00e1len\u00e1 cihla, p\u0159\u00edrodn\u00ed k\u00e1men, kab\u0159inec, b\u0159idlice. Nen\u00ed vhodn\u00fd na glazovan\u00e9 materi\u00e1ly<\/p>\n<hr \/>\n<h3>CLEAMEN 131 na koberce extraktor<\/h3>\n<p style=\"text-align: left;\"><a href=\"http:\/\/www.anatra.cz\/wp-content\/uploads\/Cleamen_131.jpg\"><img decoding=\"async\" class=\"alignleft size-full wp-image-758\" title=\"Cleamen 131 na koberce extraktor\" src=\"http:\/\/www.anatra.cz\/wp-content\/uploads\/Cleamen_131.jpg\" alt=\"\" width=\"55\" height=\"165\" \/><\/a><\/p>\n<p>&nbsp;<\/p>\n<p style=\"text-align: left;\">Balen\u00ed: 1 l, 5 l<\/p>\n<p style=\"text-align: justify;\">N\u00edzkop\u011bniv\u00fd prost\u0159edek ur\u010den\u00fd pro \u010di\u0161t\u011bn\u00ed koberc\u016f, \u010daloun\u011bn\u00ed, autoseda\u010dek z p\u0159\u00edrodn\u00edch i syntetick\u00fdch vl\u00e1ken. V\u00fdrobek je ur\u010den k extrak\u010dn\u00edmu \u010di\u0161t\u011bn\u00ed a obsahuje vysoce \u00fa\u010dinn\u00e9 enzymy. Obsahuje baktericidn\u00ed a fungicidn\u00ed p\u0159\u00edsady, kter\u00e9 zabra\u0148uj\u00ed. Podle \u00farovn\u011b zne\u010di\u0161t\u011bn\u00ed na\u0159e\u010fte roztok a aplikujte extraktorem.<\/p>\n<p style=\"text-align: left;\">&#8211; prost\u0159edek je mo\u017eno pou\u017e\u00edt i pro ru\u010dn\u00ed \u010dist\u011bn\u00ed<\/p>\n<p style=\"text-align: left;\">&#8211; nevhodn\u00fd pro materi\u00e1ly a povrchy, kter\u00e9 nejsou odoln\u00e9 v\u016f\u010di vod\u011b<\/p>\n<hr \/>\n<h3>CLEAMEN 141 strojn\u00ed na podlahy<\/h3>\n<p style=\"text-align: left;\"><a href=\"http:\/\/www.anatra.cz\/wp-content\/uploads\/Cleamen_141_5.jpg\"><img decoding=\"async\" class=\"alignleft size-full wp-image-758\" title=\"Cleamen 141 strojn\u00ed na podlahy\" src=\"http:\/\/www.anatra.cz\/wp-content\/uploads\/Cleamen_141_5.jpg\" alt=\"\" width=\"95\" height=\"115\" \/><\/a><\/p>\n<p>&nbsp;<\/p>\n<p style=\"text-align: left;\">Balen\u00ed: 5 l, 10 l, 20 l<\/p>\n<p style=\"text-align: justify;\">Nep\u011bniv\u00fd prost\u0159edek ur\u010den\u00fd p\u0159edev\u0161\u00edm pro strojn\u00ed myt\u00ed siln\u011b zne\u010di\u0161t\u011bn\u00fdch podlah (i nap\u0159. od syntetick\u00fdch olej\u016f). Je ur\u010den na v\u0161echny druhy vod\u011bodoln\u00fdch povrch\u016f jako PVC, neleskl\u00e9 dla\u017eby, \u017eulov\u00e9 a travertinov\u00e9 povrchy, teraco, cihlov\u00e9, betonov\u00e9, lit\u00e9 podlahy se st\u011brkou i s n\u00e1t\u011brem.<\/p>\n<p style=\"text-align: left;\">&#8211; pH 14<\/p>\n<hr \/>\n<h3>CLEAMEN 143 gumo\u010disti\u010d<\/h3>\n<p style=\"text-align: left;\"><a href=\"http:\/\/www.anatra.cz\/wp-content\/uploads\/CL_143_gumocistic.jpeg\"><img decoding=\"async\" class=\"alignleft wp-image-4281 size-medium\" title=\"Cleamen 143 gumo\u010disti\u010d\" src=\"http:\/\/www.anatra.cz\/wp-content\/uploads\/CL_143_gumocistic-86x300.jpeg\" alt=\"\" width=\"43\" height=\"155\" \/><\/a><\/p>\n<p>&nbsp;<\/p>\n<p style=\"text-align: left;\">Balen\u00ed: 1\u00a0l<\/p>\n<div style=\"text-align: justify;\">Tekut\u00fd prost\u0159edek pro odstra\u0148ov\u00e1n\u00ed \u0161mouh na podlah\u00e1ch (linoleum, voskovan\u00e9 podlahy, lit\u00e1 podlaha, obklady, dla\u017eba a jin\u00e9 nesav\u00e9 materi\u00e1ly), kter\u00e9 z\u016fst\u00e1vaj\u00ed na povrchu po pneumatik\u00e1ch, holink\u00e1ch, podpatc\u00edch pracovn\u00ed a jin\u00e9 obuvi a pod. Prost\u0159edek je mo\u017en\u00e9 pou\u017e\u00edt v \u0161irok\u00e9 oblasti pr\u016fmyslu (v\u00fdrobn\u00ed haly, sklady, gar\u00e1\u017ee, \u0161atny, kancel\u00e1\u0159e a pod.) nebo i k b\u011b\u017en\u00e9 \u00fadr\u017eb\u011b v dom\u00e1cnostech.<\/div>\n<div style=\"text-align: justify;\"><\/div>\n<div style=\"text-align: justify;\"><strong>N\u00e1vod k\u00a0pou\u017eit\u00ed:<\/strong><\/div>\n<div style=\"text-align: justify;\">Prost\u0159edek se pou\u017e\u00edv\u00e1 ne\u0159ed\u011bn\u00fd a nan\u00e1\u0161\u00ed se na had\u0159\u00edk. Navlh\u010den\u00fdm had\u0159\u00edkem se odstran\u00ed ne\u017e\u00e1douc\u00ed \u0161mouhy. P\u0159ed aplikac\u00ed je pot\u0159ebn\u00e9 nejprve o\u0161et\u0159ovanou plochu um\u00fdt b\u011b\u017en\u00fdm zp\u016fsobem. Doporu\u010dujeme prov\u00e9st p\u0159ed aplikac\u00ed prost\u0159edku Cleamen 143 test na m\u00e9n\u011b viditeln\u00e9m kousku o\u0161et\u0159ovan\u00e9ho povrchu. Test i vlastn\u00ed odstra\u0148ov\u00e1n\u00ed \u0161mouh prov\u00e1d\u011bt pouze ru\u010dn\u00edm zp\u016fsobem.<\/div>\n<div style=\"text-align: justify;\"><\/div>\n<div style=\"text-align: justify;\"><strong>Pozor, prost\u0159edek\u00a0nepou\u017e\u00edvejte\u00a0na podlahy\u00a0o\u0161et\u0159en\u00e9\u00a0metalick\u00fdmi\u00a0vosky! S prost\u0159edkem\u00a0nepracujte v prostor\u00e1ch\u00a0s otev\u0159en\u00fdm ohn\u011bm!<\/strong>\u00a0<strong>Prost\u0159edek nikdy nest\u0159\u00edkejte nebo nelijte p\u0159\u00edmo na povrch &#8211; m\u016f\u017ee doj\u00edt k nadm\u011brn\u00e9mu odstran\u011bn\u00ed vosk\u016f, pop\u0159\u00edpad\u011b i k poni\u010den\u00ed povrchu.<\/strong><\/div>\n<div style=\"text-align: justify;\"><strong>\u00a0<\/strong><\/div>\n<div style=\"text-align: justify;\"><strong>Prost\u0159edek obsahuje:<\/strong><\/div>\n<div style=\"text-align: justify;\">&gt; 30% aceton, 15-30% butylglykol<\/div>\n<hr \/>\n<h3>CLEAMEN 145 deepon<\/h3>\n<p style=\"text-align: left;\"><a href=\"http:\/\/www.anatra.cz\/wp-content\/uploads\/Cleamen_145_5.jpg\"><img decoding=\"async\" class=\"alignleft size-full wp-image-758\" title=\"Cleamen 145 deepon\" src=\"http:\/\/www.anatra.cz\/wp-content\/uploads\/Cleamen_145_5.jpg\" alt=\"\" width=\"95\" height=\"115\" \/><\/a><\/p>\n<p>&nbsp;<\/p>\n<p style=\"text-align: left;\">Balen\u00ed: 1, 5 l, 20 l, 200 l<\/p>\n<p style=\"text-align: justify;\">Nep\u011bniv\u00fd prost\u0159edek ur\u010den\u00fd k \u010di\u0161t\u011bn\u00ed ve\u0161ker\u00fdch tvrd\u00fdch podlahov\u00fdch ploch odoln\u00fdch vod\u011b a alk\u00e1li\u00edm jako jsou PVC, linolea (v\u010detn\u011b voskovan\u00fdch), dla\u017eby glazovan\u00e9 i neglazovan\u00e9, \u017eulov\u00e9,mramorov\u00e9 i v\u00e1pencov\u00e9 povrchy, teraso, ciheln\u00e9 a betonov\u00e9 povrchy v\u010d. lit\u00fdch podlah, gumov\u00e9 podlahy, sportovn\u00ed podlahy hal, lakovan\u00e9 parkety i palubky. Prost\u0159edek vynik\u00e1 mimo\u0159\u00e1dnou toleranc\u00ed k povrch\u016fm a 100% biologickou odbouratelnost\u00ed, je doporu\u010den\u00fd na \u010di\u0161t\u011bn\u00ed v prostor\u00e1ch s biologickou \u010dist\u00edrnou odpadn\u00edch vod. Je vhodn\u00fd pro strojn\u00ed i ru\u010dn\u00ed aplikaci.<\/p>\n<p style=\"text-align: left;\">&#8211; pH 9<\/p>\n<hr \/>\n<h3>CLEAMEN 146, \u010disti\u010d a le\u0161ti\u010d na leskl\u00e9 povrchy\u00a0ECO<\/h3>\n<p style=\"text-align: left;\"><a href=\"http:\/\/www.anatra.cz\/wp-content\/uploads\/CL_146_ECO.jpeg\"><img decoding=\"async\" class=\"alignleft wp-image-4261 size-medium\" title=\"Cleamen 146 - \u010disti\u010d a le\u0161ti\u010d na leskl\u00e9 plochy ECO\" src=\"http:\/\/www.anatra.cz\/wp-content\/uploads\/CL_146_ECO-82x300.jpeg\" alt=\"\" width=\"41\" height=\"155\" \/><\/a><\/p>\n<p>&nbsp;<\/p>\n<p style=\"text-align: left;\">Balen\u00ed: 1 l, 10 l<\/p>\n<p style=\"text-align: justify;\">Prost\u0159edek ur\u010den\u00fd k\u00a0\u010di\u0161t\u011bn\u00ed a le\u0161t\u011bn\u00ed povrch\u016f v jednom kroku p\u0159i dosa\u017een\u00ed maxim\u00e1ln\u00edho lesku beze \u0161mouh.<br \/>\nObsahuje velmi jemn\u00e9 a neutr\u00e1ln\u00ed tenzidy, kter\u00e9 \u00fa\u010dinn\u011b odstran\u00ed i odoln\u00e9 ne\u010distoty.<\/p>\n<div style=\"text-align: justify;\">Je zejm\u00e9na ur\u010den na povrchy n\u00e1chyln\u00e9 k po\u0161kozen\u00ed a zmatovat\u011bn\u00ed jako jsou le\u0161t\u011bn\u00e9 mramory, \u017euly a p\u0159\u00edrodn\u00ed i um\u011bl\u00e9 kameny, vysoce leskl\u00e9 dla\u017eby.<\/div>\n<div style=\"text-align: justify;\">Je vhodn\u00fd i na plasty, lamin\u00e1tov\u00e9 povrchy, le\u0161t\u011bn\u00fd nerez i jin\u00e9 kovy.<\/div>\n<div style=\"text-align: justify;\">Je ide\u00e1ln\u00ed na \u010di\u0161t\u011bn\u00ed podlah o\u0161et\u0159en\u00fdch metalick\u00fdmi vosky a impregnacemi.<\/div>\n<div style=\"text-align: justify;\"><\/div>\n<div style=\"text-align: justify;\">P\u0159i pou\u017eit\u00ed se \u0159ed\u00ed dle tabulky, na lok\u00e1ln\u00ed zne\u010di\u0161t\u011bn\u00ed lze pou\u017e\u00edt i koncentr\u00e1t, povrch je pak ale nutn\u00e9\u00a0 d\u016fkladn\u011b opl\u00e1chnout \u010distou vodou.<\/div>\n<div style=\"text-align: justify;\">Prost\u0159edek je ur\u010den pro ru\u010dn\u00ed myt\u00ed mopem, nebo hadrem z mikrovl\u00e1kna pro dosa\u017een\u00ed pln\u00e9ho efektu lesku. P\u0159i \u00fadr\u017eb\u011b obklad\u016f, parapet\u016f, stoln\u00edch desek, barov\u00fdch pult\u016f a pod. je vhodn\u00e9 pou\u017e\u00edt rozpra\u0161ova\u010d a mikrovl\u00e1knovou ut\u011brku, na hladk\u00e9 povrchy lze pou\u017e\u00edt i st\u011brku<\/div>\n<div style=\"text-align: justify;\"><\/div>\n<div style=\"text-align: justify;\">\u010cisti\u010d a le\u0161ti\u010d na leskl\u00e9 povrchy vyu\u017e\u00edv\u00e1 na\u0161ich poznatk\u016f z kombinace aktivn\u00edch l\u00e1tek a ochrann\u00fdch polymer\u016f. Tento typ polymer\u016f je v\u00fdsledkem posledn\u00edho v\u00fdvoje t\u011bchto l\u00e1tek. Jejich vlastnosti zcela ojedin\u011bl\u00fdm zp\u016fsobem kombinuj\u00ed vysokou mechanickou odolnost proti ot\u011bru, zv\u00fd\u0161enou chemickou rezistenci proti n\u011bkter\u00fdm l\u00e1tk\u00e1m a samoz\u0159ejm\u011b v\u00fdjime\u010dnou biologickou odbouratelnost. V ka\u017edodenn\u00ed praxi zabra\u0148uj\u00ed pronik\u00e1n\u00ed \u0161p\u00edny do nitra \u010di\u0161t\u011bn\u00fdch povrch\u016f a podstatn\u00fdm zp\u016fsobem usnad\u0148uj\u00ed ka\u017ed\u00e9 dal\u0161\u00ed myt\u00ed.<\/div>\n<div><\/div>\n<div>\n<table border=\"0\" width=\"572\" cellspacing=\"0\" cellpadding=\"0\">\n<colgroup>\n<col width=\"242\" \/>\n<col span=\"3\" width=\"110\" \/><\/colgroup>\n<tbody>\n<tr>\n<td class=\"xl73\" rowspan=\"2\" width=\"242\" height=\"40\"><span style=\"font-family: Calibri; font-size: small;\">d\u00e1vkov\u00e1n\u00ed a \u0159ed\u011bn\u00ed\u00a0<\/span><\/td>\n<td class=\"xl75\" colspan=\"3\" width=\"330\"><span style=\"font-family: Calibri; font-size: small;\">m\u00edra zne\u010di\u0161t\u011bn\u00ed<\/span><\/td>\n<\/tr>\n<tr>\n<td class=\"xl71\" width=\"110\" height=\"20\"><span style=\"font-family: Calibri; font-size: small;\">b\u011b\u017en\u00e9<\/span><\/td>\n<td class=\"xl71\" width=\"110\"><span style=\"font-family: Calibri; font-size: small;\">st\u0159edn\u00ed<\/span><\/td>\n<td class=\"xl72\" width=\"110\"><span style=\"font-family: Calibri; font-size: small;\">siln\u00e9<\/span><\/td>\n<\/tr>\n<tr>\n<td class=\"xl67\" width=\"242\" height=\"20\"><span style=\"font-family: Calibri; font-size: small;\">sprejov\u00e9 \u010di\u0161t\u011bn\u00ed ml\/1 litr<\/span><\/td>\n<td class=\"xl65\" width=\"110\"><span style=\"font-family: Calibri; font-size: small;\">5<\/span><\/td>\n<td class=\"xl65\" width=\"110\"><span style=\"font-family: Calibri; font-size: small;\">10<\/span><\/td>\n<td class=\"xl66\" width=\"110\"><span style=\"font-family: Calibri; font-size: small;\">20<\/span><\/td>\n<\/tr>\n<tr>\n<td class=\"xl67\" width=\"242\" height=\"20\"><span style=\"font-family: Calibri; font-size: small;\">do v\u011bdra ml\/10 litr\u016f<\/span><\/td>\n<td class=\"xl65\" width=\"110\"><span style=\"font-family: Calibri; font-size: small;\">5<\/span><\/td>\n<td class=\"xl65\" width=\"110\"><span style=\"font-family: Calibri; font-size: small;\">10<\/span><\/td>\n<td class=\"xl66\" width=\"110\"><span style=\"font-family: Calibri; font-size: small;\">20<\/span><\/td>\n<\/tr>\n<tr>\n<td class=\"xl68\" width=\"242\" height=\"21\"><span style=\"font-family: Calibri; font-size: small;\">pH roztoku<\/span><\/td>\n<td class=\"xl69\" width=\"110\"><span style=\"font-family: Calibri; font-size: small;\">7<\/span><\/td>\n<td class=\"xl69\" width=\"110\"><span style=\"font-family: Calibri; font-size: small;\">7,1<\/span><\/td>\n<td class=\"xl70\" width=\"110\"><span style=\"font-family: Calibri; font-size: small;\">7,2<\/span><\/td>\n<\/tr>\n<\/tbody>\n<\/table>\n<\/div>\n<div><\/div>\n<div>pH koncentr\u00e1tu: 8<\/div>\n<hr \/>\n<h3>CLEAMEN 190 odp\u011b\u0148ova\u010d<\/h3>\n<p><a href=\"http:\/\/www.anatra.cz\/wp-content\/uploads\/Cleamen_190.png\"><img decoding=\"async\" class=\"alignleft size-medium wp-image-5493\" src=\"http:\/\/www.anatra.cz\/wp-content\/uploads\/Cleamen_190-87x300.png\" alt=\"\" width=\"44\" height=\"150\" \/><\/a><\/p>\n<p>&nbsp;<\/p>\n<p style=\"text-align: left;\">Balen\u00ed: 1 l<\/p>\n<p style=\"text-align: justify;\">Tekut\u00fd prost\u0159edek ur\u010den\u00fd ke sn\u00ed\u017een\u00ed p\u011bnivosti vodn\u00fdch roztok\u016f detergent\u016f. Aplikujte rozpra\u0161ova\u010dem na p\u011bnu nebo d\u00e1vkujte do myc\u00edho roztoku. D\u00e1vkov\u00e1n\u00ed do 10 l roztoku 10 ml (slab\u011b p\u011bniv\u00e9 detergenty) \/ 20 ml (st\u0159edn\u011b p\u011bniv\u00e9 detergenty) \/ 30 ml (siln\u011b p\u011bniv\u00e9 detergenty).<\/p>\n<p>* zak\u00e1zkov\u00e1 v\u00fdroba, minim\u00e1ln\u00ed odb\u011br nen\u00ed ur\u010den, dod\u00e1n\u00ed do 2 t\u00fddn\u016f\u200b<\/p>\n<div style=\"text-align: justify;\"><\/div>\n<hr \/>\n","protected":false},"excerpt":{"rendered":"<p>CLEAMEN 100\/200 gener\u00e1ln\u00ed, denn\u00ed &nbsp; Balen\u00ed: 1 l, 5 l V\u0161estrann\u00fd \u010distic\u00ed prost\u0159edek pro denn\u00ed \u010di\u0161t\u011bn\u00ed v\u0161ech ploch, je vysoce koncentrovan\u00fd, p\u011bniv\u00fd a parfemovan\u00fd, pou\u017e\u00edv\u00e1 se proto z\u0159ed\u011bn\u00fd ve velmi n\u00edzk\u00fdch koncentrac\u00edch. P\u0159i sprejov\u00e9 aplikaci v d\u00e1vk\u00e1ch 4 &#8211; 16 ml\/1l vody. P\u0159i mokr\u00e9m \u010di\u0161t\u011bn\u00ed (do v\u011bdra) v d\u00e1vce 4 &#8211; 20ml\/10l vody podle druhu <a href=\"https:\/\/anatra.cz\/?page_id=2459\" rel=\"nofollow\"><span class=\"sr-only\">P\u0159e\u010d\u00edst si v\u00edc oGener\u00e1ln\u00ed oblast<\/span>[&#8230;]<\/a><\/p>\n","protected":false},"author":1,"featured_media":0,"parent":2457,"menu_order":0,"comment_status":"closed","ping_status":"closed","template":"","meta":{"footnotes":""},"class_list":["post-2459","page","type-page","status-publish","hentry"],"_links":{"self":[{"href":"https:\/\/anatra.cz\/index.php?rest_route=\/wp\/v2\/pages\/2459","targetHints":{"allow":["GET"]}}],"collection":[{"href":"https:\/\/anatra.cz\/index.php?rest_route=\/wp\/v2\/pages"}],"about":[{"href":"https:\/\/anatra.cz\/index.php?rest_route=\/wp\/v2\/types\/page"}],"author":[{"embeddable":true,"href":"https:\/\/anatra.cz\/index.php?rest_route=\/wp\/v2\/users\/1"}],"replies":[{"embeddable":true,"href":"https:\/\/anatra.cz\/index.php?rest_route=%2Fwp%2Fv2%2Fcomments&post=2459"}],"version-history":[{"count":77,"href":"https:\/\/anatra.cz\/index.php?rest_route=\/wp\/v2\/pages\/2459\/revisions"}],"predecessor-version":[{"id":5495,"href":"https:\/\/anatra.cz\/index.php?rest_route=\/wp\/v2\/pages\/2459\/revisions\/5495"}],"up":[{"embeddable":true,"href":"https:\/\/anatra.cz\/index.php?rest_route=\/wp\/v2\/pages\/2457"}],"wp:attachment":[{"href":"https:\/\/anatra.cz\/index.php?rest_route=%2Fwp%2Fv2%2Fmedia&parent=2459"}],"curies":[{"name":"wp","href":"https:\/\/api.w.org\/{rel}","templated":true}]}}