{"id":2457,"date":"2012-04-28T16:41:46","date_gmt":"2012-04-28T15:41:46","guid":{"rendered":"http:\/\/www.anatra.cz\/?page_id=2457"},"modified":"2016-01-01T21:41:50","modified_gmt":"2016-01-01T20:41:50","slug":"cleamen","status":"publish","type":"page","link":"https:\/\/anatra.cz\/?page_id=2457","title":{"rendered":"Cleamen"},"content":{"rendered":"<p style=\"text-align: left;\"><a href=\"http:\/\/www.anatra.cz\/wp-content\/uploads\/cormen.jpg\"><img decoding=\"async\" class=\"alignleft size-full wp-image-2275\" title=\"cormen\" src=\"http:\/\/www.anatra.cz\/wp-content\/uploads\/cormen.jpg\" alt=\"\" width=\"240\" height=\"64\" \/><\/a><\/p>\n<p>&nbsp;<\/p>\n<p>&nbsp;<\/p>\n<p>&nbsp;<\/p>\n<h3><span style=\"text-decoration: underline;\">Prost\u0159edky pro profesion\u00e1ln\u00ed \u00faklid:<\/span><\/h3>\n<h3>Gener\u00e1ln\u00ed oblast<\/h3>\n<h3>Kuchy\u0148sk\u00e1 oblast<\/h3>\n<h3>Sanit\u00e1rn\u00ed oblast<\/h3>\n<h3>Um\u00fdv\u00e1rensk\u00e1 oblast<\/h3>\n<h3>Dezinfekce<\/h3>\n<h3>Dopl\u0148kov\u00fd sortiment<\/h3>\n<h3>D\u00e1vkovac\u00ed pumpy a sm\u011b\u0161ova\u010de<\/h3>\n<h3>D\u00e1vkovac\u00ed \u010derpadla<\/h3>\n","protected":false},"excerpt":{"rendered":"<p>&nbsp; &nbsp; &nbsp; Prost\u0159edky pro profesion\u00e1ln\u00ed \u00faklid: Gener\u00e1ln\u00ed oblast Kuchy\u0148sk\u00e1 oblast Sanit\u00e1rn\u00ed oblast Um\u00fdv\u00e1rensk\u00e1 oblast Dezinfekce Dopl\u0148kov\u00fd sortiment D\u00e1vkovac\u00ed pumpy a sm\u011b\u0161ova\u010de D\u00e1vkovac\u00ed \u010derpadla<\/p>\n","protected":false},"author":1,"featured_media":0,"parent":2266,"menu_order":1,"comment_status":"closed","ping_status":"closed","template":"","meta":{"footnotes":""},"class_list":["post-2457","page","type-page","status-publish","hentry"],"_links":{"self":[{"href":"https:\/\/anatra.cz\/index.php?rest_route=\/wp\/v2\/pages\/2457","targetHints":{"allow":["GET"]}}],"collection":[{"href":"https:\/\/anatra.cz\/index.php?rest_route=\/wp\/v2\/pages"}],"about":[{"href":"https:\/\/anatra.cz\/index.php?rest_route=\/wp\/v2\/types\/page"}],"author":[{"embeddable":true,"href":"https:\/\/anatra.cz\/index.php?rest_route=\/wp\/v2\/users\/1"}],"replies":[{"embeddable":true,"href":"https:\/\/anatra.cz\/index.php?rest_route=%2Fwp%2Fv2%2Fcomments&post=2457"}],"version-history":[{"count":5,"href":"https:\/\/anatra.cz\/index.php?rest_route=\/wp\/v2\/pages\/2457\/revisions"}],"predecessor-version":[{"id":4273,"href":"https:\/\/anatra.cz\/index.php?rest_route=\/wp\/v2\/pages\/2457\/revisions\/4273"}],"up":[{"embeddable":true,"href":"https:\/\/anatra.cz\/index.php?rest_route=\/wp\/v2\/pages\/2266"}],"wp:attachment":[{"href":"https:\/\/anatra.cz\/index.php?rest_route=%2Fwp%2Fv2%2Fmedia&parent=2457"}],"curies":[{"name":"wp","href":"https:\/\/api.w.org\/{rel}","templated":true}]}}