{"id":2425,"date":"2012-04-28T16:39:15","date_gmt":"2012-04-28T15:39:15","guid":{"rendered":"http:\/\/www.anatra.cz\/?page_id=2425"},"modified":"2020-07-25T14:39:14","modified_gmt":"2020-07-25T13:39:14","slug":"dezinfekce","status":"publish","type":"page","link":"https:\/\/anatra.cz\/?page_id=2425","title":{"rendered":"Dezinfekce KR"},"content":{"rendered":"<h3>KRYSTAL dezinfekce podlah<\/h3>\n<p style=\"text-align: left;\"><a href=\"http:\/\/www.anatra.cz\/wp-content\/uploads\/Krystal_dezinfekce_podlah_750ml.png\"><img decoding=\"async\" class=\"alignleft wp-image-5604 size-medium\" title=\"Krystal Univerz\u00e1ln\u00ed dezinfekce\" src=\"http:\/\/www.anatra.cz\/wp-content\/uploads\/Krystal_dezinfekce_podlah_750ml-107x300.png\" alt=\"\" width=\"54\" height=\"150\" \/><\/a><\/p>\n<p>&nbsp;<\/p>\n<p style=\"text-align: left;\">Balen\u00ed: 750 ml, 5 l<\/p>\n<p style=\"text-align: justify;\">Tekut\u00fd prost\u0159edek pro myt\u00ed a dezinfekci podlah bez obsahu chloru ur\u010den\u00fd k likvidaci bakteri\u00ed, pl\u00edsn\u00ed a ne\u017e\u00e1douc\u00edch z\u00e1pach\u016f.<br \/>\n\u200bPou\u017eit\u00ed: Prost\u0159edek je ur\u010den pro b\u011b\u017en\u00fd \u00faklid k dezinfekci podlah a v\u0161ech omyvateln\u00fdch povrch\u016f v dom\u00e1cnosti v jednom kroku.<br \/>\nPro b\u011b\u017en\u00fd \u00faklid p\u0159idejte 50 ml prost\u0159edku do 5 l vody<br \/>\nK dezinfekci se pou\u017e\u00edv\u00e1 v koncentraci 6-8 %.<br \/>\nSpektrum dezinfek\u010dn\u00edho \u00fa\u010dinku p\u0159i doporu\u010den\u00e9m d\u00e1vkov\u00e1n\u00ed:<br \/>\nBaktericidn\u00ed, TBC (30 min): 300- 400 ml p\u0159\u00edpravku do v\u011bdra s 5 l vody<br \/>\nFungicidn\u00ed (30 min): 300- 400 ml p\u0159\u00edpravku do v\u011bdra s 5 l vody<br \/>\nTyp biocidn\u00edho p\u0159\u00edpravku: 2 a 3<br \/>\nEviden\u010dn\u00ed \u010d\u00edslo v \u010cR: MZDR 5687\/2019\/OBP<br \/>\n\u00da\u010dinn\u00e1 l\u00e1tka biocidn\u00edho v\u00fdrobku (g\/100g):<br \/>\nDidecyl(dimethyl)amonium-chlorid (EC: 230-525-2): 1,3 g<br \/>\nperoxid vod\u00edku (EC: 231-765-0): 0,3 g<br \/>\nchlorhexidin diglukon\u00e1t (EC: 242-354-0): 0,03 g.<br \/>\nPou\u017e\u00edvejte biocidn\u00ed p\u0159\u00edpravky bezpe\u010dn\u011b. P\u0159ed pou\u017eit\u00edm si v\u017edy p\u0159e\u010dt\u011bte \u00fadaje na obalu a p\u0159ipojen\u00e9 informace o p\u0159\u00edpravku.<\/p>\n<hr \/>\n<h3>KRYSTAL Sanan Klasik<\/h3>\n<p style=\"text-align: left;\"><a href=\"http:\/\/www.anatra.cz\/wp-content\/uploads\/Krystal_Sanan_klasik_1L.jpg\"><img decoding=\"async\" class=\"alignleft size-full wp-image-758\" title=\"Krystal sanan klasik\" src=\"http:\/\/www.anatra.cz\/wp-content\/uploads\/Krystal_Sanan_klasik_1L.jpg\" alt=\"\" width=\"55\" height=\"165\" \/><\/a><\/p>\n<p>&nbsp;<\/p>\n<p style=\"text-align: left;\">Balen\u00ed: 1 l, 5 l, 10 l, 20 l<\/p>\n<p>&nbsp;<\/p>\n<p style=\"text-align: justify;\">Krystal Sanan KLASIK je dezinfek\u010dn\u00ed p\u0159\u00edpravek s obsahem chl\u00f3ru, kter\u00fd spolehliv\u011b likviduje bakterie, \u0159asy, ni\u017e\u0161\u00ed houby a viry. Odstra\u0148uje pachy, odbarvuje a b\u011bl\u00ed textilie.<\/p>\n<p style=\"text-align: left;\">&#8211; pro potravin\u00e1\u0159stv\u00ed, zdravotnictv\u00ed, zem\u011bd\u011blstv\u00ed, nebo dom\u00e1c\u00ed pou\u017eit\u00ed<\/p>\n<p style=\"text-align: left;\">&#8211; baktericidn\u00ed = bakterie G+ a G- v\u010detn\u011b TBC<\/p>\n<p style=\"text-align: left;\">&#8211; fungicidn\u00ed = v\u011bt\u0161ina mikroskopick\u00fdch hub<\/p>\n<p style=\"text-align: left;\">&#8211; virucidn\u00ed = HBV, HIV, rotaviry<\/p>\n<hr \/>\n<h3>KRYSTAL Sanan proti pl\u00edsn\u00edm, vir\u016fm, bakteri\u00ed s rozpra\u0161ova\u010dem<\/h3>\n<p style=\"text-align: left;\"><a href=\"http:\/\/www.anatra.cz\/wp-content\/uploads\/KRYSTAL_sanan_1L.jpeg\"><img decoding=\"async\" class=\"alignleft wp-image-4467 size-medium\" title=\"Krystal sanan\" src=\"http:\/\/www.anatra.cz\/wp-content\/uploads\/KRYSTAL_sanan_1L-100x300.jpeg\" alt=\"\" width=\"50\" height=\"150\" srcset=\"https:\/\/anatra.cz\/wp-content\/uploads\/KRYSTAL_sanan_1L-100x300.jpeg 100w, https:\/\/anatra.cz\/wp-content\/uploads\/KRYSTAL_sanan_1L.jpeg 341w\" sizes=\"(max-width: 50px) 100vw, 50px\" \/><\/a><\/p>\n<p>&nbsp;<\/p>\n<p style=\"text-align: left;\">Balen\u00ed: 1 l, 5 l, 10 l, 20 l<\/p>\n<p>&nbsp;<\/p>\n<p style=\"text-align: justify;\">Krystal Sanan je dezinfek\u010dn\u00ed p\u0159\u00edpravek s obsahem chl\u00f3ru, kter\u00fd spolehliv\u011b likviduje bakterie, \u0159asy, ni\u017e\u0161\u00ed houby a viry. Odstra\u0148uje pachy, odbarvuje a b\u011bl\u00ed textilie.<\/p>\n<p style=\"text-align: left;\">&#8211; pro potravin\u00e1\u0159stv\u00ed, zdravotnictv\u00ed, zem\u011bd\u011blstv\u00ed, nebo dom\u00e1c\u00ed pou\u017eit\u00ed<\/p>\n<p style=\"text-align: left;\">&#8211; baktericidn\u00ed = bakterie G+ a G- v\u010detn\u011b TBC<\/p>\n<p style=\"text-align: left;\">&#8211; fungicidn\u00ed = v\u011bt\u0161ina mikroskopick\u00fdch hub<\/p>\n<p style=\"text-align: left;\">&#8211; virucidn\u00ed = HBV, HIV, rotaviry<\/p>\n<hr \/>\n<h3>KRYSTAL Univerz\u00e1ln\u00ed dezinfekce<\/h3>\n<p style=\"text-align: left;\"><a href=\"http:\/\/www.anatra.cz\/wp-content\/uploads\/Krystal_UNIVERZAL_DEZI_nova.png\"><img decoding=\"async\" class=\"alignleft wp-image-4468 size-medium\" title=\"Krystal Univerz\u00e1ln\u00ed dezinfekce\" src=\"http:\/\/www.anatra.cz\/wp-content\/uploads\/Krystal_UNIVERZAL_DEZI_nova-108x300.png\" alt=\"\" width=\"55\" height=\"165\" \/><\/a><\/p>\n<p>&nbsp;<\/p>\n<p style=\"text-align: left;\">Balen\u00ed: 750 ml,<\/p>\n<p style=\"text-align: justify;\">Velmi praktick\u00e1 ka\u017edodenn\u00ed dezinfekce <b>bez obsahu chl\u00f3ru<\/b>, ur\u010den\u00e1 k b\u011b\u017en\u00e9 dezinfekci v cel\u00e9 dom\u00e1cnosti. Odstra\u0148uje v\u00edce ne\u017e 99,9 % vit\u00e1ln\u00edch forem mikroorganism\u016f: bakteri\u00ed, kvasinek, pl\u00edsn\u00ed, v\u010detn\u011b TBC a vir\u016f \u2013 HBV, HCV, HIV. V kuchyni a v koupeln\u011b ocen\u00edte mimo\u0159\u00e1dnou \u00fa\u010dinnost a parfemaci.<\/p>\n<hr \/>\n<h3>KRYSTAL Pine Sanan<\/h3>\n<p><a href=\"http:\/\/www.anatra.cz\/wp-content\/uploads\/Krystal_pine_sanan_750ml.png\"><img decoding=\"async\" class=\"alignleft size-medium wp-image-5602\" src=\"http:\/\/www.anatra.cz\/wp-content\/uploads\/Krystal_pine_sanan_750ml-97x300.png\" alt=\"\" width=\"49\" height=\"150\" \/><\/a><\/p>\n<p>&nbsp;<\/p>\n<p style=\"text-align: left;\">Balen\u00ed: 750 ml, 5 l<\/p>\n<p style=\"text-align: justify;\">Krystal PINE SANAN je vysoce \u00fa\u010dinn\u00fd \u010dist\u00edc\u00ed prost\u0159edek s dezinfek\u010dn\u00edm (zni\u010d\u00ed v\u0161echny bakterie) a b\u011bl\u00edc\u00edm \u00fa\u010dinkem. Synergick\u00fd \u00fa\u010dinek sm\u011bsi tenzid\u016f a p\u0159\u00edsady s b\u011bl\u00edc\u00edmi vlastnostmi p\u0159edur\u010duje tento v\u00fdrobek k \u0161irok\u00e9mu pou\u017eit\u00ed. Je vhodn\u00fd zejm\u00e9na na z\u00e1chodov\u00e9 m\u00edsy a piso\u00e1ry, umyvadla, vany, d\u0159ezy, podlahy kachli\u010dky, pracovn\u00ed plochy a odpady.<\/p>\n<p style=\"text-align: left;\">&#8211; pro potravin\u00e1\u0159stv\u00ed, zdravotnictv\u00ed, zem\u011bd\u011blstv\u00ed, nebo dom\u00e1c\u00ed pou\u017eit\u00ed<\/p>\n<p style=\"text-align: left;\">&#8211; baktericidn\u00ed = bakterie G+ a G- v\u010detn\u011b TBC<\/p>\n<p style=\"text-align: left;\">&#8211; hust\u00fd gel zaru\u010duje hospod\u00e1rn\u00e9 pou\u017e\u00edv\u00e1n\u00ed<\/p>\n<hr \/>\n","protected":false},"excerpt":{"rendered":"<p>KRYSTAL dezinfekce podlah &nbsp; Balen\u00ed: 750 ml, 5 l Tekut\u00fd prost\u0159edek pro myt\u00ed a dezinfekci podlah bez obsahu chloru ur\u010den\u00fd k likvidaci bakteri\u00ed, pl\u00edsn\u00ed a ne\u017e\u00e1douc\u00edch z\u00e1pach\u016f. \u200bPou\u017eit\u00ed: Prost\u0159edek je ur\u010den pro b\u011b\u017en\u00fd \u00faklid k dezinfekci podlah a v\u0161ech omyvateln\u00fdch povrch\u016f v dom\u00e1cnosti v jednom kroku. Pro b\u011b\u017en\u00fd \u00faklid p\u0159idejte 50 ml prost\u0159edku do 5 <a href=\"https:\/\/anatra.cz\/?page_id=2425\" rel=\"nofollow\"><span class=\"sr-only\">P\u0159e\u010d\u00edst si v\u00edc oDezinfekce KR<\/span>[&#8230;]<\/a><\/p>\n","protected":false},"author":1,"featured_media":0,"parent":2269,"menu_order":3,"comment_status":"closed","ping_status":"closed","template":"","meta":{"footnotes":""},"class_list":["post-2425","page","type-page","status-publish","hentry"],"_links":{"self":[{"href":"https:\/\/anatra.cz\/index.php?rest_route=\/wp\/v2\/pages\/2425","targetHints":{"allow":["GET"]}}],"collection":[{"href":"https:\/\/anatra.cz\/index.php?rest_route=\/wp\/v2\/pages"}],"about":[{"href":"https:\/\/anatra.cz\/index.php?rest_route=\/wp\/v2\/types\/page"}],"author":[{"embeddable":true,"href":"https:\/\/anatra.cz\/index.php?rest_route=\/wp\/v2\/users\/1"}],"replies":[{"embeddable":true,"href":"https:\/\/anatra.cz\/index.php?rest_route=%2Fwp%2Fv2%2Fcomments&post=2425"}],"version-history":[{"count":32,"href":"https:\/\/anatra.cz\/index.php?rest_route=\/wp\/v2\/pages\/2425\/revisions"}],"predecessor-version":[{"id":5605,"href":"https:\/\/anatra.cz\/index.php?rest_route=\/wp\/v2\/pages\/2425\/revisions\/5605"}],"up":[{"embeddable":true,"href":"https:\/\/anatra.cz\/index.php?rest_route=\/wp\/v2\/pages\/2269"}],"wp:attachment":[{"href":"https:\/\/anatra.cz\/index.php?rest_route=%2Fwp%2Fv2%2Fmedia&parent=2425"}],"curies":[{"name":"wp","href":"https:\/\/api.w.org\/{rel}","templated":true}]}}