{"id":2295,"date":"2012-04-28T16:31:51","date_gmt":"2012-04-28T15:31:51","guid":{"rendered":"http:\/\/www.anatra.cz\/?page_id=2295"},"modified":"2020-07-25T14:28:21","modified_gmt":"2020-07-25T13:28:21","slug":"podlahy-a-povrchy","status":"publish","type":"page","link":"https:\/\/anatra.cz\/?page_id=2295","title":{"rendered":"Podlahy a povrchy"},"content":{"rendered":"<h3>KRYSTAL na podlahy<\/h3>\n<p style=\"text-align: left;\"><a href=\"http:\/\/www.anatra.cz\/wp-content\/uploads\/KR_podlahy.png\"><img decoding=\"async\" class=\"alignleft wp-image-4231 size-medium\" title=\"Krystal na podlahy\" src=\"http:\/\/www.anatra.cz\/wp-content\/uploads\/KR_podlahy-111x300.png\" alt=\"\" width=\"55\" height=\"155\" \/><\/a><\/p>\n<p>&nbsp;<\/p>\n<p style=\"text-align: left;\">Balen\u00ed: 750 ml, 5 l, 20 l<\/p>\n<p>&nbsp;<\/p>\n<p style=\"text-align: left;\">P\u0159\u00edpravek na podlahu s obsahem Alfaalkoholu pro dokonal\u00e9 \u010di\u0161t\u011bn\u00ed a ochranu v\u0161ech nesav\u00fdch povrch\u016f v\u010detn\u011b plovouc\u00edch podlah.<\/p>\n<p style=\"text-align: left;\">&#8211; myt\u00ed podlah beze \u0161mouh \u2013 efekt leskl\u00fdch ploch<\/p>\n<p style=\"text-align: left;\">&#8211; nov\u011b v\u00edce parfemace, sn\u00ed\u017een\u00e1 p\u011bnivost<\/p>\n<hr \/>\n<h3>KRYSTAL m\u00fddlov\u00fd \u010disti\u010d s v\u010del\u00edm voskem<\/h3>\n<p style=\"text-align: left;\"><a href=\"http:\/\/www.anatra.cz\/wp-content\/uploads\/KR_mydlov\u00fd.png\"><img decoding=\"async\" class=\"alignleft wp-image-4233 size-medium\" title=\"Krystal m\u00fddlov\u00fd \u010disti\u010d s v\u010del\u00edm voskem\" src=\"http:\/\/www.anatra.cz\/wp-content\/uploads\/KR_mydlov\u00fd-111x300.png\" alt=\"\" width=\"55\" height=\"155\" \/><\/a><\/p>\n<p>&nbsp;<\/p>\n<p style=\"text-align: left;\">Balen\u00ed: 750 ml, 5 l<\/p>\n<p style=\"text-align: left;\">P\u0159\u00edpravek na podlahu s obsahem v\u010del\u00edho vosku pro dokonal\u00e9 \u010di\u0161t\u011bn\u00ed a ochranu povrch\u016f d\u0159ev\u011bn\u00fdch a plovouc\u00edch podlah.<\/p>\n<p style=\"text-align: left;\">&#8211; myt\u00ed podlah beze \u0161mouh<\/p>\n<p style=\"text-align: left;\">&#8211; efekt leskl\u00fdch ploch<\/p>\n<p style=\"text-align: left;\">&#8211; p\u0159\u00edrodn\u00ed povrchov\u00e1 ochrana povrch\u016f<\/p>\n<p style=\"text-align: left;\">&#8211; pou\u017eitelnost na ve\u0161ker\u00e9 druhy nesav\u00fdch materi\u00e1l\u016f a n\u00e1bytku<\/p>\n<hr \/>\n<h3>KRYSTAL univerz\u00e1l<\/h3>\n<p style=\"text-align: left;\"><a href=\"http:\/\/www.anatra.cz\/wp-content\/uploads\/Krystal_univerzal_750ml.png\"><img decoding=\"async\" class=\"alignleft wp-image-5600 size-medium\" title=\"Krystal univerz\u00e1l ANTB\" src=\"http:\/\/www.anatra.cz\/wp-content\/uploads\/Krystal_univerzal_750ml-106x300.png\" alt=\"\" width=\"53\" height=\"150\" srcset=\"https:\/\/anatra.cz\/wp-content\/uploads\/Krystal_univerzal_750ml-106x300.png 106w, https:\/\/anatra.cz\/wp-content\/uploads\/Krystal_univerzal_750ml.png 361w\" sizes=\"(max-width: 53px) 100vw, 53px\" \/><\/a><\/p>\n<p>&nbsp;<\/p>\n<p style=\"text-align: left;\">Balen\u00ed: 750 ml, 5 l, 10 l, 20 l<\/p>\n<p style=\"text-align: left;\">Jeho univerz\u00e1ln\u00ed pou\u017eit\u00ed ho p\u0159edur\u010duje k pou\u017eit\u00ed v ka\u017ed\u00e9 dom\u00e1cnosti \u010di firm\u011b, bezkonkuren\u010dn\u00ed pom\u011br ceny a v\u00fdkonu, p\u0159\u00edjemn\u00e1 parfemace. Velmi praktick\u00fd pomocn\u00edk v ka\u017ed\u00e9 dom\u00e1cnosti. Je ur\u010den\u00fd pro ka\u017edodenn\u00ed \u00faklid. Sv\u00fdm slo\u017een\u00edm je vhodn\u00fd pro \u00faklid r\u016fzn\u00fdch druh\u016f \u0161p\u00edny a ne\u010distot. (podlahy, okna, dve\u0159e, n\u00e1dob\u00ed a dal\u0161\u00ed)<\/p>\n<hr \/>\n<h3>KRYSTAL Le\u0161t\u011bnka na n\u00e1bytek<\/h3>\n<p style=\"text-align: left;\"><a href=\"http:\/\/www.anatra.cz\/wp-content\/uploads\/KR_lestenka.png\"><img decoding=\"async\" class=\"alignleft wp-image-4240 size-medium\" title=\"Krystal le\u0161t\u011bnka na n\u00e1bytek.jpg\" src=\"http:\/\/www.anatra.cz\/wp-content\/uploads\/KR_lestenka-108x300.png\" alt=\"\" width=\"55\" height=\"155\" \/><\/a><\/p>\n<p>&nbsp;<\/p>\n<p style=\"text-align: left;\">Balen\u00ed: 750 ml<\/p>\n<p style=\"text-align: left;\">Nov\u00fd, praktick\u00fd pomocn\u00edk pro ka\u017edou hospodyni. Prost\u0159edek velmi \u0161etrn\u011b o\u0161et\u0159uje v\u0161echny druhy n\u00e1bytku, zabra\u0148uje nadm\u011brn\u00e9mu vysych\u00e1n\u00ed a dod\u00e1v\u00e1 povrch\u016fm vysok\u00fd lesk. Aplikujte pomoc\u00ed rozpra\u0161ova\u010de p\u0159\u00edmo na o\u0161et\u0159ovan\u00e9 plochy a m\u011bkk\u00fdm hadrem vyle\u0161t\u011bte.<\/p>\n<hr \/>\n<h3>KRYSTAL na okna s rozpra\u0161ova\u010dem<\/h3>\n<p style=\"text-align: left;\"><a href=\"http:\/\/www.anatra.cz\/wp-content\/uploads\/KR_OKNA.png\"><img decoding=\"async\" class=\"alignleft wp-image-4243 size-medium\" title=\"Krystal na okna\" src=\"http:\/\/www.anatra.cz\/wp-content\/uploads\/KR_OKNA-121x300.png\" alt=\"\" width=\"55\" height=\"155\" \/><\/a><\/p>\n<p>&nbsp;<\/p>\n<p style=\"text-align: left;\">Balen\u00ed: 750 ml, 5 l<\/p>\n<p style=\"text-align: justify;\">V\u00fdrobek se vyzna\u010duje vysokou \u00fa\u010dinnost\u00ed. M\u016f\u017ee se pou\u017e\u00edt p\u0159\u00edmo na zne\u010di\u0161t\u011bn\u00e9 sklen\u011bn\u00e9 plochy bez p\u0159edchoz\u00edho o\u0161et\u0159en\u00ed sapon\u00e1tov\u00fdm roztokem. P\u0159\u00edpravek aplikovan\u00fd rozpra\u0161ova\u010dem umo\u017e\u0148uje p\u0159esn\u00e9 d\u00e1vkov\u00e1n\u00ed pouze na plochy, kde se m\u00e1 doc\u00edlit po\u017eadovan\u00fd \u00fa\u010dinek. D\u00edky sv\u00e9mu slo\u017een\u00ed m\u00e1 vysok\u00e9 myc\u00ed \u00fa\u010dinky. Sklen\u011bn\u00e9 plochy, o\u0161et\u0159en\u00e9 t\u00edmto v\u00fdrobkem, odpuzuj\u00ed vodu a t\u00edm p\u00e1dem jsou l\u00e9pe pr\u016fhledn\u00e9, neros\u00ed se a odol\u00e1vaj\u00ed sn\u00e1ze b\u011b\u017en\u00fdm ne\u010distot\u00e1m.<\/p>\n<p style=\"text-align: left;\">&#8211; myc\u00ed s\u00edla odstran\u00ed i mu\u0161ky z autoskel<\/p>\n<p style=\"text-align: left;\">&#8211; jedine\u010dn\u00e1 vlastnost je jednoduch\u00e9 le\u0161t\u011bn\u00ed beze \u0161mouh<\/p>\n<hr \/>\n","protected":false},"excerpt":{"rendered":"<p>KRYSTAL na podlahy &nbsp; Balen\u00ed: 750 ml, 5 l, 20 l &nbsp; P\u0159\u00edpravek na podlahu s obsahem Alfaalkoholu pro dokonal\u00e9 \u010di\u0161t\u011bn\u00ed a ochranu v\u0161ech nesav\u00fdch povrch\u016f v\u010detn\u011b plovouc\u00edch podlah. &#8211; myt\u00ed podlah beze \u0161mouh \u2013 efekt leskl\u00fdch ploch &#8211; nov\u011b v\u00edce parfemace, sn\u00ed\u017een\u00e1 p\u011bnivost KRYSTAL m\u00fddlov\u00fd \u010disti\u010d s v\u010del\u00edm voskem &nbsp; Balen\u00ed: 750 ml, 5 <a href=\"https:\/\/anatra.cz\/?page_id=2295\" rel=\"nofollow\"><span class=\"sr-only\">P\u0159e\u010d\u00edst si v\u00edc oPodlahy a povrchy<\/span>[&#8230;]<\/a><\/p>\n","protected":false},"author":1,"featured_media":0,"parent":2269,"menu_order":2,"comment_status":"closed","ping_status":"closed","template":"","meta":{"footnotes":""},"class_list":["post-2295","page","type-page","status-publish","hentry"],"_links":{"self":[{"href":"https:\/\/anatra.cz\/index.php?rest_route=\/wp\/v2\/pages\/2295","targetHints":{"allow":["GET"]}}],"collection":[{"href":"https:\/\/anatra.cz\/index.php?rest_route=\/wp\/v2\/pages"}],"about":[{"href":"https:\/\/anatra.cz\/index.php?rest_route=\/wp\/v2\/types\/page"}],"author":[{"embeddable":true,"href":"https:\/\/anatra.cz\/index.php?rest_route=\/wp\/v2\/users\/1"}],"replies":[{"embeddable":true,"href":"https:\/\/anatra.cz\/index.php?rest_route=%2Fwp%2Fv2%2Fcomments&post=2295"}],"version-history":[{"count":90,"href":"https:\/\/anatra.cz\/index.php?rest_route=\/wp\/v2\/pages\/2295\/revisions"}],"predecessor-version":[{"id":5601,"href":"https:\/\/anatra.cz\/index.php?rest_route=\/wp\/v2\/pages\/2295\/revisions\/5601"}],"up":[{"embeddable":true,"href":"https:\/\/anatra.cz\/index.php?rest_route=\/wp\/v2\/pages\/2269"}],"wp:attachment":[{"href":"https:\/\/anatra.cz\/index.php?rest_route=%2Fwp%2Fv2%2Fmedia&parent=2295"}],"curies":[{"name":"wp","href":"https:\/\/api.w.org\/{rel}","templated":true}]}}