{"id":2269,"date":"2012-04-28T16:29:15","date_gmt":"2012-04-28T15:29:15","guid":{"rendered":"http:\/\/www.anatra.cz\/?page_id=2269"},"modified":"2016-01-01T21:42:13","modified_gmt":"2016-01-01T20:42:13","slug":"krystal","status":"publish","type":"page","link":"https:\/\/anatra.cz\/?page_id=2269","title":{"rendered":"Krystal"},"content":{"rendered":"<p style=\"text-align: left;\"><a href=\"http:\/\/www.anatra.cz\/wp-content\/uploads\/cormen.jpg\"><img decoding=\"async\" class=\"alignleft size-full wp-image-2275\" title=\"cormen\" src=\"http:\/\/www.anatra.cz\/wp-content\/uploads\/cormen.jpg\" alt=\"\" width=\"240\" height=\"64\" \/><\/a><\/p>\n<p>&nbsp;<\/p>\n<p>&nbsp;<\/p>\n<p>&nbsp;<\/p>\n<h3><span style=\"text-decoration: underline;\">Prost\u0159edky pro b\u011b\u017en\u00fd \u00faklid:<\/span><\/h3>\n<h3>Poodlahy a povrchy<\/h3>\n<h3>Kuchyn\u011b<\/h3>\n<h3>Koupelny a toalety<\/h3>\n<h3>Dezinfekce<\/h3>\n<h3>Prac\u00ed prost\u0159edky a aviv\u00e1\u017ee<\/h3>\n","protected":false},"excerpt":{"rendered":"<p>&nbsp; &nbsp; &nbsp; Prost\u0159edky pro b\u011b\u017en\u00fd \u00faklid: Poodlahy a povrchy Kuchyn\u011b Koupelny a toalety Dezinfekce Prac\u00ed prost\u0159edky a aviv\u00e1\u017ee<\/p>\n","protected":false},"author":1,"featured_media":0,"parent":2266,"menu_order":2,"comment_status":"closed","ping_status":"closed","template":"","meta":{"footnotes":""},"class_list":["post-2269","page","type-page","status-publish","hentry"],"_links":{"self":[{"href":"https:\/\/anatra.cz\/index.php?rest_route=\/wp\/v2\/pages\/2269","targetHints":{"allow":["GET"]}}],"collection":[{"href":"https:\/\/anatra.cz\/index.php?rest_route=\/wp\/v2\/pages"}],"about":[{"href":"https:\/\/anatra.cz\/index.php?rest_route=\/wp\/v2\/types\/page"}],"author":[{"embeddable":true,"href":"https:\/\/anatra.cz\/index.php?rest_route=\/wp\/v2\/users\/1"}],"replies":[{"embeddable":true,"href":"https:\/\/anatra.cz\/index.php?rest_route=%2Fwp%2Fv2%2Fcomments&post=2269"}],"version-history":[{"count":28,"href":"https:\/\/anatra.cz\/index.php?rest_route=\/wp\/v2\/pages\/2269\/revisions"}],"predecessor-version":[{"id":4268,"href":"https:\/\/anatra.cz\/index.php?rest_route=\/wp\/v2\/pages\/2269\/revisions\/4268"}],"up":[{"embeddable":true,"href":"https:\/\/anatra.cz\/index.php?rest_route=\/wp\/v2\/pages\/2266"}],"wp:attachment":[{"href":"https:\/\/anatra.cz\/index.php?rest_route=%2Fwp%2Fv2%2Fmedia&parent=2269"}],"curies":[{"name":"wp","href":"https:\/\/api.w.org\/{rel}","templated":true}]}}