{"id":12,"date":"2010-07-02T15:34:42","date_gmt":"2010-07-02T15:34:42","guid":{"rendered":"http:\/\/www.anatra.cz\/?page_id=12"},"modified":"2020-06-15T11:28:13","modified_gmt":"2020-06-15T10:28:13","slug":"skladane","status":"publish","type":"page","link":"https:\/\/anatra.cz\/?page_id=12","title":{"rendered":"Skl\u00e1dan\u00e9"},"content":{"rendered":"<h3>ZZ \u0161ed\u00fd, zelen\u00fd, b\u00edl\u00fd<\/h3>\n<p style=\"text-align: left;\"><a href=\"http:\/\/www.anatra.cz\/wp-content\/uploads\/halda-pap\u00edru1.jpg\"><img decoding=\"async\" class=\"alignleft size-full wp-image-600\" title=\"halda pap\u00edru\" src=\"http:\/\/www.anatra.cz\/wp-content\/uploads\/halda-pap\u00edru1.jpg\" alt=\"\" width=\"120\" height=\"100\" \/><\/a><\/p>\n<p>&nbsp;<\/p>\n<p style=\"text-align: left;\">Velikost: 250&#215;230<\/p>\n<p style=\"text-align: left;\">Vrstvy: 1<\/p>\n<p style=\"text-align: left;\">Po\u010det ks\/bal: 250<\/p>\n<p style=\"text-align: left;\">Po\u010det bal.\/karton: 20<\/p>\n<hr \/>\n<h3>ZZ b\u00edl\u00e9, 100% celul\u00f3za<\/h3>\n<p><a href=\"http:\/\/www.anatra.cz\/wp-content\/uploads\/ZZ-b\u00edl\u00e9.jpg\"><img decoding=\"async\" class=\"alignleft size-thumbnail wp-image-599\" title=\"ZZ b\u00edl\u00e9 100% celul\u00f3za\" src=\"http:\/\/www.anatra.cz\/wp-content\/uploads\/ZZ-b\u00edl\u00e9.jpg\" alt=\"\" width=\"130\" height=\"100\" \/><\/a><\/p>\n<p style=\"text-align: left;\">Velikost: 210&#215;240<\/p>\n<p style=\"text-align: left;\">Velikost: 230&#215;250<\/p>\n<p style=\"text-align: left;\">Vrstvy: 2<\/p>\n<p style=\"text-align: left;\">Po\u010det ks\/bal: 150<\/p>\n<p style=\"text-align: left;\">Po\u010det bal.\/karton: 20<\/p>\n<hr \/>\n<h3>ZZ BULKYSOFT 83454, celul\u00f3za<\/h3>\n<p><a href=\"http:\/\/www.anatra.cz\/wp-content\/uploads\/Bulkysoft_83454.jpg\"><img decoding=\"async\" class=\"alignleft size-medium wp-image-5458\" src=\"http:\/\/www.anatra.cz\/wp-content\/uploads\/Bulkysoft_83454-300x200.jpg\" alt=\"\" width=\"150\" height=\"100\" srcset=\"https:\/\/anatra.cz\/wp-content\/uploads\/Bulkysoft_83454-300x200.jpg 300w, https:\/\/anatra.cz\/wp-content\/uploads\/Bulkysoft_83454-1024x682.jpg 1024w, https:\/\/anatra.cz\/wp-content\/uploads\/Bulkysoft_83454-768x512.jpg 768w, https:\/\/anatra.cz\/wp-content\/uploads\/Bulkysoft_83454-1536x1024.jpg 1536w, https:\/\/anatra.cz\/wp-content\/uploads\/Bulkysoft_83454-750x500.jpg 750w, https:\/\/anatra.cz\/wp-content\/uploads\/Bulkysoft_83454.jpg 1772w\" sizes=\"(max-width: 150px) 100vw, 150px\" \/><\/a><\/p>\n<p style=\"text-align: left;\">\n<p>&nbsp;<\/p>\n<p style=\"text-align: left;\">Velikost: 205&#215;240<\/p>\n<p style=\"text-align: left;\">Vrstvy: 2<\/p>\n<p style=\"text-align: left;\">Po\u010det ks\/bal: 150<\/p>\n<p style=\"text-align: left;\">Po\u010det bal.\/karton: 25<\/p>\n<hr \/>\n<h3>ZZ TORK Universal 290135<\/h3>\n<p><a href=\"http:\/\/www.anatra.cz\/wp-content\/uploads\/290135.jpg\"><img decoding=\"async\" class=\"alignleft size-thumbnail wp-image-599\" title=\"Tork_ZZ_Universal 290135\" src=\"http:\/\/www.anatra.cz\/wp-content\/uploads\/290135.jpg\" alt=\"\" width=\"150\" height=\"90\" \/><\/a><\/p>\n<p>Barva: zelen\u00e1, recykl<\/p>\n<p style=\"text-align: left;\">Velikost: 248&#215;230<\/p>\n<p style=\"text-align: left;\">Vrstvy: 1<\/p>\n<p style=\"text-align: left;\">Po\u010det ks\/bal: 200<\/p>\n<p style=\"text-align: left;\">Po\u010det bal.\/karton: 20<\/p>\n<hr \/>\n<h3>ZZ TORK Universal 290158<\/h3>\n<p><a href=\"http:\/\/www.anatra.cz\/wp-content\/uploads\/290158.jpg\"><img decoding=\"async\" class=\"alignleft wp-image-4613 size-medium\" title=\"Tork_ZZ_Universal 290158\" src=\"http:\/\/www.anatra.cz\/wp-content\/uploads\/290158-300x162.jpg\" alt=\"\" width=\"150\" height=\"90\" \/><\/a><\/p>\n<p>Barva: b\u00edl\u00e1, celul\u00f3za<\/p>\n<p style=\"text-align: left;\">Velikost: 230&#215;230<\/p>\n<p style=\"text-align: left;\">Vrstvy: 1<\/p>\n<p style=\"text-align: left;\">Po\u010det ks\/bal: 300<\/p>\n<p style=\"text-align: left;\">Po\u010det bal.\/karton: 15<\/p>\n<hr \/>\n<h3>ZZ TORK Natur 66424<\/h3>\n<p><a href=\"http:\/\/www.anatra.cz\/wp-content\/uploads\/Tork_ZZ_Natural.jpg\"><img decoding=\"async\" class=\"alignleft size-thumbnail wp-image-599\" title=\"Tork_ZZ_Natural 66424\" src=\"http:\/\/www.anatra.cz\/wp-content\/uploads\/Tork_ZZ_Natural-150x113.jpg\" alt=\"\" width=\"150\" height=\"90\" \/><\/a><br \/>\nBarva: b\u00e9\u017eov\u00e1, recykl<\/p>\n<p style=\"text-align: left;\">Velikost: 248&#215;230<\/p>\n<p style=\"text-align: left;\">Vrstvy: 2<\/p>\n<p style=\"text-align: left;\">Po\u010det ks\/bal: 250<\/p>\n<p style=\"text-align: left;\">Po\u010det bal.\/karton: 15<\/p>\n<hr \/>\n<h3>ZZ TORK Advanced 290179<\/h3>\n<p><a href=\"http:\/\/www.anatra.cz\/wp-content\/uploads\/Tork_290178_zeleny.jpg\"><img decoding=\"async\" class=\"alignleft size-full wp-image-1850\" title=\"Tork_290179_zeleny\" src=\"http:\/\/www.anatra.cz\/wp-content\/uploads\/Tork_290178_zeleny.jpg\" alt=\"\" width=\"150\" height=\"90\" \/><\/a><br \/>\nBarva: zelen\u00e1, recykl<\/p>\n<p style=\"text-align: left;\">Velikost: 248&#215;230<\/p>\n<p style=\"text-align: left;\">Vrstvy: 2<\/p>\n<p style=\"text-align: left;\">Po\u010det ks\/bal: 250<\/p>\n<p style=\"text-align: left;\">Po\u010det bal.\/karton: 15<\/p>\n<hr \/>\n<h3>ZZ TORK Premium 100278<\/h3>\n<p><a href=\"http:\/\/www.anatra.cz\/wp-content\/uploads\/Tork_100277.jpg\"><img decoding=\"async\" class=\"alignleft size-thumbnail wp-image-612\" title=\"Tork_100278\" src=\"http:\/\/www.anatra.cz\/wp-content\/uploads\/Tork_100277-150x135.jpg\" alt=\"\" width=\"120\" height=\"100\" \/><\/a><br \/>\nBarva: b\u00edl\u00e1, celul\u00f3za<\/p>\n<p style=\"text-align: left;\">Velikost: 230&#215;230<\/p>\n<p style=\"text-align: left;\">Vrstvy: 2<\/p>\n<p style=\"text-align: left;\">Po\u010det ks\/bal: 200<\/p>\n<p style=\"text-align: left;\">Po\u010det bal.\/karton: 15<\/p>\n<hr \/>\n<h3>ZZ KATRIN 100683 (d\u0159\u00edve 362101)<\/h3>\n<p><a href=\"http:\/\/www.anatra.cz\/wp-content\/uploads\/Katrin-36210.jpg\"><img decoding=\"async\" class=\"alignleft size-full wp-image-614\" title=\"Katrin 100683\" src=\"http:\/\/www.anatra.cz\/wp-content\/uploads\/Katrin-36210.jpg\" alt=\"\" width=\"120\" height=\"100\" \/><\/a><br \/>\nBarva: zelen\u00e1<\/p>\n<p style=\"text-align: left;\">Velikost: 232&#215;230<\/p>\n<p style=\"text-align: left;\">Vrstvy: 1<\/p>\n<p style=\"text-align: left;\">Po\u010det ks\/bal: 250<\/p>\n<p style=\"text-align: left;\">Po\u010det bal.\/karton: 20<\/p>\n<hr \/>\n<h3>ZZ KATRIN 362200<\/h3>\n<p><a href=\"http:\/\/www.anatra.cz\/wp-content\/uploads\/Katrin-36220.jpg\"><img decoding=\"async\" class=\"alignleft size-full wp-image-614\" title=\"Katrin 362200\" src=\"http:\/\/www.anatra.cz\/wp-content\/uploads\/Katrin-36220.jpg\" alt=\"\" width=\"120\" height=\"100\" \/><\/a><br \/>\nBarva: modr\u00e1<\/p>\n<p style=\"text-align: left;\">Velikost: 232&#215;230<\/p>\n<p style=\"text-align: left;\">Vrstvy: 1<\/p>\n<p style=\"text-align: left;\">Po\u010det ks\/bal: 250<\/p>\n<p style=\"text-align: left;\">Po\u010det bal.\/karton: 20<\/p>\n<hr \/>\n<h3>ZZ KATRIN 100669 (d\u0159\u00edve 362309)<\/h3>\n<p><a href=\"http:\/\/www.anatra.cz\/wp-content\/uploads\/Katrin-36230.jpg\"><img decoding=\"async\" class=\"alignleft size-full wp-image-614\" title=\"Katrin 100669\" src=\"http:\/\/www.anatra.cz\/wp-content\/uploads\/Katrin-36230.jpg\" alt=\"\" width=\"120\" height=\"100\" \/><\/a><br \/>\nBarva: natural<\/p>\n<p style=\"text-align: left;\">Velikost: 232&#215;230<\/p>\n<p style=\"text-align: left;\">Vrstvy: 1<\/p>\n<p style=\"text-align: left;\">Po\u010det ks\/bal: 250<\/p>\n<p style=\"text-align: left;\">Po\u010det bal.\/karton: 20<\/p>\n<hr \/>\n<h3>ZZ KATRIN 35298 (d\u0159\u00edve 100621)<\/h3>\n<p><a href=\"http:\/\/www.anatra.cz\/wp-content\/uploads\/35298_katrin_classic_hand_towel_zig_zag_2_handy_pack_maxi.png\"><img decoding=\"async\" class=\"alignleft size-medium wp-image-5453\" src=\"http:\/\/www.anatra.cz\/wp-content\/uploads\/35298_katrin_classic_hand_towel_zig_zag_2_handy_pack_maxi-222x300.png\" alt=\"\" width=\"111\" height=\"150\" srcset=\"https:\/\/anatra.cz\/wp-content\/uploads\/35298_katrin_classic_hand_towel_zig_zag_2_handy_pack_maxi-222x300.png 222w, https:\/\/anatra.cz\/wp-content\/uploads\/35298_katrin_classic_hand_towel_zig_zag_2_handy_pack_maxi-759x1024.png 759w, https:\/\/anatra.cz\/wp-content\/uploads\/35298_katrin_classic_hand_towel_zig_zag_2_handy_pack_maxi-768x1036.png 768w, https:\/\/anatra.cz\/wp-content\/uploads\/35298_katrin_classic_hand_towel_zig_zag_2_handy_pack_maxi-1139x1536.png 1139w, https:\/\/anatra.cz\/wp-content\/uploads\/35298_katrin_classic_hand_towel_zig_zag_2_handy_pack_maxi-1519x2048.png 1519w\" sizes=\"(max-width: 111px) 100vw, 111px\" \/><\/a><br \/>\nBarva: b\u011blen\u00fd recykl<\/p>\n<p style=\"text-align: left;\">Velikost: 224&#215;230<\/p>\n<p style=\"text-align: left;\">Vrstvy: 2<\/p>\n<p style=\"text-align: left;\">Po\u010det ks\/bal: 200<\/p>\n<p style=\"text-align: left;\">Po\u010det bal.\/karton: 20<\/p>\n<hr \/>\n<h3>ZZ KATRIN 35311 (d\u0159\u00edve 100645)<\/h3>\n<p><a href=\"http:\/\/www.anatra.cz\/wp-content\/uploads\/35311_katrin_plus_zig_zag_2_handy_pack.png\"><img decoding=\"async\" class=\"alignleft size-medium wp-image-5455\" src=\"http:\/\/www.anatra.cz\/wp-content\/uploads\/35311_katrin_plus_zig_zag_2_handy_pack-222x300.png\" alt=\"\" width=\"111\" height=\"150\" srcset=\"https:\/\/anatra.cz\/wp-content\/uploads\/35311_katrin_plus_zig_zag_2_handy_pack-222x300.png 222w, https:\/\/anatra.cz\/wp-content\/uploads\/35311_katrin_plus_zig_zag_2_handy_pack-759x1024.png 759w, https:\/\/anatra.cz\/wp-content\/uploads\/35311_katrin_plus_zig_zag_2_handy_pack-768x1036.png 768w, https:\/\/anatra.cz\/wp-content\/uploads\/35311_katrin_plus_zig_zag_2_handy_pack-1139x1536.png 1139w, https:\/\/anatra.cz\/wp-content\/uploads\/35311_katrin_plus_zig_zag_2_handy_pack-1519x2048.png 1519w\" sizes=\"(max-width: 111px) 100vw, 111px\" \/><\/a><br \/>\nBarva: b\u00edl\u00e1 celul\u00f3za<\/p>\n<p style=\"text-align: left;\">Velikost: 224&#215;230<\/p>\n<p style=\"text-align: left;\">Vrstvy: 2<\/p>\n<p style=\"text-align: left;\">Po\u010det ks\/bal: 200<\/p>\n<p style=\"text-align: left;\">Po\u010det bal.\/karton: 20<\/p>\n<hr \/>\n<h3>ZZ KATRIN 344020<\/h3>\n<p><a href=\"http:\/\/www.anatra.cz\/wp-content\/uploads\/344020.jpg\"><img decoding=\"async\" class=\"alignleft wp-image-4621 size-medium\" title=\"Katrin_344020\" src=\"http:\/\/www.anatra.cz\/wp-content\/uploads\/344020-300x300.jpg\" alt=\"\" width=\"150\" height=\"150\" srcset=\"https:\/\/anatra.cz\/wp-content\/uploads\/344020.jpg 300w, https:\/\/anatra.cz\/wp-content\/uploads\/344020-150x150.jpg 150w\" sizes=\"(max-width: 150px) 100vw, 150px\" \/><\/a><br \/>\nBarva: b\u00edl\u00e1 celul\u00f3za<\/p>\n<p style=\"text-align: left;\">Velikost: 206&#215;340<\/p>\n<p style=\"text-align: left;\">Vrstvy: 3<\/p>\n<p style=\"text-align: left;\">Po\u010det ks\/bal: 90<\/p>\n<p style=\"text-align: left;\">Po\u010det bal.\/karton: 21<\/p>\n<hr \/>\n","protected":false},"excerpt":{"rendered":"<p>ZZ \u0161ed\u00fd, zelen\u00fd, b\u00edl\u00fd &nbsp; Velikost: 250&#215;230 Vrstvy: 1 Po\u010det ks\/bal: 250 Po\u010det bal.\/karton: 20 ZZ b\u00edl\u00e9, 100% celul\u00f3za Velikost: 210&#215;240 Velikost: 230&#215;250 Vrstvy: 2 Po\u010det ks\/bal: 150 Po\u010det bal.\/karton: 20 ZZ BULKYSOFT 83454, celul\u00f3za &nbsp; Velikost: 205&#215;240 Vrstvy: 2 Po\u010det ks\/bal: 150 Po\u010det bal.\/karton: 25 ZZ TORK Universal 290135 Barva: zelen\u00e1, recykl Velikost: 248&#215;230 <a href=\"https:\/\/anatra.cz\/?page_id=12\" rel=\"nofollow\"><span class=\"sr-only\">P\u0159e\u010d\u00edst si v\u00edc oSkl\u00e1dan\u00e9<\/span>[&#8230;]<\/a><\/p>\n","protected":false},"author":1,"featured_media":0,"parent":2,"menu_order":0,"comment_status":"closed","ping_status":"closed","template":"","meta":{"footnotes":""},"class_list":["post-12","page","type-page","status-publish","hentry"],"_links":{"self":[{"href":"https:\/\/anatra.cz\/index.php?rest_route=\/wp\/v2\/pages\/12","targetHints":{"allow":["GET"]}}],"collection":[{"href":"https:\/\/anatra.cz\/index.php?rest_route=\/wp\/v2\/pages"}],"about":[{"href":"https:\/\/anatra.cz\/index.php?rest_route=\/wp\/v2\/types\/page"}],"author":[{"embeddable":true,"href":"https:\/\/anatra.cz\/index.php?rest_route=\/wp\/v2\/users\/1"}],"replies":[{"embeddable":true,"href":"https:\/\/anatra.cz\/index.php?rest_route=%2Fwp%2Fv2%2Fcomments&post=12"}],"version-history":[{"count":85,"href":"https:\/\/anatra.cz\/index.php?rest_route=\/wp\/v2\/pages\/12\/revisions"}],"predecessor-version":[{"id":5460,"href":"https:\/\/anatra.cz\/index.php?rest_route=\/wp\/v2\/pages\/12\/revisions\/5460"}],"up":[{"embeddable":true,"href":"https:\/\/anatra.cz\/index.php?rest_route=\/wp\/v2\/pages\/2"}],"wp:attachment":[{"href":"https:\/\/anatra.cz\/index.php?rest_route=%2Fwp%2Fv2%2Fmedia&parent=12"}],"curies":[{"name":"wp","href":"https:\/\/api.w.org\/{rel}","templated":true}]}}